{"id":11598,"date":"2019-05-15T19:45:37","date_gmt":"2019-05-15T19:45:37","guid":{"rendered":"http:\/\/olividros.com.br\/box-para-banheiros\/?page_id=11598"},"modified":"2024-02-05T22:44:34","modified_gmt":"2024-02-05T22:44:34","slug":"mola-hidraulica-de-piso-dorma","status":"publish","type":"page","link":"https:\/\/olividros.com.br\/box-para-banheiros\/mola-hidraulica-de-piso-dorma\/","title":{"rendered":"MOLA HIDR\u00c1ULICA DE PISO DORMA"},"content":{"rendered":"[vc_row][vc_column width=&#8221;1\/1&#8243;][vc_single_image image=&#8221;11600&#8243; alignment=&#8221;center&#8221; border_color=&#8221;grey&#8221; img_link_large=&#8221;&#8221; img_link_target=&#8221;_blank&#8221; img_size=&#8221;1200&#215;200&#8243; link=&#8221;http:\/\/www.olividros.com.br&#8221;][vc_empty_space height=&#8221;30px&#8221;][vc_column_text]\n<h1 style=\"text-align: center;\"><span style=\"color: #0094e0;\"><em><strong>MOLA HIDR\u00c1ULICA DE PISO DORMA<\/strong><\/em><\/span><\/h1>\n[\/vc_column_text][vc_empty_space height=&#8221;20px&#8221;][vc_column_text]\n<h2>MOLA HIDR\u00c1ULICA DE PISO DORMA<\/h2>\n<p>As MOLAS HIDR\u00c1ULICA do grupo DORMABA\u00a0 \u00e9 considerada uma das mais importantes marcas no segmento de mola de piso ou a\u00e9rea do mundo, fruto da jun\u00e7\u00e3o de duas marcas tradicionais a Dorma e Kaba, ambas reconhecidas nas \u00e1reas de solu\u00e7\u00f5es de acesso inteligentes e seguras. Durabilidade e confian\u00e7a s\u00e3o alguns dos pilares da DORMAKABA.<\/p>\n<h2>MOLA DE PISO DORMA BTS 75 V<\/h2>\n<p>A DORMA BTS 75 V \u00e9 uma mola de piso altamente adapt\u00e1vel adequada para todas as portas padr\u00e3o de a\u00e7\u00e3o simples e dupla com largura de at\u00e9 1100 mm, com sua for\u00e7a de fechamento individualmente regulada por meio de um parafuso de ajuste.<\/p>\n<p>Fabrica\u00e7\u00e3o certificada pela ISO 9001.<\/p>\n<ul>\n<li>Para portas de a\u00e7\u00e3o simples e dupla<\/li>\n<li>Alcance universal de aplica\u00e7\u00e3o<\/li>\n<li>Instala\u00e7\u00e3o embutida<\/li>\n<li>M\u00e1xima facilidade de uso<\/li>\n<\/ul>\n<p>&nbsp;<\/p>\n<h2>Detalhes do produto<\/h2>\n<p><strong>Alcance universal de aplica\u00e7\u00e3o<\/strong><\/p>\n<p>Seja para modelos padr\u00e3o, estreitas ou largas, de a\u00e7\u00e3o simples ou dupla \u2013 a mola de piso <a title=\"MOLA HIDR\u00c1ULICA DE PISO DORMA\" href=\"https:\/\/www.dormakaba.com\/br-pt\/solu%C3%A7%C3%B5es\/produtos\/ferragens-para-portas\/molas-hidr%C3%A1ulicas\/bts-75-v-282330\" target=\"_blank\">DORMA BTS 75 V<\/a> \u00e9 projetada para todos os tipos de portas. Um programa abrangente de acess\u00f3rios garante que ela seja usada com sucesso em uma grande variedade de constru\u00e7\u00f5es de portas.<\/p>\n<p><strong>Confiabilidade e qualidade m\u00e1ximas<\/strong><\/p>\n<p>Devido \u00e0 ampla variedade de fun\u00e7\u00f5es, que podem ser selecionadas de forma individual para satisfazer a necessidades diferentes, as molas de piso DORMA BTS 75 V oferecem m\u00e1xima confiabilidade e qualidade.<\/p>\n<p><strong>Benef\u00edcios para o revendedor\/distribuidor<\/strong><\/p>\n<ul>\n<li>Requisitos reduzidos de estocagem devido aos eixos intercambi\u00e1veis e pot\u00eancia regul\u00e1vel<\/li>\n<li>Variedade simplificada de produtos que oferece todas as fun\u00e7\u00f5es essenciais<\/li>\n<\/ul>\n<p><strong>Benef\u00edcios para o instalador\/fabricante<\/strong><\/p>\n<ul>\n<li>Adequadas para instala\u00e7\u00e3o em portas de a\u00e7\u00e3o simples ou dupla LH ou RH<\/li>\n<li>Eixos intercambi\u00e1veis capazes de se adaptarem facilmente \u00e0s condi\u00e7\u00f5es estruturais \u2013 mesmo quando adaptados<\/li>\n<\/ul>\n<p><strong>Benef\u00edcios para o arquiteto\/especificador<\/strong><\/p>\n<ul>\n<li>Instala\u00e7\u00e3o embutida para m\u00e1xima eleg\u00e2ncia visual<\/li>\n<li>Apresenta todas as fun\u00e7\u00f5es essenciais<\/li>\n<li>Design robusto, comprovado<\/li>\n<\/ul>\n<p><strong>Benef\u00edcios para o usu\u00e1rio<\/strong><\/p>\n<ul>\n<li>Curso de fechamento constante e praticamente insens\u00edvel a varia\u00e7\u00f5es de temperatura.<\/li>\n<li>Mecanismo altamente eficiente garante m\u00e1xima conveni\u00eancia ao usu\u00e1rio<\/li>\n<\/ul>\n<p>&nbsp;<\/p>\n<h2>MOLA DE PISO DORMA BTS 84<\/h2>\n<p>A BTS 84 \u00e9 uma mola de piso de dupla a\u00e7\u00e3o que foi especialmente desenvolvida para as ind\u00fastrias de alum\u00ednio e vidro temperado. A BTS 84 possui muitos dos recursos de outras molas <a href=\"https:\/\/www.dormakaba.com\/br-pt\/solu%C3%A7%C3%B5es\/produtos\/ferragens-para-portas\/molas-hidr%C3%A1ulicas\/bts-75-v-282330\" target=\"_blank\">DORMA BTS<\/a>, al\u00e9m da profundidade reduzida e uma grande variedade de acess\u00f3rios projetados para fabricantes de portas de alum\u00ednio e portas de vidro temperado.<\/p>\n<p>Fabrica\u00e7\u00e3o certificada pela ISO 9001.<\/p>\n<ul>\n<li>Embutida<\/li>\n<li>Design compacto<\/li>\n<li>F\u00e1cil instala\u00e7\u00e3o<\/li>\n<li>Trava de parada a 90\u00ba<\/li>\n<\/ul>\n<h2>Detalhes do produto<\/h2>\n<p><strong>Para portas de dupla a\u00e7\u00e3o<\/strong><\/p>\n<p>Especialmente projetada para padr\u00f5es de movimento de portas de dupla a\u00e7\u00e3o, a DORMA BTS 84 pode ser facilmente adaptada \u00e0 necessidades individuais. Oferece a vantagem de uma profundidade de instala\u00e7\u00e3o reduzida de apenas 40 mm.<\/p>\n<p><strong>Mola de embutir no batente RTS<\/strong><\/p>\n<p><strong>A mola hidr\u00e1ulica Dorma RTS<\/strong>\u00a0oferece \u00e0 ind\u00fastria de acess\u00f3rios e para o com\u00e9rcio a op\u00e7\u00e3o de uma mola de piso com a qualidade DORMA, projetada para objetivos espec\u00edficos.<\/p>\n<p><strong>Benef\u00edcios para o revendedor\/distribuidor<\/strong><\/p>\n<ul>\n<li>Excelente custo benef\u00edcio<\/li>\n<li>Dispon\u00edvel com v\u00e1rias pot\u00eancias de mola para satisfazer necessidades espec\u00edficas<\/li>\n<\/ul>\n<p><strong>Benef\u00edcios para o instalador\/fabricante<\/strong><\/p>\n<ul>\n<li>F\u00e1cil instala\u00e7\u00e3o devido ao design compacto<\/li>\n<li>F\u00e1cil adapta\u00e7\u00e3o \u00e0s necessidades individuais com controle de duas v\u00e1lvulas: de 130\u00b0 a 0\u00b0 e 130\u00b0 a 20\u00b0<\/li>\n<li>Eixos intercambi\u00e1veis dispon\u00edveis para adapta\u00e7\u00e3o \u00e0s condi\u00e7\u00f5es do local<\/li>\n<\/ul>\n<p><strong>Benef\u00edcios para o arquiteto\/especificador<\/strong><\/p>\n<ul>\n<li>Embutida para instala\u00e7\u00e3o quase invis\u00edvel<\/li>\n<li>Dimens\u00f5es m\u00ednimas de rebaixamento do piso<\/li>\n<li>Elevada resist\u00eancia para portas com peso de at\u00e9 100 kg<\/li>\n<\/ul>\n<p><strong>Benef\u00edcios para o usu\u00e1rio<\/strong><\/p>\n<ul>\n<li>Temperatura constante, opera\u00e7\u00e3o suave<\/li>\n<li>Alta efici\u00eancia mec\u00e2nica para f\u00e1cil abertura da porta<\/li>\n<li>Trava de parada a 90\u00ba<\/li>\n<\/ul>\n[\/vc_column_text][vc_empty_space height=&#8221;10px&#8221;][vc_row_inner][vc_column_inner width=&#8221;1\/4&#8243;][vc_column_text]\n<ul>\n<li>\n<ul>\n<li>Molas Dorma<b>\u2713<\/b><\/li>\n<li>Molas Dorma para porta\u00a0<b>\u2713<\/b><\/li>\n<li><b>Molas Dorma BTS 75 V\u2713<\/b><\/li>\n<li>Molas Dorma BTS 75 V pre\u00e7o\u2713<\/li>\n<li>Molas Dorma BTS 75 V manuten\u00e7\u00e3o\u2713<\/li>\n<\/ul>\n<\/li>\n<\/ul>\n[\/vc_column_text][\/vc_column_inner][vc_column_inner width=&#8221;1\/4&#8243;][vc_column_text]\n<ul>\n<li>Mola Dorma pre\u00e7o<b>\u2713<\/b><\/li>\n<li>Molas Dorma para porta de vidro\u00a0<b>\u2713<\/b><\/li>\n<li><b>Molas Dorma BTS 65 V\u2713<\/b><\/li>\n<li>Molas Dorma BTS 65 V pre\u00e7o\u2713<\/li>\n<li>Molas Dorma BTS 65 V manuten\u00e7\u00e3o\u2713<\/li>\n<\/ul>\n[\/vc_column_text][\/vc_column_inner][vc_column_inner width=&#8221;1\/4&#8243;][vc_column_text]\n<ul>\n<li>Pre\u00e7o de molas Dormakaba<b>\u2713<\/b><\/li>\n<li>Molas Dorma de piso\u00a0<b>\u2713<\/b><\/li>\n<li><b>Molas Dorma BTS 84 V\u2713<\/b><\/li>\n<li>Molas Dorma BTS 84 V pre\u00e7o\u2713<\/li>\n<li>Molas Dorma BTS 84 V flex\u2713<\/li>\n<\/ul>\n[\/vc_column_text][\/vc_column_inner][vc_column_inner width=&#8221;1\/4&#8243;][vc_column_text]\n<ul>\n<li>Molas Dorma antiga<b>\u2713<\/b><\/li>\n<li>Molas Dorma vidro temperado\u00a0<b>\u2713<\/b><\/li>\n<li><b>Molas Dorma 60 V\u2713<\/b><\/li>\n<li>Molas Dorma BTS 60 V pre\u00e7o\u2713<\/li>\n<li>Mola Dorma porta 10 mm\u2713<\/li>\n<\/ul>\n[\/vc_column_text][\/vc_column_inner][\/vc_row_inner][vc_empty_space height=&#8221;20px&#8221;][vc_gallery type=&#8221;image_grid&#8221; interval=&#8221;3&#8243; images=&#8221;11606,11607,11608,11610,11611,11612,11613,11614&#8243; onclick=&#8221;link_image&#8221; custom_links_target=&#8221;_self&#8221; column_number=&#8221;3&#8243; img_size=&#8221;300&#215;300&#8243;][vc_empty_space height=&#8221;10px&#8221;][vc_row_inner][vc_column_inner width=&#8221;1\/4&#8243;][vc_video title=&#8221;MOLA DORMA BTS 75 V&#8221; link=&#8221;https:\/\/www.youtube.com\/watch?v=Rx4mPQ0ILQU&#8221;][vc_empty_space height=&#8221;20px&#8221;][\/vc_column_inner][vc_column_inner width=&#8221;1\/4&#8243;][vc_video title=&#8221;MOLA DORMA FUNCIONAMENTO&#8221; link=&#8221;https:\/\/www.youtube.com\/watch?v=8Kw_AvmBOhM&#8221;][vc_empty_space height=&#8221;20px&#8221;][\/vc_column_inner][vc_column_inner width=&#8221;1\/4&#8243;][vc_video title=&#8221;MOLA DORMA REGULAGEM&#8221; link=&#8221;https:\/\/www.youtube.com\/watch?v=tEn8U1l7p8U&#8221;][vc_empty_space height=&#8221;20px&#8221;][\/vc_column_inner][vc_column_inner width=&#8221;1\/4&#8243;][vc_video title=&#8221;DEFEITO MOLA DORMA&#8221; link=&#8221;https:\/\/www.youtube.com\/watch?v=_Jz3RtAyN8s&#8221;][vc_empty_space height=&#8221;20px&#8221;][\/vc_column_inner][\/vc_row_inner][vc_row_inner][vc_column_inner width=&#8221;1\/2&#8243;][vc_single_image image=&#8221;11121&#8243; alignment=&#8221;center&#8221; border_color=&#8221;grey&#8221; img_link_large=&#8221;&#8221; img_link_target=&#8221;_blank&#8221; link=&#8221;https:\/\/api.whatsapp.com\/send?phone=5521986074647&amp;text=Orcamento%20Vidracaria!&#8221; img_size=&#8221;1200&#215;200&#8243;][\/vc_column_inner][vc_column_inner width=&#8221;1\/2&#8243;][vc_column_text]\n<h1><a href=\"https:\/\/api.whatsapp.com\/send?phone=5521995505345&amp;text=Orcamento%20Mola!\" target=\"_blank\"><strong>Agilize o seu atendimento\u00a0 \u00a0 \u00a0 \u00a0 \u00a0<span class=\"color_11\"><img decoding=\"async\" loading=\"lazy\" class=\" alignnone\" src=\"https:\/\/static.wixstatic.com\/media\/851e20_66e0591e9e2a4e1790e05bf4949eeb37.png\/v1\/fill\/w_38,h_39,al_c,usm_0.66_1.00_0.01\/851e20_66e0591e9e2a4e1790e05bf4949eeb37.png\" alt=\"\" width=\"52\" height=\"53\" \/>|21| 99550-5345<\/span><\/strong><\/a><\/h1>\n[\/vc_column_text][vc_single_image image=&#8221;12045&#8243; alignment=&#8221;center&#8221; border_color=&#8221;grey&#8221; img_link_large=&#8221;&#8221; img_link_target=&#8221;_blank&#8221; img_size=&#8221;1200&#215;200&#8243; link=&#8221;https:\/\/api.whatsapp.com\/send?phone=5521995505345&amp;text=Orcamento%20Mola!&#8221; title=&#8221;FALE COM UM ESPECIALISTA&#8221;][\/vc_column_inner][\/vc_row_inner][vc_empty_space height=&#8221;20px&#8221;][vc_row_inner][vc_column_inner width=&#8221;1\/4&#8243;][vc_column_text]\n<h2>Solicite um\u00a0Or\u00e7amento<\/h2>\n[\/vc_column_text][vc_single_image image=&#8221;10351&#8243; border_color=&#8221;grey&#8221; img_link_large=&#8221;&#8221; img_link_target=&#8221;_self&#8221;][vc_empty_space height=&#8221;20px&#8221;][\/vc_column_inner][vc_column_inner width=&#8221;3\/4&#8243;][vc_column_text]\n<h3>Preencha o formul\u00e1rio e logo retornaremos:<\/h3>\n[\/vc_column_text]<div role=\"form\" class=\"wpcf7\" id=\"wpcf7-f8637-o1\" lang=\"pt-BR\" dir=\"ltr\">\n<div class=\"screen-reader-response\"><\/div>\n<form action=\"\/box-para-banheiros\/wp-json\/wp\/v2\/pages\/11598#wpcf7-f8637-o1\" method=\"post\" class=\"wpcf7-form\" novalidate=\"novalidate\">\n<div style=\"display: none;\">\n<input type=\"hidden\" name=\"_wpcf7\" value=\"8637\" \/>\n<input type=\"hidden\" name=\"_wpcf7_version\" value=\"4.2.2\" \/>\n<input type=\"hidden\" name=\"_wpcf7_locale\" value=\"pt_BR\" \/>\n<input type=\"hidden\" name=\"_wpcf7_unit_tag\" value=\"wpcf7-f8637-o1\" \/>\n<input type=\"hidden\" name=\"_wpnonce\" value=\"95ef52f006\" \/>\n<\/div>\n<div class=\"contact_form\">\n<div class=\"two_columns_50_50 clearfix\">\n<div class=\"column1\">\n<div class=\"column_inner\">Nome:\n<p><span class=\"wpcf7-form-control-wrap your-name\"><input type=\"text\" name=\"your-name\" value=\"\" size=\"40\" class=\"wpcf7-form-control wpcf7-text wpcf7-validates-as-required\" aria-required=\"true\" aria-invalid=\"false\" \/><\/span><\/p><\/div>\n<\/div>\n<div class=\"column2\">\n<div class=\"column_inner\">Telefone:\n<p><span class=\"wpcf7-form-control-wrap your-telefone\"><input type=\"text\" name=\"your-telefone\" value=\"\" size=\"40\" class=\"wpcf7-form-control wpcf7-text wpcf7-validates-as-required\" aria-required=\"true\" aria-invalid=\"false\" \/><\/span><\/p><\/div>\n<\/div>\n<\/div>\n<div class=\"two_columns_50_50 clearfix\">Email:\n<p><span class=\"wpcf7-form-control-wrap your-email\"><input type=\"text\" name=\"your-email\" value=\"\" size=\"40\" class=\"wpcf7-form-control wpcf7-text wpcf7-validates-as-required\" aria-required=\"true\" aria-invalid=\"false\" \/><\/span><\/p><\/div>\n<p>Mensagem:<\/p>\n<p><span class=\"wpcf7-form-control-wrap your-message\"><textarea name=\"your-message\" cols=\"40\" rows=\"10\" class=\"wpcf7-form-control wpcf7-textarea wpcf7-validates-as-required\" aria-required=\"true\" aria-invalid=\"false\"><\/textarea><\/span><\/p>\n<p><input type=\"submit\" value=\"Enviar\" class=\"wpcf7-form-control wpcf7-submit qbutton\" \/><\/p>\n<\/div>\n<p style=\"display: none !important;\" class=\"akismet-fields-container\" data-prefix=\"_wpcf7_ak_\"><label>&#916;<textarea name=\"_wpcf7_ak_hp_textarea\" cols=\"45\" rows=\"8\" maxlength=\"100\"><\/textarea><\/label><input type=\"hidden\" id=\"ak_js_1\" name=\"_wpcf7_ak_js\" value=\"159\"\/><script>document.getElementById( \"ak_js_1\" ).setAttribute( \"value\", ( new Date() ).getTime() );<\/script><\/p><div class=\"wpcf7-response-output wpcf7-display-none\"><\/div><\/form><\/div>[\/vc_column_inner][\/vc_row_inner][vc_row_inner][vc_column_inner width=&#8221;1\/1&#8243;][vc_column_text]\n<h1 style=\"text-align: center;\"><a title=\"OR\u00c7AMENTO\" href=\"http:\/\/olividros.com.br\/box-para-banheiros\/orcamento\/\" target=\"_blank\"><span style=\"color: #0094e0;\"><em><strong>\u00c1REAS DE ATENDIMENTO<\/strong><\/em><\/span><\/a><\/h1>\n[\/vc_column_text][\/vc_column_inner][\/vc_row_inner][vc_empty_space height=&#8221;20px&#8221;][vc_row_inner][vc_column_inner width=&#8221;1\/4&#8243;][vc_column_text]\n<ul>\n<li><strong>Zona Sul:<\/strong>\u00a0<strong>Botafogo<\/strong>, Humait\u00e1, Arpoador,\u00a0<strong>Catete<\/strong>,\u00a0Cosme Velho,\u00a0<strong>Copacabana<\/strong>,\u00a0<strong>Flamengo<\/strong>, G\u00e1vea, Gl\u00f3ria, Ipanema, Jardim Bot\u00e2nico, Lagoa,<strong>\u00a0Laranjeiras<\/strong>, Largo do Machado,\u00a0<strong>Leblon<\/strong>, Leme, S\u00e3o Conrado, Urca.<\/li>\n<\/ul>\n[\/vc_column_text][vc_empty_space height=&#8221;10px&#8221;][vc_column_text]\n<ul>\n<li><strong>Baixada Fluminense<\/strong>:\u00a0S\u00e3o Jo\u00e3o de Meriti, Belford Roxo, Ricardo de Albuquerque, Queimados, Nova Igua\u00e7u,<strong>\u00a0Nil\u00f3polis<\/strong>, Mesquita, Juscelino, Pavuna, Eden, Vilar dos Teles.<\/li>\n<\/ul>\n[\/vc_column_text][\/vc_column_inner][vc_column_inner width=&#8221;1\/2&#8243;][vc_column_text]\n<ul>\n<li><strong>Zona Norte:<\/strong>\u00a0Aboli\u00e7\u00e3o, \u00c1gua Santa, Alto da Boa Vista, Andara\u00ed, Anchieta, Barros Filho, Benfica, Br\u00e1s de Pina, Bento Ribeiro, Bonsucesso,\u00a0<strong>Cachambi<\/strong>,\u00a0Caj\u00fa, Campo Grande, Cascadura, Cavalcante, Col\u00e9gio, Costa Barros, Coelho Neto, Coelho da Rocha, Cordovil, Del Castilho, Encantado, Engenheiro Leal, Engenho da Rainha,\u00a0<strong>Engenho de Dentro<\/strong>, Engenho Novo, Ilha do\u00a0Fund\u00e3o, Jardim Am\u00e9rica, Lins de Vasconcelos, Guadalupe, Graja\u00fa, Higien\u00f3polis,\u00a0Hon\u00f3rio Gurgel,\u00a0<strong>Ilha do Governador,<\/strong>\u00a0<strong>Inha\u00fama<\/strong>,\u00a0<strong>Iraj\u00e1<\/strong>, Madureira, Quintino, Maracan\u00e3, Maria da Gra\u00e7a, Marechal Hermes,\u00a0<strong>M\u00e9ier<\/strong>, Olaria, Oswaldo Cruz, Padre Miguel, Pavuna, Penha, Piedade, Pilares, Ramos, Realengo, Rocha, Rocha Miranda, Riachuelo, Ricardo de Albuquerque, Sampaio, S\u00e3o Francisco Xavier, S\u00e3o Cristov\u00e3o,\u00a0<strong>Tijuca<\/strong>, Todos os Santos, Tom\u00e1s Coelho, Turia\u00e7\u00fa, Vaz Lobo, Vista Alegre, Vicente de Carvalho, Vig\u00e1rio Geral,\u00a0<strong>Vila da Penha<\/strong>,\u00a0<strong>Vila Isabel<\/strong>,\u00a0Campinhos<\/li>\n<\/ul>\n[\/vc_column_text][vc_empty_space height=&#8221;20px&#8221;][\/vc_column_inner][vc_column_inner width=&#8221;1\/4&#8243;][vc_column_text]\n<ul>\n<li><strong>Zona Oeste:<\/strong>\u00a0Anil, Bangu,\u00a0<strong>Barra da Tijuca<\/strong>, Freguesia,\u00a0<strong>Jacarepagu\u00e1<\/strong>, Pechincha,\u00a0<strong>Recreio<\/strong>, Sulacap, Tanque,<strong>\u00a0Taquara<\/strong>, Vargem Grande, Vargem Pequena, Vila Valqueire, Cidade de Deus, Pra\u00e7a Seca.<\/li>\n<\/ul>\n[\/vc_column_text][vc_empty_space height=&#8221;10px&#8221;][vc_column_text]\n<ul>\n<li><strong>Centro:<\/strong>\u00a0Centro,\u00a0<strong>Santa Teresa<\/strong>, Santo Cristo,\u00a0<strong>Rio Comprido<\/strong>, Est\u00e1cio, Catumbi, Riachuelo, Pra\u00e7a da Bandeira.<\/li>\n<\/ul>\n[\/vc_column_text][\/vc_column_inner][\/vc_row_inner][\/vc_column][\/vc_row]\n","protected":false},"excerpt":{"rendered":"<p>[vc_row][vc_column width=&#8221;1\/1&#8243;][vc_single_image image=&#8221;11600&#8243; alignment=&#8221;center&#8221; border_color=&#8221;grey&#8221; img_link_large=&#8221;&#8221; img_link_target=&#8221;_blank&#8221; img_size=&#8221;1200&#215;200&#8243; link=&#8221;http:\/\/www.olividros.com.br&#8221;][vc_empty_space height=&#8221;30px&#8221;][vc_column_text] MOLA HIDR\u00c1ULICA DE PISO DORMA [\/vc_column_text][vc_empty_space height=&#8221;20px&#8221;][vc_column_text] MOLA HIDR\u00c1ULICA DE PISO DORMA As MOLAS HIDR\u00c1ULICA do grupo DORMABA\u00a0 \u00e9 considerada uma das mais importantes marcas no segmento de mola de piso ou a\u00e9rea do mundo,&#8230;<\/p>\n","protected":false},"author":5,"featured_media":0,"parent":0,"menu_order":0,"comment_status":"closed","ping_status":"closed","template":"","meta":[],"_links":{"self":[{"href":"https:\/\/olividros.com.br\/box-para-banheiros\/wp-json\/wp\/v2\/pages\/11598"}],"collection":[{"href":"https:\/\/olividros.com.br\/box-para-banheiros\/wp-json\/wp\/v2\/pages"}],"about":[{"href":"https:\/\/olividros.com.br\/box-para-banheiros\/wp-json\/wp\/v2\/types\/page"}],"author":[{"embeddable":true,"href":"https:\/\/olividros.com.br\/box-para-banheiros\/wp-json\/wp\/v2\/users\/5"}],"replies":[{"embeddable":true,"href":"https:\/\/olividros.com.br\/box-para-banheiros\/wp-json\/wp\/v2\/comments?post=11598"}],"version-history":[{"count":19,"href":"https:\/\/olividros.com.br\/box-para-banheiros\/wp-json\/wp\/v2\/pages\/11598\/revisions"}],"predecessor-version":[{"id":12079,"href":"https:\/\/olividros.com.br\/box-para-banheiros\/wp-json\/wp\/v2\/pages\/11598\/revisions\/12079"}],"wp:attachment":[{"href":"https:\/\/olividros.com.br\/box-para-banheiros\/wp-json\/wp\/v2\/media?parent=11598"}],"curies":[{"name":"wp","href":"https:\/\/api.w.org\/{rel}","templated":true}]}}