{"id":9794,"date":"2016-11-03T18:18:25","date_gmt":"2016-11-03T18:18:25","guid":{"rendered":"http:\/\/olividros.com.br\/box-para-banheiros\/?page_id=9794"},"modified":"2024-02-05T22:55:03","modified_gmt":"2024-02-05T22:55:03","slug":"portas","status":"publish","type":"page","link":"http:\/\/olividros.com.br\/box-para-banheiros\/portas\/","title":{"rendered":"PORTAS DE VIDRO TEMPERADO"},"content":{"rendered":"[vc_row][vc_column width=&#8221;1\/1&#8243;][vc_empty_space height=&#8221;30px&#8221;][vc_column_text]\n<h1 style=\"text-align: center;\"><span style=\"color: #0094e0;\"><em><strong>PORTAS DE VIDRO TEMPERADO<\/strong><\/em><\/span><\/h1>\n[\/vc_column_text][vc_empty_space height=&#8221;20px&#8221;][vc_column_text]<b><span style=\"text-decoration: underline;\">PORTAS DE VIDRO TEMPERADO<\/span><\/b>\u00a0=<b>\u00a0<\/b>Para voc\u00ea que procura porta de vidro temperado a Olividros te oferece v\u00e1rias op\u00e7\u00f5es com eleg\u00e2ncia e leveza para enriquecer ainda mais seu ambiente com qualidade, pre\u00e7o e garantia do servi\u00e7o. As PORTAS\u00a0DE VIDRO TEMPERADO tanto com espessura de 8 ou 10 mm<b>\u00a0<\/b>podem ser de correr ou pivotante (com dobradi\u00e7as) e suas dimens\u00f5es respeitam os limites de fabrica\u00e7\u00e3o das ferragens, com muita tecnologia e praticidade.<\/p>\n<p>Vidros nas cores Incolor, Fum\u00ea, Verde, Bronze, Azul, Quadrato, Jateadas, Serigrafadas, Pontilhado e muito mais. As ferragens e perfis embelezam ainda mais nas cores branco, natural fosco, bronze e preto.[\/vc_column_text][vc_row_inner][vc_column_inner width=&#8221;1\/3&#8243;][vc_column_text]\n<ul>\n<li style=\"text-align: justify;\">Portas de vidro temperado\u2713<\/li>\n<li style=\"text-align: justify;\"><i class=\"fa fa-angle-double-right\"><\/i>Porta de vidro blindex\u2713<\/li>\n<li style=\"text-align: justify;\"><i class=\"fa fa-angle-double-right\"><\/i>Portas de vidro temperado RJ\u2713<\/li>\n<li style=\"text-align: justify;\"><i class=\"fa fa-angle-double-right\"><\/i>Portas de Blindex\u2713<\/li>\n<li style=\"text-align: justify;\"><i class=\"fa fa-angle-double-right\"><\/i>Portas de vidro com mola\u2713<\/li>\n<li style=\"text-align: justify;\"><i class=\"fa fa-angle-double-right\"><\/i>Portas de vidro para quarto\u2713<\/li>\n<li style=\"text-align: justify;\"><i class=\"fa fa-angle-double-right\"><\/i>Portas de vidro de sala\u2713<\/li>\n<\/ul>\n[\/vc_column_text][\/vc_column_inner][vc_column_inner width=&#8221;1\/3&#8243;][vc_column_text]\n<ul>\n<li style=\"text-align: justify;\">Portas de vidro temperado serigrafada\u2713<\/li>\n<li style=\"text-align: justify;\"><i class=\"fa fa-angle-double-right\"><\/i>Porta de vidro blindex pre\u00e7o\u2713<\/li>\n<li style=\"text-align: justify;\"><i class=\"fa fa-angle-double-right\"><\/i>Portas de vidro temperado para cozinha\u2713<\/li>\n<li style=\"text-align: justify;\"><i class=\"fa fa-angle-double-right\"><\/i>Portas de Blindex jateada\u2713<\/li>\n<li style=\"text-align: justify;\"><i class=\"fa fa-angle-double-right\"><\/i>Portas de vidro com mola hidr\u00e1ulica\u2713<\/li>\n<li style=\"text-align: justify;\"><i class=\"fa fa-angle-double-right\"><\/i>Portas de vidro para cozinha\u2713<\/li>\n<li style=\"text-align: justify;\"><i class=\"fa fa-angle-double-right\"><\/i>Pre\u00e7o de portas de vidro blindex\u2713<\/li>\n<\/ul>\n[\/vc_column_text][\/vc_column_inner][vc_column_inner width=&#8221;1\/3&#8243;][vc_column_text]\n<ul>\n<li style=\"text-align: justify;\">Portas de correr de vidro\u2713<\/li>\n<li style=\"text-align: justify;\"><i class=\"fa fa-angle-double-right\"><\/i>Pre\u00e7o de porta de vidro\u2713<\/li>\n<li style=\"text-align: justify;\"><i class=\"fa fa-angle-double-right\"><\/i>Portas de vidro para cozinha\u2713<\/li>\n<li style=\"text-align: justify;\"><i class=\"fa fa-angle-double-right\"><\/i>Portas jateadas de vidro\u2713<\/li>\n<li style=\"text-align: justify;\"><i class=\"fa fa-angle-double-right\"><\/i>Porta pivotante de vidro\u2713<\/li>\n<li style=\"text-align: justify;\"><i class=\"fa fa-angle-double-right\"><\/i>Porta para \u00e1rea de servi\u00e7o de vidro\u2713<\/li>\n<li style=\"text-align: justify;\"><i class=\"fa fa-angle-double-right\"><\/i>Pre\u00e7o de portas New Temper\u2713<\/li>\n<\/ul>\n[\/vc_column_text][\/vc_column_inner][\/vc_row_inner][vc_empty_space height=&#8221;20px&#8221;][vc_gallery type=&#8221;image_grid&#8221; interval=&#8221;3&#8243; images=&#8221;9699,11031,11032,11039,11040,11045,11047,11048,11049,11076,11077,11079,11038,11080&#8243; onclick=&#8221;link_image&#8221; custom_links_target=&#8221;_self&#8221; column_number=&#8221;4&#8243; img_size=&#8221;full&#8221;][vc_empty_space height=&#8221;20px&#8221;][vc_row_inner][vc_column_inner width=&#8221;1\/3&#8243;][vc_video title=&#8221;PORTAS DE VIDRO SERIGRAFADO&#8221; link=&#8221;https:\/\/www.youtube.com\/watch?v=_dUX96rdgjw&#8221;][vc_empty_space height=&#8221;20px&#8221;][\/vc_column_inner][vc_column_inner width=&#8221;1\/3&#8243;][vc_video title=&#8221;MODELOS DE PORTAS DE VIDRO TEMPERADO&#8221; link=&#8221;https:\/\/www.youtube.com\/watch?v=3lEjLjgJZOQ&#8221;][vc_empty_space height=&#8221;20px&#8221;][\/vc_column_inner][vc_column_inner width=&#8221;1\/3&#8243;][vc_video title=&#8221;PORTA COM 6 FOLHAS E 04 DE CORRER&#8221; link=&#8221;https:\/\/www.youtube.com\/watch?v=NfKtWuuvyIM&#8221;][vc_empty_space height=&#8221;20px&#8221;][\/vc_column_inner][\/vc_row_inner][vc_row_inner][vc_column_inner width=&#8221;1\/2&#8243;][vc_column_text]\n<h2>Solicite um\u00a0Or\u00e7amento<\/h2>\n[\/vc_column_text][vc_single_image image=&#8221;10351&#8243; border_color=&#8221;grey&#8221; img_link_large=&#8221;&#8221; img_link_target=&#8221;_self&#8221;][vc_empty_space height=&#8221;20px&#8221;][\/vc_column_inner][vc_column_inner width=&#8221;1\/2&#8243;][vc_column_text]\n<h3>Preencha o formul\u00e1rio e logo retornaremos:<\/h3>\n[\/vc_column_text]<div role=\"form\" class=\"wpcf7\" id=\"wpcf7-f8637-o1\" lang=\"pt-BR\" dir=\"ltr\">\n<div class=\"screen-reader-response\"><\/div>\n<form action=\"\/box-para-banheiros\/wp-json\/wp\/v2\/pages\/9794#wpcf7-f8637-o1\" method=\"post\" class=\"wpcf7-form\" novalidate=\"novalidate\">\n<div style=\"display: none;\">\n<input type=\"hidden\" name=\"_wpcf7\" value=\"8637\" \/>\n<input type=\"hidden\" name=\"_wpcf7_version\" value=\"4.2.2\" \/>\n<input type=\"hidden\" name=\"_wpcf7_locale\" value=\"pt_BR\" \/>\n<input type=\"hidden\" name=\"_wpcf7_unit_tag\" value=\"wpcf7-f8637-o1\" \/>\n<input type=\"hidden\" name=\"_wpnonce\" value=\"95ef52f006\" \/>\n<\/div>\n<div class=\"contact_form\">\n<div class=\"two_columns_50_50 clearfix\">\n<div class=\"column1\">\n<div class=\"column_inner\">Nome:\n<p><span class=\"wpcf7-form-control-wrap your-name\"><input type=\"text\" name=\"your-name\" value=\"\" size=\"40\" class=\"wpcf7-form-control wpcf7-text wpcf7-validates-as-required\" aria-required=\"true\" aria-invalid=\"false\" \/><\/span><\/p><\/div>\n<\/div>\n<div class=\"column2\">\n<div class=\"column_inner\">Telefone:\n<p><span class=\"wpcf7-form-control-wrap your-telefone\"><input type=\"text\" name=\"your-telefone\" value=\"\" size=\"40\" class=\"wpcf7-form-control wpcf7-text wpcf7-validates-as-required\" aria-required=\"true\" aria-invalid=\"false\" \/><\/span><\/p><\/div>\n<\/div>\n<\/div>\n<div class=\"two_columns_50_50 clearfix\">Email:\n<p><span class=\"wpcf7-form-control-wrap your-email\"><input type=\"text\" name=\"your-email\" value=\"\" size=\"40\" class=\"wpcf7-form-control wpcf7-text wpcf7-validates-as-required\" aria-required=\"true\" aria-invalid=\"false\" \/><\/span><\/p><\/div>\n<p>Mensagem:<\/p>\n<p><span class=\"wpcf7-form-control-wrap your-message\"><textarea name=\"your-message\" cols=\"40\" rows=\"10\" class=\"wpcf7-form-control wpcf7-textarea wpcf7-validates-as-required\" aria-required=\"true\" aria-invalid=\"false\"><\/textarea><\/span><\/p>\n<p><input type=\"submit\" value=\"Enviar\" class=\"wpcf7-form-control wpcf7-submit qbutton\" \/><\/p>\n<\/div>\n<p style=\"display: none !important;\" class=\"akismet-fields-container\" data-prefix=\"_wpcf7_ak_\"><label>&#916;<textarea name=\"_wpcf7_ak_hp_textarea\" cols=\"45\" rows=\"8\" maxlength=\"100\"><\/textarea><\/label><input type=\"hidden\" id=\"ak_js_1\" name=\"_wpcf7_ak_js\" value=\"74\"\/><script>document.getElementById( \"ak_js_1\" ).setAttribute( \"value\", ( new Date() ).getTime() );<\/script><\/p><div class=\"wpcf7-response-output wpcf7-display-none\"><\/div><\/form><\/div>[\/vc_column_inner][\/vc_row_inner][\/vc_column][\/vc_row][vc_row][vc_column width=&#8221;1\/2&#8243;][vc_single_image image=&#8221;11753&#8243; border_color=&#8221;grey&#8221; img_link_large=&#8221;&#8221; img_link_target=&#8221;_blank&#8221; img_size=&#8221;1200 X 200&#8243; link=&#8221;https:\/\/api.whatsapp.com\/send?phone=5521995505345&amp;text=Orcamento%20Vidracaria!&#8221;][\/vc_column][vc_column width=&#8221;1\/2&#8243;][vc_column_text]\n<h1><a href=\"https:\/\/api.whatsapp.com\/send?phone=5521995505345&amp;text=Orcamento%20Vidracaria!\" target=\"_blank\"><strong>Agilize o seu atendimento\u00a0 \u00a0 \u00a0 \u00a0 \u00a0<span class=\"color_11\"><img decoding=\"async\" loading=\"lazy\" class=\" alignnone\" src=\"https:\/\/static.wixstatic.com\/media\/851e20_66e0591e9e2a4e1790e05bf4949eeb37.png\/v1\/fill\/w_38,h_39,al_c,usm_0.66_1.00_0.01\/851e20_66e0591e9e2a4e1790e05bf4949eeb37.png\" alt=\"\" width=\"52\" height=\"53\" \/>|21| 99550-5345<\/span><\/strong><\/a><\/h1>\n[\/vc_column_text][vc_single_image image=&#8221;12045&#8243; alignment=&#8221;center&#8221; border_color=&#8221;grey&#8221; img_link_large=&#8221;&#8221; img_link_target=&#8221;_blank&#8221; title=&#8221;FALE COM UM ESPECIALISTA&#8221; img_size=&#8221;1200 X 200&#8243; link=&#8221;https:\/\/api.whatsapp.com\/send?phone=5521995505345&amp;text=Orcamento%20Vidracaria!&#8221;][\/vc_column][\/vc_row][vc_row][vc_column width=&#8221;1\/1&#8243;][vc_column_text]\n<h1 style=\"text-align: center;\"><a title=\"OR\u00c7AMENTO\" href=\"http:\/\/olividros.com.br\/box-para-banheiros\/orcamento\/\" target=\"_blank\"><span style=\"color: #0094e0;\"><em><strong>\u00c1REAS DE ATENDIMENTO<\/strong><\/em><\/span><\/a><\/h1>\n[\/vc_column_text][vc_empty_space height=&#8221;10px&#8221;][vc_row_inner][vc_column_inner width=&#8221;1\/4&#8243;][vc_column_text]\n<ul>\n<li><strong>Zona Sul:<\/strong>\u00a0<strong>Botafogo<\/strong>, Humait\u00e1, Arpoador,\u00a0<strong>Catete<\/strong>,\u00a0Cosme Velho,\u00a0<strong>Copacabana<\/strong>,\u00a0<strong>Flamengo<\/strong>, G\u00e1vea, Gl\u00f3ria, Ipanema, Jardim Bot\u00e2nico, Lagoa,<strong>\u00a0Laranjeiras<\/strong>, Largo do Machado,\u00a0<strong>Leblon<\/strong>, Leme, S\u00e3o Conrado, Urca.<\/li>\n<\/ul>\n[\/vc_column_text][vc_empty_space height=&#8221;10px&#8221;][vc_column_text]\n<ul>\n<li><strong>Baixada Fluminense<\/strong>:\u00a0S\u00e3o Jo\u00e3o de Meriti, Belford Roxo, Ricardo de Albuquerque, Queimados, Nova Igua\u00e7u,<strong>\u00a0Nil\u00f3polis<\/strong>, Mesquita, Juscelino, Pavuna, \u00c9den, Vilar dos Teles.<\/li>\n<\/ul>\n[\/vc_column_text][\/vc_column_inner][vc_column_inner width=&#8221;1\/2&#8243;][vc_column_text]\n<ul>\n<li><strong>Zona Norte:<\/strong>\u00a0Aboli\u00e7\u00e3o, \u00c1gua Santa, Alto da Boa Vista, Andara\u00ed, Anchieta, Barros Filho, Benfica, Br\u00e1s de Pina, Bento Ribeiro, Bonsucesso,\u00a0<strong>Cachambi<\/strong>,\u00a0Caj\u00fa, Campo Grande, Cascadura, Cavalcante, Col\u00e9gio, Costa Barros, Coelho Neto, Coelho da Rocha, Cordovil, Del Castilho, Encantado, Engenheiro Leal, Engenho da Rainha,\u00a0<strong>Engenho de Dentro<\/strong>, Engenho Novo, Ilha do\u00a0Fund\u00e3o, Jardim Am\u00e9rica, Lins de Vasconcelos, Guadalupe, Graja\u00fa, Higien\u00f3polis,\u00a0Hon\u00f3rio Gurgel,\u00a0<strong>Ilha do Governador,<\/strong>\u00a0<strong>Inhauma<\/strong>,\u00a0<strong>Iraj\u00e1<\/strong>, Madureira, Quintino, Maracan\u00e3, Maria da Gra\u00e7a, Marechal Hermes,\u00a0<strong>M\u00e9ier<\/strong>, Olaria, Oswaldo Cruz, Padre Miguel, Pavuna, Penha, Piedade, Pilares, Ramos, Realengo, Rocha, Rocha Miranda, Riachuelo, Ricardo de Albuquerque, Sampaio, S\u00e3o Francisco Xavier, S\u00e3o Cristov\u00e3o,\u00a0<strong>Tijuca<\/strong>, Todos os Santos, Tom\u00e1s Coelho, Turia\u00e7\u00fa, Vaz Lobo, Vista Alegre, Vicente de Carvalho, Vig\u00e1rio Geral,\u00a0<strong>Vila da Penha<\/strong>,\u00a0<strong>Vila Isabel<\/strong>,\u00a0Campinhos<\/li>\n<\/ul>\n[\/vc_column_text][vc_empty_space height=&#8221;20px&#8221;][\/vc_column_inner][vc_column_inner width=&#8221;1\/4&#8243;][vc_column_text]\n<ul>\n<li><strong>Zona Oeste:<\/strong>\u00a0Anil, Bangu,\u00a0<strong>Barra da Tijuca<\/strong>, Freguesia,\u00a0<strong>Jacarepagu\u00e1<\/strong>, Pechincha,\u00a0<strong>Recreio<\/strong>, Sulacap, Tanque,<strong>\u00a0Taquara<\/strong>, Vargem Grande, Vargem Pequena, Vila Valqueire, Cidade de Deus, Pra\u00e7a Seca.<\/li>\n<\/ul>\n[\/vc_column_text][vc_empty_space height=&#8221;10px&#8221;][vc_column_text]\n<ul>\n<li><strong>Centro:<\/strong>\u00a0Centro,\u00a0<strong>Santa Teresa<\/strong>, Santo Cristo,\u00a0<strong>Rio Comprido<\/strong>, Est\u00e1cio, Catumbi, Riachuelo, Pra\u00e7a da Bandeira.<\/li>\n<\/ul>\n[\/vc_column_text][\/vc_column_inner][\/vc_row_inner][\/vc_column][\/vc_row]\n","protected":false},"excerpt":{"rendered":"<p>[vc_row][vc_column width=&#8221;1\/1&#8243;][vc_empty_space height=&#8221;30px&#8221;][vc_column_text] PORTAS DE VIDRO TEMPERADO [\/vc_column_text][vc_empty_space height=&#8221;20px&#8221;][vc_column_text]PORTAS DE VIDRO TEMPERADO\u00a0=\u00a0Para voc\u00ea que procura porta de vidro temperado a Olividros te oferece v\u00e1rias op\u00e7\u00f5es com eleg\u00e2ncia e leveza para enriquecer ainda mais seu ambiente com qualidade, pre\u00e7o e garantia do servi\u00e7o. As PORTAS\u00a0DE VIDRO&#8230;<\/p>\n","protected":false},"author":5,"featured_media":0,"parent":0,"menu_order":0,"comment_status":"closed","ping_status":"closed","template":"","meta":[],"_links":{"self":[{"href":"http:\/\/olividros.com.br\/box-para-banheiros\/wp-json\/wp\/v2\/pages\/9794"}],"collection":[{"href":"http:\/\/olividros.com.br\/box-para-banheiros\/wp-json\/wp\/v2\/pages"}],"about":[{"href":"http:\/\/olividros.com.br\/box-para-banheiros\/wp-json\/wp\/v2\/types\/page"}],"author":[{"embeddable":true,"href":"http:\/\/olividros.com.br\/box-para-banheiros\/wp-json\/wp\/v2\/users\/5"}],"replies":[{"embeddable":true,"href":"http:\/\/olividros.com.br\/box-para-banheiros\/wp-json\/wp\/v2\/comments?post=9794"}],"version-history":[{"count":19,"href":"http:\/\/olividros.com.br\/box-para-banheiros\/wp-json\/wp\/v2\/pages\/9794\/revisions"}],"predecessor-version":[{"id":12081,"href":"http:\/\/olividros.com.br\/box-para-banheiros\/wp-json\/wp\/v2\/pages\/9794\/revisions\/12081"}],"wp:attachment":[{"href":"http:\/\/olividros.com.br\/box-para-banheiros\/wp-json\/wp\/v2\/media?parent=9794"}],"curies":[{"name":"wp","href":"https:\/\/api.w.org\/{rel}","templated":true}]}}