{"id":9589,"date":"2016-07-19T04:47:28","date_gmt":"2016-07-19T04:47:28","guid":{"rendered":"http:\/\/olividros.com.br\/box-para-banheiros\/?page_id=9589"},"modified":"2024-02-06T14:52:58","modified_gmt":"2024-02-06T14:52:58","slug":"box-banheiro-encanto","status":"publish","type":"page","link":"http:\/\/olividros.com.br\/box-para-banheiros\/box-banheiro-encanto\/","title":{"rendered":"BOX ENCANTO IDEIA GLASS"},"content":{"rendered":"[vc_row][vc_column width=&#8221;1\/1&#8243;][vc_empty_space height=&#8221;30px&#8221;][vc_column_text]\n<h1 style=\"text-align: center;\"><span style=\"color: #0094e0;\"><em><strong>BOX ENCANTO IDEIA GLASS<\/strong><\/em><\/span><\/h1>\n[\/vc_column_text][vc_empty_space height=&#8221;20px&#8221;][vc_column_text]<a title=\"BOX ENCANTO IDEIA GLASS\" href=\"http:\/\/olividros.com.br\/box-para-banheiros\/box-banheiro-encanto\/\" target=\"_blank\"><em><strong>BOX ENCANTO IDEIA GLASS<\/strong><\/em><\/a>: Maravilhoso como um conto de fadas, o box Encanto Ideia Glass foi devidamente projetado para proporcionar \u00e0 voc\u00ea conforto, eleg\u00e2ncia e sofistica\u00e7\u00e3o, al\u00e9m da funcionalidade \u00fanica. Pe\u00e7a logo seu box Encanto a OLIVIDROS.<\/p>\n<p>Box Elegance Tubo Oblongo<\/p>\n<p>O Box Elegance com Tubo Oblongo, \u00e9 a mais nova op\u00e7\u00e3o de box com roldanas aparentes, seu tubo ovalado \u00e9 sofisticado e moderno e foi criado especialmente para manter uma padroniza\u00e7\u00e3o de todas linhas com roldanas aparentes. O Tubo Oblongo \u00e9 usado no Elegance, Due e Encanto. Cada detalhe do Box Elegance foi pensado para combinar com as tend\u00eancias da decora\u00e7\u00e3o contempor\u00e2nea. As roldanas aparentes deslizam com leveza sobre o trilho deixando o box de banheiro muito mais Elegante.<\/p>\n<p>O Box Elegance \u00e9 fabricado em diferentes cores de acabamento e pode se adaptar ao seu projeto com facilidade. A Ideia Glass fornece todas as pe\u00e7as para fazer projetos com vidros especiais, tamb\u00e9m temos uma consultoria especializada que te ajuda em todos os detalhes.<\/p>\n<p>As roldanas aparentes do Box Elegance s\u00e3o produzidas com metais nobres que passam por um processo especial de tratamento por isso a Ideia Glass da garantia \u00e9 de 5 anos.<\/p>\n<p>O Box Elegance \u00e9 a melhor solu\u00e7\u00e3o para quem valoriza modernidade e sofistica\u00e7\u00e3o com alta durabilidade.<\/p>\n<p><em><strong><a title=\"BOX ELEGANCE\" href=\"http:\/\/www.ideiaglass.com.br\" target=\"_blank\">BOX ENCANTO IDEIA GLASS<\/a>\u00a0&#8211; ESTE \u00c9 O MODELO DO BOX DE CANTO DA IDEIA GLASS COM BELEZA E SOFISTICA\u00c7\u00c3O \u00c9 O QUE EXISTE EM MAIS BELO EM BOX DE CANTO.<\/strong><\/em><\/p>\n<p>&nbsp;<\/p>\n<p><a title=\"BOX ENCANTO IDEIA GLASS\" href=\"http:\/\/olividros.com.br\/box-para-banheiros\/box-banheiro-encanto\/\" target=\"_blank\"><em><strong>BOX ENCANTO IDEIA GLASS<\/strong><\/em><\/a>: Maravilhoso como um conto de fadas, o\u00a0<a title=\"BOX ELEGANCE\" href=\"http:\/\/boxelegance.blogspot.com.br\" target=\"_blank\">box Encanto Ideia Glass<\/a>\u00a0foi devidamente projetado para proporcionar \u00e0 voc\u00ea conforto, eleg\u00e2ncia e sofistica\u00e7\u00e3o, al\u00e9m da funcionalidade \u00fanica. Pe\u00e7a logo seu box Encanto a<a title=\"BOX NEW TEMPER\" href=\"http:\/\/olividros.com.br\/box-para-banheiros\/wp-admin\/post.php?post=9593&amp;action=edit\" target=\"_blank\">\u00a0<em><strong>OLIVIDROS<\/strong><\/em>.<\/a><\/p>\n<p>LIMPEZA:<br \/>\n\u2713 N\u00e3o utilizar produtos abrasivos como lixa, palha de a\u00e7o, etc;<br \/>\n\u2713 N\u00e3o utilizar facas ou objetos pontiagudos para retirar as etiquetas;<br \/>\n\u2713 Efetuar limpeza peri\u00f3dica, mantendo o produto limpo e seco;<br \/>\n\u2713 Utilizar somente \u00e1gua, sab\u00e3o neutro ou produtos espec\u00edficos para limpeza.<\/p>\n<p>UTILIZA\u00c7\u00c3O:<br \/>\n\u2713 As bordas do vidro n\u00e3o devem entrar em contato com superf\u00edcies r\u00edgidas durante a utiliza\u00e7\u00e3o;<br \/>\n\u2713 N\u00e3o deixe crian\u00e7as desacompanhadas manusear o produto;<br \/>\n\u2713 Em caso de mau funcionamento ou anomalias, entre em contato imediatamente com a OLIVIDROS;<br \/>\n\u2713 \u00c9 recomendada a manuten\u00e7\u00e3o peri\u00f3dica anual da instala\u00e7\u00e3o, para verificar desgastes de pe\u00e7as, tais como roldanas, dobradi\u00e7as, batentes, entre outros, a fim de reduzir o risco de quebra dos vidros por avarias destes componentes.[\/vc_column_text][vc_empty_space height=&#8221;10px&#8221;][vc_row_inner][vc_column_inner width=&#8221;1\/3&#8243;][vc_column_text]\n<ul>\n<li style=\"text-align: justify;\"><i class=\"fa fa-angle-double-right\"><\/i> Box Encanto Ideia Glass em oferta<b>\u2713<\/b><\/li>\n<li style=\"text-align: justify;\"><i class=\"fa fa-angle-double-right\"><\/i> Box Eencanto em a\u00e7o inox<b>\u2713<\/b><\/li>\n<\/ul>\n[\/vc_column_text][\/vc_column_inner][vc_column_inner width=&#8221;1\/3&#8243;][vc_column_text]\n<ul>\n<li style=\"text-align: justify;\"><i class=\"fa fa-angle-double-right\"><\/i> Box com roldana aparente de canto<b>\u2713<\/b><\/li>\n<li style=\"text-align: justify;\"><i class=\"fa fa-angle-double-right\"><\/i> Box para banheiros de canto Ideia Glass<b>\u2713<\/b><\/li>\n<\/ul>\n[\/vc_column_text][\/vc_column_inner][vc_column_inner width=&#8221;1\/3&#8243;][vc_column_text]\n<ul>\n<li style=\"text-align: justify;\"><i class=\"fa fa-angle-double-right\"><\/i> Box Encanto pre\u00e7o Ideia Glass<b>\u2713<\/b><\/li>\n<li style=\"text-align: justify;\"><i class=\"fa fa-angle-double-right\"><\/i> Box de banheiros Encanto pre\u00e7o<b>\u2713<\/b><\/li>\n<\/ul>\n[\/vc_column_text][\/vc_column_inner][\/vc_row_inner][vc_empty_space height=&#8221;20px&#8221;][vc_gallery type=&#8221;image_grid&#8221; interval=&#8221;3&#8243; onclick=&#8221;link_image&#8221; custom_links_target=&#8221;_self&#8221; column_number=&#8221;3&#8243; img_size=&#8221;full&#8221; images=&#8221;10730,10811,10812,10813,10814,10815&#8243;][vc_empty_space height=&#8221;20px&#8221;][vc_row_inner][vc_column_inner width=&#8221;1\/3&#8243;][vc_video title=&#8221;BOX ENCANTO&#8221; link=&#8221;https:\/\/www.youtube.com\/watch?v=T5HWym-q4A8&#8243;][vc_empty_space height=&#8221;32px&#8221;][\/vc_column_inner][vc_column_inner width=&#8221;1\/3&#8243;][vc_video title=&#8221;BOX ENCANTO RJ&#8221; link=&#8221;https:\/\/www.youtube.com\/watch?v=vQzl1tBPn6Y&#8221;][vc_empty_space height=&#8221;32px&#8221;][\/vc_column_inner][vc_column_inner width=&#8221;1\/3&#8243;][vc_video title=&#8221;BOX ENCANTO TV&#8221; link=&#8221;https:\/\/www.youtube.com\/watch?v=2Mh9lVOug3w&#8221;][vc_empty_space height=&#8221;32px&#8221;][\/vc_column_inner][\/vc_row_inner][vc_row_inner][vc_column_inner width=&#8221;1\/2&#8243;][vc_single_image image=&#8221;11121&#8243; border_color=&#8221;grey&#8221; img_link_large=&#8221;&#8221; img_link_target=&#8221;_blank&#8221; img_size=&#8221;1200&#215;200&#8243; link=&#8221;https:\/\/api.whatsapp.com\/send?phone=5521986074647&amp;text=Orcamento%20Vidracaria!&#8221;][vc_empty_space height=&#8221;10px&#8221;][\/vc_column_inner][vc_column_inner width=&#8221;1\/2&#8243;][vc_column_text]\n<h1><a href=\"https:\/\/api.whatsapp.com\/send?phone=5521986074647&amp;text=Orcamento%20Vidracaria!\" target=\"_blank\"><strong>Agilize o seu atendimento\u00a0 \u00a0 \u00a0 \u00a0 \u00a0<span class=\"color_11\"><img decoding=\"async\" loading=\"lazy\" class=\" alignnone\" src=\"https:\/\/static.wixstatic.com\/media\/851e20_66e0591e9e2a4e1790e05bf4949eeb37.png\/v1\/fill\/w_38,h_39,al_c,usm_0.66_1.00_0.01\/851e20_66e0591e9e2a4e1790e05bf4949eeb37.png\" alt=\"\" width=\"52\" height=\"53\" \/>|21| 99550-5345<\/span><\/strong><\/a><\/h1>\n[\/vc_column_text][vc_empty_space height=&#8221;10px&#8221;][vc_single_image image=&#8221;12045&#8243; border_color=&#8221;grey&#8221; img_link_large=&#8221;&#8221; img_link_target=&#8221;_blank&#8221; img_size=&#8221;1200&#215;300&#8243; link=&#8221;https:\/\/api.whatsapp.com\/send?phone=5521995505345&amp;text=Orcamento%20Vidracaria!&#8221; alignment=&#8221;center&#8221; title=&#8221;FALE COM UM ESPECIALISTA&#8221;][\/vc_column_inner][\/vc_row_inner][\/vc_column][\/vc_row][vc_row][vc_column width=&#8221;1\/4&#8243;][vc_column_text]\n<h2>Solicite um\u00a0Or\u00e7amento<\/h2>\n[\/vc_column_text][vc_single_image image=&#8221;10351&#8243; border_color=&#8221;grey&#8221; img_link_large=&#8221;&#8221; img_link_target=&#8221;_self&#8221;][vc_empty_space height=&#8221;20px&#8221;][\/vc_column][vc_column width=&#8221;3\/4&#8243;][vc_column_text]\n<h3>Preencha o formul\u00e1rio e logo retornaremos:<\/h3>\n[\/vc_column_text]<div role=\"form\" class=\"wpcf7\" id=\"wpcf7-f8639-o1\" lang=\"pt-BR\" dir=\"ltr\">\n<div class=\"screen-reader-response\"><\/div>\n<form action=\"\/box-para-banheiros\/wp-json\/wp\/v2\/pages\/9589#wpcf7-f8639-o1\" method=\"post\" class=\"wpcf7-form\" enctype=\"multipart\/form-data\" novalidate=\"novalidate\">\n<div style=\"display: none;\">\n<input type=\"hidden\" name=\"_wpcf7\" value=\"8639\" \/>\n<input type=\"hidden\" name=\"_wpcf7_version\" value=\"4.2.2\" \/>\n<input type=\"hidden\" name=\"_wpcf7_locale\" value=\"pt_BR\" \/>\n<input type=\"hidden\" name=\"_wpcf7_unit_tag\" value=\"wpcf7-f8639-o1\" \/>\n<input type=\"hidden\" name=\"_wpnonce\" value=\"ad02cec003\" \/>\n<\/div>\n<div class=\"contact_form\">\n<div class=\"two_columns_50_50 clearfix\">\n<div class=\"column1\">\n<div class=\"column_inner\">Nome:\n<p><span class=\"wpcf7-form-control-wrap your-name\"><input type=\"text\" name=\"your-name\" value=\"\" size=\"40\" class=\"wpcf7-form-control wpcf7-text wpcf7-validates-as-required\" aria-required=\"true\" aria-invalid=\"false\" \/><\/span> <\/p><\/div>\n<\/div>\n<div class=\"column2\">\n<div class=\"column_inner\">Telefone:\n<p><span class=\"wpcf7-form-control-wrap your-telefone\"><input type=\"text\" name=\"your-telefone\" value=\"\" size=\"40\" class=\"wpcf7-form-control wpcf7-text wpcf7-validates-as-required\" aria-required=\"true\" aria-invalid=\"false\" \/><\/span><\/p><\/div>\n<\/div>\n<\/div>\n<div class=\"two_columns_50_50 clearfix\">\n<div class=\"column1\">\n<div class=\"column_inner\">Email:\n<p><span class=\"wpcf7-form-control-wrap your-email\"><input type=\"text\" name=\"your-email\" value=\"\" size=\"40\" class=\"wpcf7-form-control wpcf7-text wpcf7-validates-as-required\" aria-required=\"true\" aria-invalid=\"false\" \/><\/span><\/p><\/div>\n<\/div>\n<div class=\"column2\">\n<div class=\"column_inner\">\u00c1rea de Atua\u00e7\u00e3o:\n<p><span class=\"wpcf7-form-control-wrap area\"><input type=\"text\" name=\"area\" value=\"\" size=\"40\" class=\"wpcf7-form-control wpcf7-text wpcf7-validates-as-required\" aria-required=\"true\" aria-invalid=\"false\" \/><\/span><\/p><\/div>\n<\/div>\n<\/div>\n<div class=\"column2\">\n<div class=\"column_inner\">Anexar Curr\u00edculo: <span class=\"wpcf7-form-control-wrap file-698\"><input type=\"file\" name=\"file-698\" value=\"1\" size=\"40\" class=\"wpcf7-form-control wpcf7-file wpcf7-validates-as-required\" aria-required=\"true\" aria-invalid=\"false\" \/><\/span><\/div>\n<\/div>\n<\/div>\n<p><input type=\"submit\" value=\"Enviar\" class=\"wpcf7-form-control wpcf7-submit qbutton\" \/><\/p>\n<p style=\"display: none !important;\" class=\"akismet-fields-container\" data-prefix=\"_wpcf7_ak_\"><label>&#916;<textarea name=\"_wpcf7_ak_hp_textarea\" cols=\"45\" rows=\"8\" maxlength=\"100\"><\/textarea><\/label><input type=\"hidden\" id=\"ak_js_1\" name=\"_wpcf7_ak_js\" value=\"223\"\/><script>document.getElementById( \"ak_js_1\" ).setAttribute( \"value\", ( new Date() ).getTime() );<\/script><\/p><div class=\"wpcf7-response-output wpcf7-display-none\"><\/div><\/form><\/div>[\/vc_column][\/vc_row][vc_row][vc_column width=&#8221;1\/1&#8243;][vc_column_text]\n<h1><strong><a href=\"https:\/\/api.whatsapp.com\/send?l=pt_pt&amp;phone=5521985717940\">Atendimento ONLINE clique aqui\u00a0WhatsApp:\u00a0<span class=\"color_11\"><img decoding=\"async\" loading=\"lazy\" class=\" alignnone\" src=\"https:\/\/static.wixstatic.com\/media\/851e20_66e0591e9e2a4e1790e05bf4949eeb37.png\/v1\/fill\/w_38,h_39,al_c,usm_0.66_1.00_0.01\/851e20_66e0591e9e2a4e1790e05bf4949eeb37.png\" alt=\"\" width=\"52\" height=\"53\" \/>\u00a0|21| 98571-7940\u00a0<\/span><\/a><\/strong><\/h1>\n[\/vc_column_text][vc_empty_space height=&#8221;10px&#8221;][vc_column_text][vc_column_text]\n<h1 style=\"text-align: center;\"><a title=\"OR\u00c7AMENTO\" href=\"http:\/\/olividros.com.br\/box-para-banheiros\/orcamento\/\" target=\"_blank\"><span style=\"color: #0094e0;\"><em><strong>\u00c1REAS DE ATENDIMENTO<\/strong><\/em><\/span><\/a><\/h1>\n[\/vc_column_text][vc_empty_space height=&#8221;10px&#8221;][\/vc_column][\/vc_row][vc_row][vc_column width=&#8221;1\/4&#8243;][vc_column_text][vc_column_text]\n<ul>\n<li><strong>Zona Sul:<\/strong>\u00a0<strong>Botafogo<\/strong>, Humait\u00e1, Arpoador, <strong>Catete<\/strong>,\u00a0Cosme Velho, <strong>Copacabana<\/strong>,\u00a0<strong>Flamengo<\/strong>, G\u00e1vea, Gl\u00f3ria, Ipanema, Jardim Bot\u00e2nico, Lagoa,<strong> Laranjeiras<\/strong>, Largo do Machado, <strong>Leblon<\/strong>, Leme, S\u00e3o Conrado, Urca.<\/li>\n<\/ul>\n[\/vc_column_text][vc_empty_space height=&#8221;10px&#8221;][vc_column_text]\n<ul>\n<li><strong>Baixada Fluminense<\/strong>:\u00a0S\u00e3o Jo\u00e3o de Meriti, Belford Roxo, Ricardo de Albuquerque, Queimados, Nova Igua\u00e7u,<strong> Nil\u00f3polis<\/strong>, Mesquita, Juscelino, Pavuna, \u00c9den, Vilar dos Teles.<\/li>\n<\/ul>\n[\/vc_column_text][\/vc_column][vc_column width=&#8221;1\/2&#8243;][vc_column_text]\n<ul>\n<li><strong>Zona Norte:<\/strong> Aboli\u00e7\u00e3o, \u00c1gua Santa, Alto da Boa Vista, Andara\u00ed, Anchieta, Barros Filho, Benfica, Br\u00e1s de Pina, Bento Ribeiro, Bonsucesso,\u00a0<strong>Cachambi<\/strong>,\u00a0Caj\u00fa, Campo Grande, Cascadura, Cavalcante, Col\u00e9gio, Costa Barros, Coelho Neto, Coelho da Rocha, Cordovil, Del Castilho, Encantado, Engenheiro Leal, Engenho da Rainha, <strong>Engenho de Dentro<\/strong>, Engenho Novo, Ilha do\u00a0Fund\u00e3o, Jardim Am\u00e9rica, Lins de Vasconcelos, Guadalupe, Graja\u00fa, Higien\u00f3polis,\u00a0Hon\u00f3rio Gurgel, <strong>Ilha do Governador,<\/strong>\u00a0<strong>Inhauma<\/strong>, <strong>Iraj\u00e1<\/strong>, Madureira, Quintino, Maracan\u00e3, Maria da Gra\u00e7a, Marechal Hermes,\u00a0<strong>M\u00e9ier<\/strong>, Olaria, Oswaldo Cruz, Padre Miguel, Pavuna, Penha, Piedade, Pilares, Ramos, Realengo, Rocha, Rocha Miranda, Riachuelo, Ricardo de Albuquerque, Sampaio, S\u00e3o Francisco Xavier, S\u00e3o Cristov\u00e3o,\u00a0<strong>Tijuca<\/strong>, Todos os Santos, Tom\u00e1s Coelho, Turia\u00e7\u00fa, Vaz Lobo, Vista Alegre, Vicente de Carvalho, Vig\u00e1rio Geral,\u00a0<strong>Vila da Penha<\/strong>, <strong>Vila Isabel<\/strong>,\u00a0Campinhos<\/li>\n<\/ul>\n[\/vc_column_text][vc_empty_space height=&#8221;20px&#8221;][\/vc_column][vc_column width=&#8221;1\/4&#8243;][vc_column_text]\n<ul>\n<li><strong>Zona Oeste:<\/strong> Anil, Bangu,\u00a0<strong>Barra da Tijuca<\/strong>, Freguesia, <strong>Jacarepagu\u00e1<\/strong>, Pechincha, <strong>Recreio<\/strong>, Sulacap, Tanque,<strong> Taquara<\/strong>, Vargem Grande, Vargem Pequena, Vila Valqueire, Cidade de Deus, Pra\u00e7a Seca.<\/li>\n<\/ul>\n[\/vc_column_text][vc_empty_space height=&#8221;10px&#8221;][vc_column_text]\n<ul>\n<li><strong>Centro:<\/strong> Centro, <strong>Santa Teresa<\/strong>, Santo Cristo, <strong>Rio Comprido<\/strong>, Est\u00e1cio, Catumbi, Riachuelo, Pra\u00e7a da Bandeira.<\/li>\n<\/ul>\n[\/vc_column_text][\/vc_column][\/vc_row]\n","protected":false},"excerpt":{"rendered":"<p>[vc_row][vc_column width=&#8221;1\/1&#8243;][vc_empty_space height=&#8221;30px&#8221;][vc_column_text] BOX ENCANTO IDEIA GLASS [\/vc_column_text][vc_empty_space height=&#8221;20px&#8221;][vc_column_text]BOX ENCANTO IDEIA GLASS: Maravilhoso como um conto de fadas, o box Encanto Ideia Glass foi devidamente projetado para proporcionar \u00e0 voc\u00ea conforto, eleg\u00e2ncia e sofistica\u00e7\u00e3o, al\u00e9m da funcionalidade \u00fanica. Pe\u00e7a logo seu box Encanto a OLIVIDROS&#8230;.<\/p>\n","protected":false},"author":5,"featured_media":0,"parent":0,"menu_order":0,"comment_status":"closed","ping_status":"closed","template":"","meta":[],"_links":{"self":[{"href":"http:\/\/olividros.com.br\/box-para-banheiros\/wp-json\/wp\/v2\/pages\/9589"}],"collection":[{"href":"http:\/\/olividros.com.br\/box-para-banheiros\/wp-json\/wp\/v2\/pages"}],"about":[{"href":"http:\/\/olividros.com.br\/box-para-banheiros\/wp-json\/wp\/v2\/types\/page"}],"author":[{"embeddable":true,"href":"http:\/\/olividros.com.br\/box-para-banheiros\/wp-json\/wp\/v2\/users\/5"}],"replies":[{"embeddable":true,"href":"http:\/\/olividros.com.br\/box-para-banheiros\/wp-json\/wp\/v2\/comments?post=9589"}],"version-history":[{"count":21,"href":"http:\/\/olividros.com.br\/box-para-banheiros\/wp-json\/wp\/v2\/pages\/9589\/revisions"}],"predecessor-version":[{"id":12093,"href":"http:\/\/olividros.com.br\/box-para-banheiros\/wp-json\/wp\/v2\/pages\/9589\/revisions\/12093"}],"wp:attachment":[{"href":"http:\/\/olividros.com.br\/box-para-banheiros\/wp-json\/wp\/v2\/media?parent=9589"}],"curies":[{"name":"wp","href":"https:\/\/api.w.org\/{rel}","templated":true}]}}