{"id":9583,"date":"2016-07-19T04:46:17","date_gmt":"2016-07-19T04:46:17","guid":{"rendered":"http:\/\/olividros.com.br\/box-para-banheiros\/?page_id=9583"},"modified":"2024-02-08T11:17:24","modified_gmt":"2024-02-08T11:17:24","slug":"box-banheiro-versatik","status":"publish","type":"page","link":"http:\/\/olividros.com.br\/box-para-banheiros\/box-banheiro-versatik\/","title":{"rendered":"BOX VERSATIK"},"content":{"rendered":"[vc_row][vc_column width=&#8221;1\/1&#8243;][vc_empty_space height=&#8221;30px&#8221;][vc_column_text]\n<h1 style=\"text-align: center;\"><span style=\"color: #0094e0;\"><em><strong>BOX VERSATIK\u00a0<\/strong><\/em><\/span><\/h1>\n[\/vc_column_text][vc_empty_space height=&#8221;20px&#8221;][vc_column_text]\n<h2 style=\"text-align: left;\"><em><strong><a title=\"BOX VERSATIK 3 FOLHAS\" href=\"http:\/\/olividros.com.br\/box-para-banheiros\/box-banheiro-versatik\/\" target=\"_blank\">BOX VERSATIK<\/a><\/strong><\/em><\/h2>\n<ul>\n<li style=\"text-align: left;\"><span style=\"text-decoration: underline;\"><a href=\"https:\/\/api.whatsapp.com\/send?phone=5521986074647&amp;text=Orcamento%20Vidracaria!\" target=\"_blank\">TRANSFER BT2 COM 2 M\u00d3VEIS<\/a><\/span><\/li>\n<li style=\"text-align: left;\"><span style=\"text-decoration: underline;\"><a href=\"https:\/\/api.whatsapp.com\/send?phone=5521986074647&amp;text=Orcamento%20Vidracaria!\" target=\"_blank\">TRANSFER BT3 COM 1 FIXO E 2 M\u00d3VEIS<\/a><\/span><\/li>\n<\/ul>\n<p style=\"text-align: left;\">\u00c9 mais uma op\u00e7\u00e3o de box para adquirir mais abertura, indicado para v\u00e3os pequenos como Box para banheiros, \u00c1reas de servi\u00e7os, Sacadas, Arm\u00e1rios, Estantes e muito mais com funcionamento inovador, proporciona o conforto das portas correrem alternadamente, possibilita a abertura de 2\/3 do v\u00e3o ou, com o sistema acesso livre, permite a elimina\u00e7\u00e3o da guia inferior (acessibilidade\/passagem livre).<\/p>\n<h2 style=\"text-align: left;\"><strong><a href=\"https:\/\/api.whatsapp.com\/send?phone=5521986074647&amp;text=Orcamento%20Vidracaria!\" target=\"_blank\"><span style=\"text-decoration: underline;\">SISTEMA DE CORRER<\/span><\/a><\/strong><\/h2>\n<ul>\n<li style=\"text-align: left;\"><a href=\"https:\/\/api.whatsapp.com\/send?phone=5521986074647&amp;text=Orcamento%20Vidracaria!\" target=\"_blank\"><span style=\"text-decoration: underline;\"> 2 VIDROS M\u00d3VEIS<\/span><\/a><\/li>\n<li style=\"text-align: left;\"><a href=\"https:\/\/api.whatsapp.com\/send?phone=5521986074647&amp;text=Orcamento%20Vidracaria!\" target=\"_blank\"><span style=\"text-decoration: underline;\">1 FIXO COM 2 M\u00d3VEIS <\/span><\/a><\/li>\n<li style=\"text-align: left;\"><span style=\"text-decoration: underline;\"><a href=\"https:\/\/api.whatsapp.com\/send?phone=5521986074647&amp;text=Orcamento%20Vidracaria!\" target=\"_blank\">1 VIDRO FIXO COM 2 M\u00d3VEIS<\/a><\/span><\/li>\n<li style=\"text-align: left;\"><span style=\"text-decoration: underline;\"><a href=\"https:\/\/api.whatsapp.com\/send?phone=5521986074647&amp;text=Orcamento%20Vidracaria!\" target=\"_blank\">2 VIDROS FIXOS COM 4 M\u00d3VEIS<\/a><\/span><\/li>\n<\/ul>\n<p style=\"text-align: justify;\">Com esse kit, pode montar box, janelas ou portas com duas folhas de correr (VE2), uma pe\u00e7a fixa e duas folhas de correr (VE3), e duas pe\u00e7as fixas e quatro folhas de correr (VE6), os kits VE3 e VE6 possibilitam abertura de at\u00e9 dois ter\u00e7os do v\u00e3o, podendo ser utilizados vidros com at\u00e9 2,40 m de altura.<\/p>\n[\/vc_column_text][vc_empty_space height=&#8221;10px&#8221;][vc_row_inner][vc_column_inner width=&#8221;1\/4&#8243;][vc_column_text]\n<ul>\n<li style=\"text-align: justify;\"><i class=\"fa fa-angle-double-right\"><\/i> Box versatik pre\u00e7o<b>\u2713<\/b><\/li>\n<li style=\"text-align: justify;\"><i class=\"fa fa-angle-double-right\"><\/i> Box de banheiro 03 folhas pre\u00e7o<b>\u2713<\/b><\/li>\n<li style=\"text-align: justify;\"><i class=\"fa fa-angle-double-right\"><\/i> Pre\u00e7o de box para cadeirante<b>\u2713<\/b><\/li>\n<li style=\"text-align: justify;\">Box de correr com dois vidros<b>\u2713<\/b><\/li>\n<\/ul>\n[\/vc_column_text][\/vc_column_inner][vc_column_inner width=&#8221;1\/4&#8243;][vc_column_text]\n<ul>\n<li style=\"text-align: justify;\"><i class=\"fa fa-angle-double-right\"><\/i> Box blindex versatik<b>\u2713<\/b><\/li>\n<li style=\"text-align: justify;\"><i class=\"fa fa-angle-double-right\"><\/i> Box new temper versatik<b>\u2713<\/b><\/li>\n<li style=\"text-align: justify;\"><i class=\"fa fa-angle-double-right\"><\/i> Kit versatik onde comprar<b>\u2713<\/b><\/li>\n<li style=\"text-align: justify;\">Box de correr com 3 vidros<b>\u2713<\/b><\/li>\n<\/ul>\n[\/vc_column_text][\/vc_column_inner][vc_column_inner width=&#8221;1\/4&#8243;][vc_column_text]\n<ul>\n<li style=\"text-align: justify;\"><i class=\"fa fa-angle-double-right\"><\/i> Box versatik<b>\u2713<\/b><\/li>\n<li style=\"text-align: justify;\"><i class=\"fa fa-angle-double-right\"><\/i> Versatik pre\u00e7o<b>\u2713<\/b><\/li>\n<li style=\"text-align: justify;\"><i class=\"fa fa-angle-double-right\"><\/i> Box de correr versatik<b>\u2713<\/b><\/li>\n<li style=\"text-align: justify;\">Box versatik 3 folhas<b>\u2713<\/b><\/li>\n<\/ul>\n[\/vc_column_text][\/vc_column_inner][vc_column_inner width=&#8221;1\/4&#8243;][vc_column_text]\n<ul>\n<li style=\"text-align: justify;\">Box versatik 3 folhas at\u00e9 o teto<b>\u2713<\/b><\/li>\n<li style=\"text-align: justify;\"><i class=\"fa fa-angle-double-right\"><\/i>Box Versatik 2 vidros de correr pre\u00e7o<b>\u2713<\/b><\/li>\n<li style=\"text-align: justify;\"><i class=\"fa fa-angle-double-right\"><\/i>Box de correr versatik truck<b>\u2713<\/b><\/li>\n<li style=\"text-align: justify;\">Box versatik 3 folhas \u00e9 bom<b>\u2713<\/b><\/li>\n<\/ul>\n[\/vc_column_text][\/vc_column_inner][\/vc_row_inner][vc_empty_space height=&#8221;20px&#8221;][vc_gallery type=&#8221;image_grid&#8221; interval=&#8221;3&#8243; onclick=&#8221;link_image&#8221; custom_links_target=&#8221;_self&#8221; column_number=&#8221;5&#8243; img_size=&#8221;205&#215;246&#8243; images=&#8221;10682,10683,10684,10685,10686,10687,10688,10689,10690,10691&#8243;][vc_empty_space height=&#8221;20px&#8221;][vc_row_inner][vc_column_inner width=&#8221;1\/3&#8243;][vc_video title=&#8221;BOX VERSATIK&#8221; link=&#8221;https:\/\/www.youtube.com\/watch?v=HXVWQNyKNg0&#8243;][vc_empty_space height=&#8221;20px&#8221;][\/vc_column_inner][vc_column_inner width=&#8221;1\/3&#8243;][vc_video title=&#8221;BOX VERSATIK&#8221; link=&#8221;https:\/\/www.youtube.com\/watch?v=2FS_FxBqqXc&#8221;][vc_empty_space height=&#8221;20px&#8221;][\/vc_column_inner][vc_column_inner width=&#8221;1\/3&#8243;][vc_video title=&#8221;BOX VERSATIK&#8221; link=&#8221;https:\/\/www.youtube.com\/watch?v=Gqb3pJZyeL4&#8243;][vc_empty_space height=&#8221;20px&#8221;][\/vc_column_inner][\/vc_row_inner][\/vc_column][\/vc_row][vc_row][vc_column width=&#8221;1\/2&#8243;][vc_single_image image=&#8221;11121&#8243; border_color=&#8221;grey&#8221; img_link_large=&#8221;&#8221; img_link_target=&#8221;_blank&#8221; img_size=&#8221;1200&#215;200&#8243; link=&#8221;https:\/\/api.whatsapp.com\/send?phone=5521986074647&amp;text=Orcamento%20Vidracaria!&#8221;][vc_empty_space height=&#8221;10px&#8221;][\/vc_column][vc_column width=&#8221;1\/2&#8243;][vc_column_text]\n<h1><a href=\"https:\/\/api.whatsapp.com\/send?phone=5521995505345&amp;text=Orcamento%20Vidracaria!\" target=\"_blank\"><strong>Agilize o seu atendimento\u00a0 \u00a0 \u00a0 \u00a0 \u00a0<span class=\"color_11\"><img decoding=\"async\" loading=\"lazy\" class=\" alignnone\" src=\"https:\/\/static.wixstatic.com\/media\/851e20_66e0591e9e2a4e1790e05bf4949eeb37.png\/v1\/fill\/w_38,h_39,al_c,usm_0.66_1.00_0.01\/851e20_66e0591e9e2a4e1790e05bf4949eeb37.png\" alt=\"\" width=\"52\" height=\"53\" \/>|21| 99550-5345<\/span><\/strong><\/a><\/h1>\n[\/vc_column_text][vc_empty_space height=&#8221;10px&#8221;][vc_single_image image=&#8221;12045&#8243; border_color=&#8221;grey&#8221; img_link_large=&#8221;&#8221; img_link_target=&#8221;_blank&#8221; img_size=&#8221;1200&#215;300&#8243; link=&#8221;https:\/\/api.whatsapp.com\/send?phone=5521995505345&amp;text=Orcamento%20Vidracaria!&#8221; alignment=&#8221;center&#8221; title=&#8221;FALE COM UM ESPECIALISTA&#8221;][\/vc_column][\/vc_row][vc_row][vc_column width=&#8221;1\/4&#8243;][vc_column_text]\n<h2>Solicite um\u00a0Or\u00e7amento<\/h2>\n[\/vc_column_text][vc_single_image image=&#8221;10351&#8243; border_color=&#8221;grey&#8221; img_link_large=&#8221;&#8221; img_link_target=&#8221;_self&#8221;][vc_empty_space height=&#8221;20px&#8221;][\/vc_column][vc_column width=&#8221;3\/4&#8243;][vc_column_text]\n<h3>Preencha o formul\u00e1rio e logo retornaremos:<\/h3>\n[\/vc_column_text]<div role=\"form\" class=\"wpcf7\" id=\"wpcf7-f8637-o1\" lang=\"pt-BR\" dir=\"ltr\">\n<div class=\"screen-reader-response\"><\/div>\n<form action=\"\/box-para-banheiros\/wp-json\/wp\/v2\/pages\/9583#wpcf7-f8637-o1\" method=\"post\" class=\"wpcf7-form\" novalidate=\"novalidate\">\n<div style=\"display: none;\">\n<input type=\"hidden\" name=\"_wpcf7\" value=\"8637\" \/>\n<input type=\"hidden\" name=\"_wpcf7_version\" value=\"4.2.2\" \/>\n<input type=\"hidden\" name=\"_wpcf7_locale\" value=\"pt_BR\" \/>\n<input type=\"hidden\" name=\"_wpcf7_unit_tag\" value=\"wpcf7-f8637-o1\" \/>\n<input type=\"hidden\" name=\"_wpnonce\" value=\"95ef52f006\" \/>\n<\/div>\n<div class=\"contact_form\">\n<div class=\"two_columns_50_50 clearfix\">\n<div class=\"column1\">\n<div class=\"column_inner\">Nome:\n<p><span class=\"wpcf7-form-control-wrap your-name\"><input type=\"text\" name=\"your-name\" value=\"\" size=\"40\" class=\"wpcf7-form-control wpcf7-text wpcf7-validates-as-required\" aria-required=\"true\" aria-invalid=\"false\" \/><\/span><\/p><\/div>\n<\/div>\n<div class=\"column2\">\n<div class=\"column_inner\">Telefone:\n<p><span class=\"wpcf7-form-control-wrap your-telefone\"><input type=\"text\" name=\"your-telefone\" value=\"\" size=\"40\" class=\"wpcf7-form-control wpcf7-text wpcf7-validates-as-required\" aria-required=\"true\" aria-invalid=\"false\" \/><\/span><\/p><\/div>\n<\/div>\n<\/div>\n<div class=\"two_columns_50_50 clearfix\">Email:\n<p><span class=\"wpcf7-form-control-wrap your-email\"><input type=\"text\" name=\"your-email\" value=\"\" size=\"40\" class=\"wpcf7-form-control wpcf7-text wpcf7-validates-as-required\" aria-required=\"true\" aria-invalid=\"false\" \/><\/span><\/p><\/div>\n<p>Mensagem:<\/p>\n<p><span class=\"wpcf7-form-control-wrap your-message\"><textarea name=\"your-message\" cols=\"40\" rows=\"10\" class=\"wpcf7-form-control wpcf7-textarea wpcf7-validates-as-required\" aria-required=\"true\" aria-invalid=\"false\"><\/textarea><\/span><\/p>\n<p><input type=\"submit\" value=\"Enviar\" class=\"wpcf7-form-control wpcf7-submit qbutton\" \/><\/p>\n<\/div>\n<p style=\"display: none !important;\" class=\"akismet-fields-container\" data-prefix=\"_wpcf7_ak_\"><label>&#916;<textarea name=\"_wpcf7_ak_hp_textarea\" cols=\"45\" rows=\"8\" maxlength=\"100\"><\/textarea><\/label><input type=\"hidden\" id=\"ak_js_1\" name=\"_wpcf7_ak_js\" value=\"134\"\/><script>document.getElementById( \"ak_js_1\" ).setAttribute( \"value\", ( new Date() ).getTime() );<\/script><\/p><div class=\"wpcf7-response-output wpcf7-display-none\"><\/div><\/form><\/div>[\/vc_column][\/vc_row][vc_row][vc_column width=&#8221;1\/1&#8243;][vc_column_text]\n<h1 style=\"text-align: center;\"><a title=\"OR\u00c7AMENTO\" href=\"http:\/\/olividros.com.br\/box-para-banheiros\/orcamento\/\" target=\"_blank\"><span style=\"color: #0094e0;\"><em><strong>\u00c1REAS DE ATENDIMENTO<\/strong><\/em><\/span><\/a><\/h1>\n[\/vc_column_text][vc_empty_space height=&#8221;10px&#8221;][\/vc_column][\/vc_row][vc_row][vc_column width=&#8221;1\/4&#8243;][vc_column_text]\n<ul>\n<li><strong>Zona Sul:<\/strong>\u00a0<strong>Botafogo<\/strong>, Humait\u00e1, Arpoador, <strong>Catete<\/strong>,\u00a0Cosme Velho, <strong>Copacabana<\/strong>,\u00a0<strong>Flamengo<\/strong>, G\u00e1vea, Gl\u00f3ria, Ipanema, Jardim Bot\u00e2nico, Lagoa,<strong> Laranjeiras<\/strong>, Largo do Machado, <strong>Leblon<\/strong>, Leme, S\u00e3o Conrado, Urca.<\/li>\n<\/ul>\n[\/vc_column_text][vc_empty_space height=&#8221;10px&#8221;][vc_column_text]\n<ul>\n<li><strong>Baixada Fluminense<\/strong>:\u00a0S\u00e3o Jo\u00e3o de Meriti, Belford Roxo, Ricardo de Albuquerque, Queimados, Nova Igua\u00e7u,<strong> Nil\u00f3polis<\/strong>, Mesquita, Juscelino, Pavuna, \u00c9den, Vilar dos Teles.<\/li>\n<\/ul>\n[\/vc_column_text][\/vc_column][vc_column width=&#8221;1\/2&#8243;][vc_column_text]\n<ul>\n<li><strong>Zona Norte:<\/strong> Aboli\u00e7\u00e3o, \u00c1gua Santa, Alto da Boa Vista, Andara\u00ed, Anchieta, Barros Filho, Benfica, Br\u00e1s de Pina, Bento Ribeiro, Bonsucesso,\u00a0<strong>Cachambi<\/strong>,\u00a0Caj\u00fa, Campo Grande, Cascadura, Cavalcante, Col\u00e9gio, Costa Barros, Coelho Neto, Coelho da Rocha, Cordovil, Del Castilho, Encantado, Engenheiro Leal, Engenho da Rainha, <strong>Engenho de Dentro<\/strong>, Engenho Novo, Ilha do\u00a0Fund\u00e3o, Jardim Am\u00e9rica, Lins de Vasconcelos, Guadalupe, Graja\u00fa, Higien\u00f3polis,\u00a0Hon\u00f3rio Gurgel, <strong>Ilha do Governador,<\/strong>\u00a0<strong>Inha\u00fama<\/strong>, <strong>Iraj\u00e1<\/strong>, Madureira, Quintino, Maracan\u00e3, Maria da Gra\u00e7a, Marechal Hermes,\u00a0<strong>M\u00e9ier<\/strong>, Olaria, Oswaldo Cruz, Padre Miguel, Pavuna, Penha, Piedade, Pilares, Ramos, Realengo, Rocha, Rocha Miranda, Riachuelo, Ricardo de Albuquerque, Sampaio, S\u00e3o Francisco Xavier, S\u00e3o Cristov\u00e3o,\u00a0<strong>Tijuca<\/strong>, Todos os Santos, Tom\u00e1s Coelho, Turia\u00e7\u00fa, Vaz Lobo, Vista Alegre, Vicente de Carvalho, Vig\u00e1rio Geral,\u00a0<strong>Vila da Penha<\/strong>, <strong>Vila Isabel<\/strong>,\u00a0Campinhos<\/li>\n<\/ul>\n[\/vc_column_text][vc_empty_space height=&#8221;20px&#8221;][\/vc_column][vc_column width=&#8221;1\/4&#8243;][vc_column_text]\n<ul>\n<li><strong>Zona Oeste:<\/strong> Anil, Bangu,\u00a0<strong>Barra da Tijuca<\/strong>, Freguesia, <strong>Jacarepagu\u00e1<\/strong>, Pechincha, <strong>Recreio<\/strong>, Sulacap, Tanque,<strong> Taquara<\/strong>, Vargem Grande, Vargem Pequena, Vila Valqueire, Cidade de Deus, Pra\u00e7a Seca.<\/li>\n<\/ul>\n[\/vc_column_text][vc_empty_space height=&#8221;10px&#8221;][vc_column_text]\n<ul>\n<li><strong>Centro:<\/strong> Centro, <strong>Santa Teresa<\/strong>, Santo Cristo, <strong>Rio Comprido<\/strong>, Est\u00e1cio, Catumbi, Riachuelo, Pra\u00e7a da Bandeira.<\/li>\n<\/ul>\n[\/vc_column_text][\/vc_column][\/vc_row][vc_row][vc_column width=&#8221;1\/1&#8243;][vc_facebook type=&#8221;button_count&#8221;][\/vc_column][\/vc_row]\n","protected":false},"excerpt":{"rendered":"<p>[vc_row][vc_column width=&#8221;1\/1&#8243;][vc_empty_space height=&#8221;30px&#8221;][vc_column_text] BOX VERSATIK\u00a0 [\/vc_column_text][vc_empty_space height=&#8221;20px&#8221;][vc_column_text] BOX VERSATIK TRANSFER BT2 COM 2 M\u00d3VEIS TRANSFER BT3 COM 1 FIXO E 2 M\u00d3VEIS \u00c9 mais uma op\u00e7\u00e3o de box para adquirir mais abertura, indicado para v\u00e3os pequenos como Box para banheiros, \u00c1reas de servi\u00e7os, Sacadas, Arm\u00e1rios,&#8230;<\/p>\n","protected":false},"author":5,"featured_media":0,"parent":0,"menu_order":0,"comment_status":"closed","ping_status":"closed","template":"","meta":[],"_links":{"self":[{"href":"http:\/\/olividros.com.br\/box-para-banheiros\/wp-json\/wp\/v2\/pages\/9583"}],"collection":[{"href":"http:\/\/olividros.com.br\/box-para-banheiros\/wp-json\/wp\/v2\/pages"}],"about":[{"href":"http:\/\/olividros.com.br\/box-para-banheiros\/wp-json\/wp\/v2\/types\/page"}],"author":[{"embeddable":true,"href":"http:\/\/olividros.com.br\/box-para-banheiros\/wp-json\/wp\/v2\/users\/5"}],"replies":[{"embeddable":true,"href":"http:\/\/olividros.com.br\/box-para-banheiros\/wp-json\/wp\/v2\/comments?post=9583"}],"version-history":[{"count":28,"href":"http:\/\/olividros.com.br\/box-para-banheiros\/wp-json\/wp\/v2\/pages\/9583\/revisions"}],"predecessor-version":[{"id":12115,"href":"http:\/\/olividros.com.br\/box-para-banheiros\/wp-json\/wp\/v2\/pages\/9583\/revisions\/12115"}],"wp:attachment":[{"href":"http:\/\/olividros.com.br\/box-para-banheiros\/wp-json\/wp\/v2\/media?parent=9583"}],"curies":[{"name":"wp","href":"https:\/\/api.w.org\/{rel}","templated":true}]}}