{"id":9575,"date":"2016-07-19T04:44:43","date_gmt":"2016-07-19T04:44:43","guid":{"rendered":"http:\/\/olividros.com.br\/box-para-banheiros\/?page_id=9575"},"modified":"2026-02-06T03:51:57","modified_gmt":"2026-02-06T03:51:57","slug":"basculantes-de-blindex","status":"publish","type":"page","link":"http:\/\/olividros.com.br\/box-para-banheiros\/basculantes-de-blindex\/","title":{"rendered":"BASCULANTES DE BLINDEX"},"content":{"rendered":"[vc_row][vc_column][vc_empty_space height=&#8221;30px&#8221;][vc_column_text]\n<h1 style=\"text-align: center;\"><span style=\"color: #0094e0;\"><em><strong>BASCULANTES DE BLINDEX<\/strong><\/em><\/span><\/h1>\n[\/vc_column_text][vc_empty_space height=&#8221;20px&#8221;][vc_column_text]\n<h2 style=\"text-align: justify;\"><em><strong><a title=\"b\u00e1scula sistema correntinha\" href=\"http:\/\/janelasnewtemper.blogspot.com.br\" target=\"_blank\" rel=\"noopener\">BASCULAS DE VIDRO TEMPERADO<\/a><\/strong><\/em><\/h2>\n<h2 data-start=\"346\" data-end=\"450\">Basculante de Blindex \u2013 Janela Basculante de Vidro Temperado para Banheiro, Cozinha e \u00c1rea de Servi\u00e7o<\/h2>\n<p data-start=\"452\" data-end=\"842\">O <strong data-start=\"454\" data-end=\"479\">basculante de Blindex<\/strong> \u00e9 uma solu\u00e7\u00e3o moderna, segura e funcional para quem busca <strong data-start=\"538\" data-end=\"578\">janela basculante de vidro temperado<\/strong> com excelente ventila\u00e7\u00e3o, ilumina\u00e7\u00e3o natural e acabamento sofisticado. Produzido em <strong data-start=\"663\" data-end=\"690\">vidro temperado Blindex<\/strong>, esse modelo de <strong data-start=\"707\" data-end=\"730\">basculante de vidro<\/strong> \u00e9 ideal para ambientes residenciais e comerciais que exigem resist\u00eancia, durabilidade e est\u00e9tica contempor\u00e2nea.<\/p>\n<p data-start=\"844\" data-end=\"1119\">A <strong data-start=\"846\" data-end=\"878\">janela basculante de Blindex<\/strong> \u00e9 amplamente utilizada como <strong data-start=\"907\" data-end=\"935\">basculante para banheiro<\/strong>, <strong data-start=\"937\" data-end=\"973\">basculante de vidro para cozinha<\/strong> e <strong data-start=\"976\" data-end=\"1022\">basculante de Blindex para \u00e1rea de servi\u00e7o<\/strong>, garantindo circula\u00e7\u00e3o de ar constante sem comprometer a privacidade ou a seguran\u00e7a do ambiente.<\/p>\n<hr data-start=\"1121\" data-end=\"1124\" \/>\n<h2 data-start=\"1126\" data-end=\"1182\">Vidro Temperado Blindex: Seguran\u00e7a e Alta Resist\u00eancia<\/h2>\n<p data-start=\"1184\" data-end=\"1507\">O <strong data-start=\"1186\" data-end=\"1213\">vidro temperado Blindex<\/strong> utilizado no <strong data-start=\"1227\" data-end=\"1260\">basculante de vidro temperado<\/strong> passa por tratamento t\u00e9rmico que aumenta sua resist\u00eancia em at\u00e9 cinco vezes em rela\u00e7\u00e3o ao vidro comum. Em caso de quebra, o vidro se fragmenta em pequenos peda\u00e7os n\u00e3o cortantes, tornando o <strong data-start=\"1450\" data-end=\"1475\">basculante de Blindex<\/strong> uma escolha segura e confi\u00e1vel.<\/p>\n<p data-start=\"1509\" data-end=\"1653\">Por atender \u00e0s normas t\u00e9cnicas da constru\u00e7\u00e3o civil, o <strong data-start=\"1563\" data-end=\"1604\">basculante de vidro temperado Blindex<\/strong> \u00e9 indicado para \u00e1reas \u00famidas e de uso frequente.<\/p>\n<hr data-start=\"1655\" data-end=\"1658\" \/>\n<h2 data-start=\"1660\" data-end=\"1709\">Principais Benef\u00edcios do Basculante de Blindex<\/h2>\n<ul data-start=\"1711\" data-end=\"2072\">\n<li data-start=\"1711\" data-end=\"1768\">\n<p data-start=\"1713\" data-end=\"1768\">Excelente ventila\u00e7\u00e3o com <strong data-start=\"1738\" data-end=\"1768\">janela basculante de vidro<\/strong><\/p>\n<\/li>\n<li data-start=\"1769\" data-end=\"1819\">\n<p data-start=\"1771\" data-end=\"1819\">Alta durabilidade do <strong data-start=\"1792\" data-end=\"1819\">vidro temperado Blindex<\/strong><\/p>\n<\/li>\n<li data-start=\"1820\" data-end=\"1847\">\n<p data-start=\"1822\" data-end=\"1847\">Design moderno e discreto<\/p>\n<\/li>\n<li data-start=\"1848\" data-end=\"1876\">\n<p data-start=\"1850\" data-end=\"1876\">F\u00e1cil limpeza e manuten\u00e7\u00e3o<\/p>\n<\/li>\n<li data-start=\"1877\" data-end=\"1918\">\n<p data-start=\"1879\" data-end=\"1918\">Ideal como <strong data-start=\"1890\" data-end=\"1918\">basculante para banheiro<\/strong><\/p>\n<\/li>\n<li data-start=\"1919\" data-end=\"1976\">\n<p data-start=\"1921\" data-end=\"1976\">\u00d3tima solu\u00e7\u00e3o como <strong data-start=\"1940\" data-end=\"1976\">basculante de vidro para cozinha<\/strong><\/p>\n<\/li>\n<li data-start=\"1977\" data-end=\"2028\">\n<p data-start=\"1979\" data-end=\"2028\">Compat\u00edvel com <strong data-start=\"1994\" data-end=\"2028\">esquadria de vidro em alum\u00ednio<\/strong><\/p>\n<\/li>\n<li data-start=\"2029\" data-end=\"2072\">\n<p data-start=\"2031\" data-end=\"2072\">Dispon\u00edvel como <strong data-start=\"2047\" data-end=\"2072\">basculante sob medida<\/strong><\/p>\n<\/li>\n<\/ul>\n<hr data-start=\"2074\" data-end=\"2077\" \/>\n<h2 data-start=\"2079\" data-end=\"2125\">Aplica\u00e7\u00f5es do Basculante de Vidro Temperado<\/h2>\n<p data-start=\"2127\" data-end=\"2205\">O <strong data-start=\"2129\" data-end=\"2154\">basculante de Blindex<\/strong> \u00e9 extremamente vers\u00e1til e pode ser utilizado como:<\/p>\n<ul data-start=\"2207\" data-end=\"2442\">\n<li data-start=\"2207\" data-end=\"2248\">\n<p data-start=\"2209\" data-end=\"2248\"><strong data-start=\"2209\" data-end=\"2248\">Basculante de Blindex para banheiro<\/strong><\/p>\n<\/li>\n<li data-start=\"2249\" data-end=\"2297\">\n<p data-start=\"2251\" data-end=\"2297\"><strong data-start=\"2251\" data-end=\"2297\">Basculante de vidro temperado para cozinha<\/strong><\/p>\n<\/li>\n<li data-start=\"2298\" data-end=\"2344\">\n<p data-start=\"2300\" data-end=\"2344\"><strong data-start=\"2300\" data-end=\"2344\">Basculante de vidro para \u00e1rea de servi\u00e7o<\/strong><\/p>\n<\/li>\n<li data-start=\"2345\" data-end=\"2392\">\n<p data-start=\"2347\" data-end=\"2392\"><strong data-start=\"2347\" data-end=\"2392\">Janela de vidro temperado para lavanderia<\/strong><\/p>\n<\/li>\n<li data-start=\"2393\" data-end=\"2442\">\n<p data-start=\"2395\" data-end=\"2442\"><strong data-start=\"2395\" data-end=\"2442\">Basculante de vidro em ambientes comerciais<\/strong><\/p>\n<\/li>\n<\/ul>\n<p data-start=\"2444\" data-end=\"2566\">Sua funcionalidade faz da <strong data-start=\"2470\" data-end=\"2510\">janela basculante de vidro temperado<\/strong> uma das esquadrias de vidro mais procuradas do mercado.<\/p>\n<hr data-start=\"2568\" data-end=\"2571\" \/>\n<h2 data-start=\"2573\" data-end=\"2617\">Estrutura, Esquadria de Vidro e Ferragens<\/h2>\n<p data-start=\"2619\" data-end=\"2884\">O <strong data-start=\"2621\" data-end=\"2644\">basculante de vidro<\/strong> pode ser instalado com <strong data-start=\"2668\" data-end=\"2702\">esquadria de vidro em alum\u00ednio<\/strong>, dispon\u00edvel nas cores branco, preto, bronze ou natural. As ferragens espec\u00edficas para <strong data-start=\"2789\" data-end=\"2822\">basculante de vidro temperado<\/strong> garantem abertura suave, travamento seguro e longa vida \u00fatil.<\/p>\n<p data-start=\"2886\" data-end=\"2973\">Todo o conjunto \u00e9 projetado para oferecer estabilidade, seguran\u00e7a e acabamento premium.<\/p>\n<hr data-start=\"2975\" data-end=\"2978\" \/>\n<h2 data-start=\"2980\" data-end=\"3015\">Basculante de Blindex Sob Medida<\/h2>\n<p data-start=\"3017\" data-end=\"3255\">Trabalhamos com <strong data-start=\"3033\" data-end=\"3058\">basculante sob medida<\/strong>, fabricado de acordo com as dimens\u00f5es do seu projeto. Cada <strong data-start=\"3118\" data-end=\"3150\">janela basculante de Blindex<\/strong> \u00e9 produzida com precis\u00e3o t\u00e9cnica, garantindo encaixe perfeito, veda\u00e7\u00e3o eficiente e excelente desempenho.<\/p>\n<p data-start=\"3257\" data-end=\"3374\">A instala\u00e7\u00e3o profissional do <strong data-start=\"3286\" data-end=\"3319\">basculante de vidro temperado<\/strong> \u00e9 essencial para assegurar seguran\u00e7a e funcionalidade.<\/p>\n<hr data-start=\"3376\" data-end=\"3379\" \/>\n<h2 data-start=\"3381\" data-end=\"3434\">Manuten\u00e7\u00e3o da Janela Basculante de Vidro Temperado<\/h2>\n<p data-start=\"3436\" data-end=\"3488\">A manuten\u00e7\u00e3o do <strong data-start=\"3452\" data-end=\"3477\">basculante de Blindex<\/strong> \u00e9 simples:<\/p>\n<ul data-start=\"3489\" data-end=\"3614\">\n<li data-start=\"3489\" data-end=\"3539\">\n<p data-start=\"3491\" data-end=\"3539\">Limpeza regular da <strong data-start=\"3510\" data-end=\"3539\">janela de vidro temperado<\/strong><\/p>\n<\/li>\n<li data-start=\"3540\" data-end=\"3567\">\n<p data-start=\"3542\" data-end=\"3567\">Verifica\u00e7\u00e3o das ferragens<\/p>\n<\/li>\n<li data-start=\"3568\" data-end=\"3614\">\n<p data-start=\"3570\" data-end=\"3614\">Lubrifica\u00e7\u00e3o peri\u00f3dica do sistema basculante<\/p>\n<\/li>\n<\/ul>\n<p data-start=\"3616\" data-end=\"3732\">Com cuidados b\u00e1sicos, o <strong data-start=\"3640\" data-end=\"3681\">basculante de vidro temperado Blindex<\/strong> mant\u00e9m sua apar\u00eancia e efici\u00eancia por muitos anos.<\/p>\n<hr data-start=\"3734\" data-end=\"3737\" \/>\n<h2 data-start=\"3739\" data-end=\"3784\">Por Que Escolher um Basculante de Blindex?<\/h2>\n<p data-start=\"3786\" data-end=\"4071\">O <strong data-start=\"3788\" data-end=\"3813\">basculante de Blindex<\/strong> \u00e9 a escolha certa para quem busca <strong data-start=\"3848\" data-end=\"3878\">janela basculante de vidro<\/strong>, <strong data-start=\"3880\" data-end=\"3907\">vidro temperado Blindex<\/strong>, <strong data-start=\"3909\" data-end=\"3939\">esquadria de vidro moderna<\/strong> e excelente custo-benef\u00edcio. Al\u00e9m de funcional, valoriza o im\u00f3vel e atende \u00e0s exig\u00eancias est\u00e9ticas e t\u00e9cnicas da arquitetura atual.<\/p>\n<p>Vantagens:<br \/>\n-Possibilita ventila\u00e7\u00e3o das partes inferiores, mesmo nos dias chuvosos<br \/>\n-N\u00e3o ocupa espa\u00e7o interno<br \/>\n&#8211; F\u00e1cil limpeza<\/p>\n<p>Desvantagens:<br \/>\n&#8211; Libera\u00e7\u00e3o parcial do v\u00e3o para ventila\u00e7\u00e3o<br \/>\n&#8211; n\u00e3o permite o uso de grades ou telas externas<\/p>\n<p>I Manuten\u00e7\u00e3o<\/p>\n<p>DICAS DE MANUTEN\u00c7\u00c3O:<br \/>\nO box, porta ou janela deve ser submetido \u00e0 manuten\u00e7\u00e3o, sempre que apresentar qualquer irregularidade:<br \/>\n\u2013 Porta ou janelas abrindo com dificuldade;<br \/>\n\u2013 Roldana quebrada ou com flexibilidade excessiva;<br \/>\n\u2013 Excesso de balan\u00e7o no conjunto;<br \/>\n\u2013 Contato da fechadura ou trinco com lateral fixa;<br \/>\nMesmo que seu box, porta ou janela n\u00e3o apresentem irregularidades em seu funcionamento \u00e9 aconselh\u00e1vel que os mesmos sejas submetidos a manuten\u00e7\u00e3o pelo menos uma vez ao ano.<\/p>\n<p>DICAS DE LIMPEZA:<br \/>\nPara conservar a beleza do seu vidro, mantenha-o sempre limpo e seco, seguindo as instru\u00e7\u00f5es abaixo:<br \/>\n\u2013 Nunca use produtos abrasivos, como lixa, palha de a\u00e7o, etc;<br \/>\n\u2013 Nunca use \u00e1cidos;<br \/>\n\u2013 Nunca use facas ou objetos pontiagudos para retirar adesivos;<br \/>\n\u2013 Use somente \u00e1gua, sab\u00e3o ou detergente neutro ou ainda produtos espec\u00edficos para vidros;<\/p>\n<p>RECOMENDA\u00c7\u00d5ES:<br \/>\n\u2013 Evite o choque de materiais r\u00edgidos contra o vidro;<br \/>\n\u2013 Evite impactos violentos na abertura ou fechamento;<br \/>\n\u2013 N\u00e3o deixe crian\u00e7as desacompanhadas utilizarem o vidro;<br \/>\n\u2013 Em caso de mau funcionamento, entre em contato imediato com a empresa que vendeu e instalou o vidro<\/p>\n<h3 style=\"text-align: justify;\"><em><strong><a title=\"b\u00e1scula sistema correntinha\" href=\"http:\/\/janelasnewtemper.blogspot.com.br\" target=\"_blank\" rel=\"noopener\">B\u00c1SCULAS SISTEMA MAX-AR \/ CORRENTINHA \/ PIVOTANTE<\/a><\/strong><\/em><\/h3>\n<ul>\n<li style=\"text-align: left;\">B\u00e1sculas de vidro temperado RJ<b>\u2713<\/b><\/li>\n<li style=\"text-align: left;\">Janelas sistema correntinha<b>\u2713<\/b><\/li>\n<li style=\"text-align: left;\">Basculante de vidro<b>\u2713<\/b><\/li>\n<li style=\"text-align: left;\">B\u00e1sculas de vidro temperado pre\u00e7o<b>\u2713<\/b><\/li>\n<li style=\"text-align: left;\">B\u00e1sculas de blindex<b>\u2713<\/b><\/li>\n<li style=\"text-align: left;\">Melhor pre\u00e7o de b\u00e1scula correntinha<b>\u2713<\/b><\/li>\n<li style=\"text-align: left;\">Basculante pre\u00e7o<b>\u2713<\/b><\/li>\n<li style=\"text-align: left;\">B\u00e1scula de vidro jateado pre\u00e7o<b>\u2713<\/b><\/li>\n<\/ul>\n<p><strong><a title=\"OR\u00c7AMENTO\" href=\"http:\/\/olividros.com.br\/box-para-banheiros\/orcamento\/\" target=\"_blank\" rel=\"noopener\">CLIQUE AQUI E PE\u00c7A SEU OR\u00c7AMENTO SEM COMPROMISSO<\/a><\/strong>[\/vc_column_text][vc_empty_space height=&#8221;20px&#8221;][vc_gallery type=&#8221;image_grid&#8221; images=&#8221;9930,9931,9933,9934,9932&#8243; img_size=&#8221;full&#8221; column_number=&#8221;5&#8243;][vc_empty_space height=&#8221;20px&#8221;][vc_row_inner][vc_column_inner width=&#8221;1\/3&#8243;][vc_column_text]\n<h2 style=\"text-align: center;\">B\u00c1SCULA DE BLINDEX<br \/>\nSISTEMA CORRENTINHA<\/h2>\n[\/vc_column_text][vc_empty_space height=&#8221;5px&#8221;][vc_video link=&#8221;https:\/\/www.youtube.com\/watch?v=tzxb4zDufno&#8221;][vc_empty_space height=&#8221;20px&#8221;][\/vc_column_inner][vc_column_inner width=&#8221;1\/3&#8243;][vc_column_text]\n<h2 style=\"text-align: center;\">B\u00c1SCULA DE BLINDEX<br \/>\nMAX-AR<\/h2>\n[\/vc_column_text][vc_empty_space height=&#8221;5px&#8221;][vc_video link=&#8221;https:\/\/www.youtube.com\/watch?v=8IzqvDg0QcI&#8221;][vc_empty_space height=&#8221;20px&#8221;][\/vc_column_inner][vc_column_inner width=&#8221;1\/3&#8243;][vc_column_text]\n<h2 style=\"text-align: center;\">B\u00c1SCULA PIVOTANTE DE BLINDEX<\/h2>\n[\/vc_column_text][vc_empty_space height=&#8221;5px&#8221;][vc_video link=&#8221;https:\/\/www.youtube.com\/watch?v=ERiTuXIspv8&#8243;][vc_empty_space height=&#8221;20px&#8221;][\/vc_column_inner][\/vc_row_inner][vc_row_inner][vc_column_inner width=&#8221;1\/2&#8243;][vc_single_image image=&#8221;11121&#8243; img_size=&#8221;1200&#215;200&#8243; onclick=&#8221;custom_link&#8221; link=&#8221;https:\/\/api.whatsapp.com\/send?phone=5521995505345&amp;text=Orcamento%20Vidracaria!&#8221;][\/vc_column_inner][vc_column_inner width=&#8221;1\/2&#8243;][vc_column_text]\n<h1><a href=\"https:\/\/api.whatsapp.com\/send?phone=5521995505345&amp;text=Orcamento%20Vidracaria!\" target=\"_blank\" rel=\"noopener\"><strong>Agilize o seu atendimento\u00a0 \u00a0 \u00a0 \u00a0 \u00a0<span class=\"color_11\"><img decoding=\"async\" loading=\"lazy\" class=\" alignnone\" src=\"https:\/\/static.wixstatic.com\/media\/851e20_66e0591e9e2a4e1790e05bf4949eeb37.png\/v1\/fill\/w_38,h_39,al_c,usm_0.66_1.00_0.01\/851e20_66e0591e9e2a4e1790e05bf4949eeb37.png\" alt=\"\" width=\"52\" height=\"53\" \/>|21| 99550-5345<\/span><\/strong><\/a><\/h1>\n[\/vc_column_text][vc_single_image image=&#8221;12045&#8243; img_size=&#8221;1200&#215;300&#8243; alignment=&#8221;center&#8221; onclick=&#8221;custom_link&#8221; link=&#8221;https:\/\/api.whatsapp.com\/send?phone=5521995505345&amp;text=Orcamento%20Vidracaria!&#8221; title=&#8221;FALE COM UM ESPECIALISTA&#8221;][\/vc_column_inner][\/vc_row_inner][vc_empty_space height=&#8221;20px&#8221;][\/vc_column][\/vc_row][vc_row][vc_column width=&#8221;1\/4&#8243;][vc_column_text]\n<h2>Solicite um\u00a0Or\u00e7amento<\/h2>\n[\/vc_column_text][vc_single_image image=&#8221;10351&#8243;][vc_empty_space height=&#8221;20px&#8221;][\/vc_column][vc_column width=&#8221;3\/4&#8243;][vc_column_text]\n<h3>Preencha o formul\u00e1rio e logo retornaremos:<\/h3>\n[\/vc_column_text]<div role=\"form\" class=\"wpcf7\" id=\"wpcf7-f8637-o1\" lang=\"pt-BR\" dir=\"ltr\">\n<div class=\"screen-reader-response\"><\/div>\n<form action=\"\/box-para-banheiros\/wp-json\/wp\/v2\/pages\/9575#wpcf7-f8637-o1\" method=\"post\" class=\"wpcf7-form\" novalidate=\"novalidate\">\n<div style=\"display: none;\">\n<input type=\"hidden\" name=\"_wpcf7\" value=\"8637\" \/>\n<input type=\"hidden\" name=\"_wpcf7_version\" value=\"4.2.2\" \/>\n<input type=\"hidden\" name=\"_wpcf7_locale\" value=\"pt_BR\" \/>\n<input type=\"hidden\" name=\"_wpcf7_unit_tag\" value=\"wpcf7-f8637-o1\" \/>\n<input type=\"hidden\" name=\"_wpnonce\" value=\"95ef52f006\" \/>\n<\/div>\n<div class=\"contact_form\">\n<div class=\"two_columns_50_50 clearfix\">\n<div class=\"column1\">\n<div class=\"column_inner\">Nome:\n<p><span class=\"wpcf7-form-control-wrap your-name\"><input type=\"text\" name=\"your-name\" value=\"\" size=\"40\" class=\"wpcf7-form-control wpcf7-text wpcf7-validates-as-required\" aria-required=\"true\" aria-invalid=\"false\" \/><\/span><\/p><\/div>\n<\/div>\n<div class=\"column2\">\n<div class=\"column_inner\">Telefone:\n<p><span class=\"wpcf7-form-control-wrap your-telefone\"><input type=\"text\" name=\"your-telefone\" value=\"\" size=\"40\" class=\"wpcf7-form-control wpcf7-text wpcf7-validates-as-required\" aria-required=\"true\" aria-invalid=\"false\" \/><\/span><\/p><\/div>\n<\/div>\n<\/div>\n<div class=\"two_columns_50_50 clearfix\">Email:\n<p><span class=\"wpcf7-form-control-wrap your-email\"><input type=\"text\" name=\"your-email\" value=\"\" size=\"40\" class=\"wpcf7-form-control wpcf7-text wpcf7-validates-as-required\" aria-required=\"true\" aria-invalid=\"false\" \/><\/span><\/p><\/div>\n<p>Mensagem:<\/p>\n<p><span class=\"wpcf7-form-control-wrap your-message\"><textarea name=\"your-message\" cols=\"40\" rows=\"10\" class=\"wpcf7-form-control wpcf7-textarea wpcf7-validates-as-required\" aria-required=\"true\" aria-invalid=\"false\"><\/textarea><\/span><\/p>\n<p><input type=\"submit\" value=\"Enviar\" class=\"wpcf7-form-control wpcf7-submit qbutton\" \/><\/p>\n<\/div>\n<p style=\"display: none !important;\" class=\"akismet-fields-container\" data-prefix=\"_wpcf7_ak_\"><label>&#916;<textarea name=\"_wpcf7_ak_hp_textarea\" cols=\"45\" rows=\"8\" maxlength=\"100\"><\/textarea><\/label><input type=\"hidden\" id=\"ak_js_1\" name=\"_wpcf7_ak_js\" value=\"173\"\/><script>document.getElementById( \"ak_js_1\" ).setAttribute( \"value\", ( new Date() ).getTime() );<\/script><\/p><div class=\"wpcf7-response-output wpcf7-display-none\"><\/div><\/form><\/div>[\/vc_column][\/vc_row][vc_row][vc_column][vc_column_text]\n<h1 style=\"text-align: center;\"><a title=\"OR\u00c7AMENTO\" href=\"http:\/\/olividros.com.br\/box-para-banheiros\/orcamento\/\" target=\"_blank\" rel=\"noopener\"><span style=\"color: #0094e0;\"><em><strong>\u00c1REAS DE ATENDIMENTO<\/strong><\/em><\/span><\/a><\/h1>\n[\/vc_column_text][vc_empty_space height=&#8221;10px&#8221;][vc_row_inner][vc_column_inner width=&#8221;1\/4&#8243;][vc_column_text]\n<ul>\n<li><strong>Zona Sul:<\/strong>\u00a0<strong>Botafogo<\/strong>, Humait\u00e1, Arpoador, <strong>Catete<\/strong>,\u00a0Cosme Velho, <strong>Copacabana<\/strong>,\u00a0<strong>Flamengo<\/strong>, G\u00e1vea, Gl\u00f3ria, Ipanema, Jardim Bot\u00e2nico, Lagoa,<strong> Laranjeiras<\/strong>, Largo do Machado, <strong>Leblon<\/strong>, Leme, S\u00e3o Conrado, Urca.<\/li>\n<\/ul>\n[\/vc_column_text][vc_empty_space height=&#8221;10px&#8221;][vc_column_text]\n<ul>\n<li><strong>Baixada Fluminense<\/strong>:\u00a0S\u00e3o Jo\u00e3o de Meriti, Belford Roxo, Ricardo de Albuquerque, Queimados, Nova Igua\u00e7u,<strong> Nil\u00f3polis<\/strong>, Mesquita, Juscelino, Pavuna, \u00c9den, Vilar dos Teles.<\/li>\n<\/ul>\n[\/vc_column_text][\/vc_column_inner][vc_column_inner width=&#8221;1\/2&#8243;][vc_column_text]\n<ul>\n<li>\n<ul>\n<li><strong>Zona Norte:<\/strong>\u00a0Aboli\u00e7\u00e3o, \u00c1gua Santa, Alto da Boa Vista,\u00a0<strong><span style=\"text-decoration: underline;\">Andara\u00ed<\/span><\/strong>, Anchieta, Barros Filho, Benfica, Br\u00e1s de Pina, Bento Ribeiro, Bonsucesso,\u00a0<strong>Cachambi<\/strong>,\u00a0Caj\u00fa, Campo Grande, Cascadura, Cavalcante, Col\u00e9gio, Costa Barros, Coelho Neto, Coelho da Rocha, Cordovil, Del Castilho, Encantado, Engenheiro Leal, Engenho da Rainha,\u00a0<strong>Engenho de Dentro<\/strong>, Engenho Novo, Ilha do\u00a0Fund\u00e3o, Jardim Am\u00e9rica, Lins de Vasconcelos, Guadalupe,\u00a0<strong><span style=\"text-decoration: underline;\">Graja\u00fa<\/span><\/strong>, Higien\u00f3polis,\u00a0Hon\u00f3rio Gurgel,\u00a0<strong>Ilha do Governador,<\/strong>\u00a0<strong>Inha\u00fama<\/strong>,\u00a0<strong>Iraj\u00e1<\/strong>, Madureira, Quintino, Maracan\u00e3, Maria da Gra\u00e7a, Marechal Hermes,\u00a0<span style=\"text-decoration: underline;\"><strong>M\u00e9ier<\/strong><\/span>, Olaria, Oswaldo Cruz, Padre Miguel, Pavuna, Penha, Piedade, Pilares, Ramos, Realengo, Rocha, Rocha Miranda, Riachuelo, Ricardo de Albuquerque, Sampaio, S\u00e3o Francisco Xavier, S\u00e3o Cristov\u00e3o,<a title=\"CORTINA DE VIDRO \u2013 ENVIDRA\u00c7AMENTO DE SACADA TEC-VIDRO\" href=\"http:\/\/olividros.com.br\/box-para-banheiros\/cortina-de-vidro\/\" target=\"_blank\" rel=\"noopener\">\u00a0<span style=\"text-decoration: underline;\"><strong>Tijuca<\/strong><\/span><\/a>, Todos os Santos, Tom\u00e1s Coelho, Turia\u00e7\u00fa, Vaz Lobo, Vista Alegre, Vicente de Carvalho, Vig\u00e1rio Geral,\u00a0<strong>Vila da Penha<\/strong>,\u00a0<span style=\"text-decoration: underline;\"><strong>Vila Isabel<\/strong><\/span>,\u00a0Campinhos, Usina.<\/li>\n<\/ul>\n<\/li>\n<\/ul>\n[\/vc_column_text][vc_empty_space height=&#8221;20px&#8221;][\/vc_column_inner][vc_column_inner width=&#8221;1\/4&#8243;][vc_column_text]\n<ul>\n<li>\n<ul>\n<li><strong>Zona Oeste:<\/strong> Anil, Bangu,\u00a0<strong>Barra da Tijuca<\/strong>, Freguesia, <strong>Jacarepagu\u00e1<\/strong>, Pechincha, <strong>Recreio<\/strong>, Sulacap, Tanque,<strong> Taquara<\/strong>, Vargem Grande, Vargem Pequena, Vila Valqueire, Cidade de Deus, Pra\u00e7a Seca.<\/li>\n<\/ul>\n<\/li>\n<\/ul>\n[\/vc_column_text][vc_empty_space height=&#8221;10px&#8221;][vc_column_text]\n<ul>\n<li><strong>Centro:<\/strong> Centro, <strong>Santa Teresa<\/strong>, Bairro de F\u00e1tima, Santo Cristo, <strong>Rio Comprido<\/strong>, Est\u00e1cio, Catumbi, Riachuelo, Pra\u00e7a da Bandeira.<\/li>\n<\/ul>\n[\/vc_column_text][\/vc_column_inner][\/vc_row_inner][\/vc_column][\/vc_row][vc_row][vc_column][vc_tweetmeme][vc_facebook type=&#8221;button_count&#8221;][vc_pinterest][vc_gmaps link=&#8221;#E-8_JTNDaWZyYW1lJTIwc3JjJTNEJTIyaHR0cHMlM0ElMkYlMkZ3d3cuZ29vZ2xlLmNvbSUyRm1hcHMlMkZlbWJlZCUzRnBiJTNEJTIxMW0xOCUyMTFtMTIlMjExbTMlMjExZDYzMDQuODI5OTg2MTMxMjcxJTIxMmQtMTIyLjQ3NDY5NjgwMzMwOTIlMjEzZDM3LjgwMzc0NzUyMTYwNDQzJTIxMm0zJTIxMWYwJTIxMmYwJTIxM2YwJTIxM20yJTIxMWkxMDI0JTIxMmk3NjglMjE0ZjEzLjElMjEzbTMlMjExbTIlMjExczB4ODA4NTg2ZTYzMDI2MTVhMSUyNTNBMHg4NmJkMTMwMjUxNzU3YzAwJTIxMnNTdG9yZXklMkJBdmUlMjUyQyUyQlNhbiUyQkZyYW5jaXNjbyUyNTJDJTJCQ0ElMkI5NDEyOSUyMTVlMCUyMTNtMiUyMTFzZW4lMjEyc3VzJTIxNHYxNDM1ODI2NDMyMDUxJTIyJTIwd2lkdGglM0QlMjI2MDAlMjIlMjBoZWlnaHQlM0QlMjI0NTAlMjIlMjBmcmFtZWJvcmRlciUzRCUyMjAlMjIlMjBzdHlsZSUzRCUyMmJvcmRlciUzQTAlMjIlMjBhbGxvd2Z1bGxzY3JlZW4lM0UlM0MlMkZpZnJhbWUlM0U=&#8221;][\/vc_column][\/vc_row]\n","protected":false},"excerpt":{"rendered":"<p>[vc_row][vc_column][vc_empty_space height=&#8221;30px&#8221;][vc_column_text] BASCULANTES DE BLINDEX [\/vc_column_text][vc_empty_space height=&#8221;20px&#8221;][vc_column_text] BASCULAS DE VIDRO TEMPERADO Basculante de Blindex \u2013 Janela Basculante de Vidro Temperado para Banheiro, Cozinha e \u00c1rea de Servi\u00e7o O basculante de Blindex \u00e9 uma solu\u00e7\u00e3o moderna, segura e funcional para quem busca janela basculante de vidro&#8230;<\/p>\n","protected":false},"author":5,"featured_media":0,"parent":0,"menu_order":0,"comment_status":"closed","ping_status":"closed","template":"","meta":[],"_links":{"self":[{"href":"http:\/\/olividros.com.br\/box-para-banheiros\/wp-json\/wp\/v2\/pages\/9575"}],"collection":[{"href":"http:\/\/olividros.com.br\/box-para-banheiros\/wp-json\/wp\/v2\/pages"}],"about":[{"href":"http:\/\/olividros.com.br\/box-para-banheiros\/wp-json\/wp\/v2\/types\/page"}],"author":[{"embeddable":true,"href":"http:\/\/olividros.com.br\/box-para-banheiros\/wp-json\/wp\/v2\/users\/5"}],"replies":[{"embeddable":true,"href":"http:\/\/olividros.com.br\/box-para-banheiros\/wp-json\/wp\/v2\/comments?post=9575"}],"version-history":[{"count":53,"href":"http:\/\/olividros.com.br\/box-para-banheiros\/wp-json\/wp\/v2\/pages\/9575\/revisions"}],"predecessor-version":[{"id":12431,"href":"http:\/\/olividros.com.br\/box-para-banheiros\/wp-json\/wp\/v2\/pages\/9575\/revisions\/12431"}],"wp:attachment":[{"href":"http:\/\/olividros.com.br\/box-para-banheiros\/wp-json\/wp\/v2\/media?parent=9575"}],"curies":[{"name":"wp","href":"https:\/\/api.w.org\/{rel}","templated":true}]}}