{"id":9571,"date":"2016-07-19T04:43:57","date_gmt":"2016-07-19T04:43:57","guid":{"rendered":"http:\/\/olividros.com.br\/box-para-banheiros\/?page_id=9571"},"modified":"2024-02-08T11:59:37","modified_gmt":"2024-02-08T11:59:37","slug":"tampos-vidro-mesa","status":"publish","type":"page","link":"http:\/\/olividros.com.br\/box-para-banheiros\/tampos-vidro-mesa\/","title":{"rendered":"TAMPOS DE VIDRO PARA MESA"},"content":{"rendered":"[vc_row][vc_column width=&#8221;1\/1&#8243;][vc_empty_space height=&#8221;30px&#8221;][vc_column_text]\n<h1 style=\"text-align: center;\"><span style=\"color: #0094e0;\"><em><strong>TAMPOS DE VIDRO PARA MESA<\/strong><\/em><\/span><\/h1>\n[\/vc_column_text][vc_empty_space height=&#8221;20px&#8221;][vc_column_text]\n<p style=\"text-align: justify;\"><a title=\"TAMPOS DE VIDRO PARA MESA\" href=\"http:\/\/olividros.com.br\/box-para-banheiros\/tampos-vidro-mesa\/\"><em><strong>TAMPOS PARA MESA DE VIDRO<\/strong><\/em><\/a>: Bem-vindo \u00e0 nossa loja de <span style=\"text-decoration: underline;\"><strong>tampos de vidro para mesa<\/strong><\/span>! Se voc\u00ea est\u00e1 procurando um toque elegante e moderno para a sua mesa, voc\u00ea veio ao lugar certo. Nossos tampos de vidro s\u00e3o feitos com materiais de alta qualidade e oferecem durabilidade e beleza para qualquer mesa.<\/p>\n<p>Com uma variedade de tamanhos, espessuras e estilos, temos o tampo de vidro perfeito para atender \u00e0s suas necessidades. Seja para uma mesa de jantar, mesa de centro, escrivaninha ou qualquer outra superf\u00edcie, n\u00f3s temos a solu\u00e7\u00e3o ideal para voc\u00ea.<\/p>\n<p>Al\u00e9m disso, nossos tampos de vidro s\u00e3o f\u00e1ceis de limpar e manter, garantindo que sua mesa fique sempre bonita e protegida. Com a transpar\u00eancia e brilho do vidro, voc\u00ea pode dar destaque \u00e0 beleza da sua mesa e ao mesmo tempo proteg\u00ea-la contra arranh\u00f5es e manchas.<\/p>\n<p>N\u00e3o hesite em entrar em contato conosco para obter mais informa\u00e7\u00f5es sobre nossos tampos de vidro para mesa. Estamos aqui para ajud\u00e1-lo a encontrar a melhor op\u00e7\u00e3o para o seu espa\u00e7o. Obrigado por escolher a nossa loja e estamos ansiosos para transformar sua mesa com nossos produtos de alta qualidade.<\/p>\n<p style=\"text-align: justify;\">OS TAMPOS PARA MESA confeccionados pela <a title=\"HOME\" href=\"http:\/\/olividros.com.br\/box-para-banheiros\/\"><em><strong>OLIVIDROS BOX E ESPELHOS E MOLDURAS<\/strong><\/em><\/a> independentemente da solicita\u00e7\u00e3o do cliente conta com um acabamento diferenciado que valoriza ainda mais o produto. O <a title=\"TAMPOS DE VIDRO PARA MESA\" href=\"https:\/\/www.google.com.br\/url?sa=t&amp;rct=j&amp;q=&amp;esrc=s&amp;source=web&amp;cd=6&amp;cad=rja&amp;uact=8&amp;ved=0ahUKEwiw8e2Lv4HUAhXHQpAKHScdCxAQFgg7MAU&amp;url=http%3A%2F%2Fboxblindexolividros.blogspot.com%2F2014%2F09%2Ftampos-para-mesa.html&amp;usg=AFQjCNGsGyOm_7LEIAXVLPTHB_ZEWk7Y7g&amp;sig2=mVKDVCbAwASUTLUgwutDag\" target=\"_blank\"><em><strong>TAMPO PARA MESA<\/strong><\/em><\/a> pode variar nas espessuras de 04 a 19 mm com grandes varia\u00e7\u00f5es de cores, formatos e acabamentos contando apenas com o bom gosto de cada cliente.<\/p>\n<p>&nbsp;<\/p>\n<ul>\n<li style=\"text-align: justify;\"><i class=\"fa fa-angle-double-right\"><\/i> Tampos de mesa retangular<b>\u2713<\/b><\/li>\n<li style=\"text-align: justify;\"><i class=\"fa fa-angle-double-right\"><\/i> Tampos para mesa pre\u00e7o<b>\u2713<\/b><\/li>\n<li style=\"text-align: justify;\"><i class=\"fa fa-angle-double-right\"><\/i> Tampos de vidro incolor<b>\u2713<\/b><\/li>\n<li style=\"text-align: justify;\"><i class=\"fa fa-angle-double-right\"><\/i> Tampo de vidro lapidado RJ<b>\u2713<\/b><\/li>\n<li style=\"text-align: justify;\"><i class=\"fa fa-angle-double-right\"><\/i> Pre\u00e7o de tampo para mesa serigrafado<b>\u2713<\/b><\/li>\n<li style=\"text-align: justify;\"><i class=\"fa fa-angle-double-right\"><\/i> Tampo de vidro temperado<b>\u2713<\/b><\/li>\n<li style=\"text-align: justify;\"><i class=\"fa fa-angle-double-right\"><\/i> Tampo para mesa redondo jantar<b>\u2713<\/b><\/li>\n<\/ul>\n[\/vc_column_text][vc_empty_space height=&#8221;20px&#8221;][vc_gallery type=&#8221;image_grid&#8221; interval=&#8221;3&#8243; onclick=&#8221;link_image&#8221; custom_links_target=&#8221;_self&#8221; column_number=&#8221;3&#8243; img_size=&#8221;259&#215;194&#8243; images=&#8221;10203,10204,10205,10206,10207,10208,10209,10210,10211,10212,10213,10214,10215,10217,10219,10220,10221,10222,10223,10224,10227,10228,10229,10230,10231,10232,10216,10226,10225,10218&#8243;][vc_empty_space height=&#8221;20px&#8221;][\/vc_column][\/vc_row][vc_row][vc_column width=&#8221;1\/3&#8243;][vc_video link=&#8221;https:\/\/www.youtube.com\/watch?v=n4bUk-5Q2ho&#8221; title=&#8221;TAMPOS TV VIDROLAR&#8221;][vc_empty_space height=&#8221;20px&#8221;][\/vc_column][vc_column width=&#8221;1\/3&#8243;][vc_video title=&#8221;TAMPOS DE VIDRO&#8221; link=&#8221;https:\/\/www.youtube.com\/watch?v=wQD5S-CYxfQ&#8221;][vc_empty_space height=&#8221;20px&#8221;][\/vc_column][vc_column width=&#8221;1\/3&#8243;][vc_video title=&#8221;MESA DE VIDRO&#8221; link=&#8221;https:\/\/www.youtube.com\/watch?v=SQDcgoAS6Sg&#8221;][vc_empty_space height=&#8221;20px&#8221;][\/vc_column][\/vc_row][vc_row][vc_column width=&#8221;1\/2&#8243;][vc_single_image image=&#8221;11753&#8243; border_color=&#8221;grey&#8221; img_link_large=&#8221;&#8221; img_link_target=&#8221;_blank&#8221; img_size=&#8221;1200 X 200&#8243; link=&#8221;https:\/\/api.whatsapp.com\/send?phone=5521995505345&amp;text=Orcamento%20Vidracaria!&#8221;][\/vc_column][vc_column width=&#8221;1\/2&#8243;][vc_column_text]\n<h1><a href=\"https:\/\/api.whatsapp.com\/send?phone=5521995505345&amp;text=Orcamento%20Vidracaria!\" target=\"_blank\"><strong>Agilize o seu atendimento\u00a0 \u00a0 \u00a0 \u00a0 \u00a0<span class=\"color_11\"><img decoding=\"async\" loading=\"lazy\" class=\" alignnone\" src=\"https:\/\/static.wixstatic.com\/media\/851e20_66e0591e9e2a4e1790e05bf4949eeb37.png\/v1\/fill\/w_38,h_39,al_c,usm_0.66_1.00_0.01\/851e20_66e0591e9e2a4e1790e05bf4949eeb37.png\" alt=\"\" width=\"52\" height=\"53\" \/>|21| 99550-5345<\/span><\/strong><\/a><\/h1>\n[\/vc_column_text][vc_single_image image=&#8221;12045&#8243; alignment=&#8221;center&#8221; border_color=&#8221;grey&#8221; img_link_large=&#8221;&#8221; img_link_target=&#8221;_blank&#8221; img_size=&#8221;1200&#215;300&#8243; link=&#8221;https:\/\/api.whatsapp.com\/send?phone=5521995505345&amp;text=Orcamento%20Vidracaria!&#8221;][\/vc_column][\/vc_row][vc_row][vc_column width=&#8221;1\/4&#8243;][vc_column_text]\n<h2>Solicite um\u00a0Or\u00e7amento<\/h2>\n[\/vc_column_text][vc_single_image image=&#8221;10351&#8243; border_color=&#8221;grey&#8221; img_link_large=&#8221;&#8221; img_link_target=&#8221;_self&#8221;][vc_empty_space height=&#8221;20px&#8221;][\/vc_column][vc_column width=&#8221;3\/4&#8243;][vc_column_text]\n<h3>Preencha o formul\u00e1rio e logo retornaremos:<\/h3>\n[\/vc_column_text]<div role=\"form\" class=\"wpcf7\" id=\"wpcf7-f8637-o1\" lang=\"pt-BR\" dir=\"ltr\">\n<div class=\"screen-reader-response\"><\/div>\n<form action=\"\/box-para-banheiros\/wp-json\/wp\/v2\/pages\/9571#wpcf7-f8637-o1\" method=\"post\" class=\"wpcf7-form\" novalidate=\"novalidate\">\n<div style=\"display: none;\">\n<input type=\"hidden\" name=\"_wpcf7\" value=\"8637\" \/>\n<input type=\"hidden\" name=\"_wpcf7_version\" value=\"4.2.2\" \/>\n<input type=\"hidden\" name=\"_wpcf7_locale\" value=\"pt_BR\" \/>\n<input type=\"hidden\" name=\"_wpcf7_unit_tag\" value=\"wpcf7-f8637-o1\" \/>\n<input type=\"hidden\" name=\"_wpnonce\" value=\"95ef52f006\" \/>\n<\/div>\n<div class=\"contact_form\">\n<div class=\"two_columns_50_50 clearfix\">\n<div class=\"column1\">\n<div class=\"column_inner\">Nome:\n<p><span class=\"wpcf7-form-control-wrap your-name\"><input type=\"text\" name=\"your-name\" value=\"\" size=\"40\" class=\"wpcf7-form-control wpcf7-text wpcf7-validates-as-required\" aria-required=\"true\" aria-invalid=\"false\" \/><\/span><\/p><\/div>\n<\/div>\n<div class=\"column2\">\n<div class=\"column_inner\">Telefone:\n<p><span class=\"wpcf7-form-control-wrap your-telefone\"><input type=\"text\" name=\"your-telefone\" value=\"\" size=\"40\" class=\"wpcf7-form-control wpcf7-text wpcf7-validates-as-required\" aria-required=\"true\" aria-invalid=\"false\" \/><\/span><\/p><\/div>\n<\/div>\n<\/div>\n<div class=\"two_columns_50_50 clearfix\">Email:\n<p><span class=\"wpcf7-form-control-wrap your-email\"><input type=\"text\" name=\"your-email\" value=\"\" size=\"40\" class=\"wpcf7-form-control wpcf7-text wpcf7-validates-as-required\" aria-required=\"true\" aria-invalid=\"false\" \/><\/span><\/p><\/div>\n<p>Mensagem:<\/p>\n<p><span class=\"wpcf7-form-control-wrap your-message\"><textarea name=\"your-message\" cols=\"40\" rows=\"10\" class=\"wpcf7-form-control wpcf7-textarea wpcf7-validates-as-required\" aria-required=\"true\" aria-invalid=\"false\"><\/textarea><\/span><\/p>\n<p><input type=\"submit\" value=\"Enviar\" class=\"wpcf7-form-control wpcf7-submit qbutton\" \/><\/p>\n<\/div>\n<p style=\"display: none !important;\" class=\"akismet-fields-container\" data-prefix=\"_wpcf7_ak_\"><label>&#916;<textarea name=\"_wpcf7_ak_hp_textarea\" cols=\"45\" rows=\"8\" maxlength=\"100\"><\/textarea><\/label><input type=\"hidden\" id=\"ak_js_1\" name=\"_wpcf7_ak_js\" value=\"75\"\/><script>document.getElementById( \"ak_js_1\" ).setAttribute( \"value\", ( new Date() ).getTime() );<\/script><\/p><div class=\"wpcf7-response-output wpcf7-display-none\"><\/div><\/form><\/div>[\/vc_column][\/vc_row][vc_row][vc_column width=&#8221;1\/1&#8243;][vc_column_text]\n<h1 style=\"text-align: center;\"><a title=\"OR\u00c7AMENTO\" href=\"http:\/\/olividros.com.br\/box-para-banheiros\/orcamento\/\" target=\"_blank\"><span style=\"color: #0094e0;\"><em><strong>\u00c1REAS DE ATENDIMENTO<\/strong><\/em><\/span><\/a><\/h1>\n[\/vc_column_text][vc_empty_space height=&#8221;10px&#8221;][\/vc_column][\/vc_row][vc_row][vc_column width=&#8221;1\/4&#8243;][vc_column_text]\n<ul>\n<li><strong>Zona Sul:<\/strong>\u00a0<strong>Botafogo<\/strong>, Humait\u00e1, Arpoador, <strong>Catete<\/strong>,\u00a0Cosme Velho, <strong>Copacabana<\/strong>,\u00a0<strong>Flamengo<\/strong>, G\u00e1vea, Gl\u00f3ria, Ipanema, Jardim Bot\u00e2nico, Lagoa,<strong> Laranjeiras<\/strong>, Largo do Machado, <strong>Leblon<\/strong>, Leme, S\u00e3o Conrado, Urca.<\/li>\n<\/ul>\n[\/vc_column_text][vc_empty_space height=&#8221;10px&#8221;][vc_column_text]\n<ul>\n<li><strong>Baixada Fluminense<\/strong>:\u00a0S\u00e3o Jo\u00e3o de Meriti, Belford Roxo, Ricardo de Albuquerque, Queimados, Nova Igua\u00e7u,<strong> Nil\u00f3polis<\/strong>, Mesquita, Juscelino, Pavuna, \u00c9den, Vilar dos Teles.<\/li>\n<\/ul>\n[\/vc_column_text][\/vc_column][vc_column width=&#8221;1\/2&#8243;][vc_column_text]\n<ul>\n<li><strong>Zona Norte:<\/strong> Aboli\u00e7\u00e3o, \u00c1gua Santa, Alto da Boa Vista, Andara\u00ed, Anchieta, Barros Filho, Benfica, Br\u00e1s de Pina, Bento Ribeiro, Bonsucesso,\u00a0<strong>Cachambi<\/strong>,\u00a0Caj\u00fa, Campo Grande, Cascadura, Cavalcante, Col\u00e9gio, Costa Barros, Coelho Neto, Coelho da Rocha, Cordovil, Del Castilho, Encantado, Engenheiro Leal, Engenho da Rainha, <strong>Engenho de Dentro<\/strong>, Engenho Novo, Ilha do\u00a0Fund\u00e3o, Jardim Am\u00e9rica, Lins de Vasconcelos, Guadalupe, Graja\u00fa, Higien\u00f3polis,\u00a0Hon\u00f3rio Gurgel, <strong>Ilha do Governador,<\/strong>\u00a0<strong>Inhauma<\/strong>, <strong>Iraj\u00e1<\/strong>, Madureira, Quintino, Maracan\u00e3, Maria da Gra\u00e7a, Marechal Hermes,\u00a0<strong>M\u00e9ier<\/strong>, Olaria, Oswaldo Cruz, Padre Miguel, Pavuna, Penha, Piedade, Pilares, Ramos, Realengo, Rocha, Rocha Miranda, Riachuelo, Ricardo de Albuquerque, Sampaio, S\u00e3o Francisco Xavier, S\u00e3o Cristov\u00e3o,\u00a0<strong>Tijuca<\/strong>, Todos os Santos, Tom\u00e1s Coelho, Turia\u00e7\u00fa, Vaz Lobo, Vista Alegre, Vicente de Carvalho, Vig\u00e1rio Geral,\u00a0<strong>Vila da Penha<\/strong>, <strong>Vila Isabel<\/strong>,\u00a0Campinhos<\/li>\n<\/ul>\n[\/vc_column_text][vc_empty_space height=&#8221;20px&#8221;][\/vc_column][vc_column width=&#8221;1\/4&#8243;][vc_column_text]\n<ul>\n<li><strong>Zona Oeste:<\/strong> Anil, Bangu,\u00a0<strong>Barra da Tijuca<\/strong>, Freguesia, <strong>Jacarepagu\u00e1<\/strong>, Pechincha, <strong>Recreio<\/strong>, Sulacap, Tanque,<strong> Taquara<\/strong>, Vargem Grande, Vargem Pequena, Vila Valqueire, Cidade de Deus, Pra\u00e7a Seca.<\/li>\n<\/ul>\n[\/vc_column_text][vc_empty_space height=&#8221;10px&#8221;][vc_column_text]\n<ul>\n<li><strong>Centro:<\/strong> Centro, <strong>Santa Teresa<\/strong>, Santo Cristo, <strong>Rio Comprido<\/strong>, Est\u00e1cio, Catumbi, Riachuelo, Pra\u00e7a da Bandeira.<\/li>\n<\/ul>\n[\/vc_column_text][\/vc_column][\/vc_row][vc_row][vc_column width=&#8221;1\/1&#8243;][vc_facebook type=&#8221;button_count&#8221;][\/vc_column][\/vc_row]\n","protected":false},"excerpt":{"rendered":"<p>[vc_row][vc_column width=&#8221;1\/1&#8243;][vc_empty_space height=&#8221;30px&#8221;][vc_column_text] TAMPOS DE VIDRO PARA MESA [\/vc_column_text][vc_empty_space height=&#8221;20px&#8221;][vc_column_text] TAMPOS PARA MESA DE VIDRO: Bem-vindo \u00e0 nossa loja de tampos de vidro para mesa! Se voc\u00ea est\u00e1 procurando um toque elegante e moderno para a sua mesa, voc\u00ea veio ao lugar certo. Nossos tampos&#8230;<\/p>\n","protected":false},"author":5,"featured_media":0,"parent":0,"menu_order":0,"comment_status":"closed","ping_status":"closed","template":"","meta":[],"_links":{"self":[{"href":"http:\/\/olividros.com.br\/box-para-banheiros\/wp-json\/wp\/v2\/pages\/9571"}],"collection":[{"href":"http:\/\/olividros.com.br\/box-para-banheiros\/wp-json\/wp\/v2\/pages"}],"about":[{"href":"http:\/\/olividros.com.br\/box-para-banheiros\/wp-json\/wp\/v2\/types\/page"}],"author":[{"embeddable":true,"href":"http:\/\/olividros.com.br\/box-para-banheiros\/wp-json\/wp\/v2\/users\/5"}],"replies":[{"embeddable":true,"href":"http:\/\/olividros.com.br\/box-para-banheiros\/wp-json\/wp\/v2\/comments?post=9571"}],"version-history":[{"count":15,"href":"http:\/\/olividros.com.br\/box-para-banheiros\/wp-json\/wp\/v2\/pages\/9571\/revisions"}],"predecessor-version":[{"id":12120,"href":"http:\/\/olividros.com.br\/box-para-banheiros\/wp-json\/wp\/v2\/pages\/9571\/revisions\/12120"}],"wp:attachment":[{"href":"http:\/\/olividros.com.br\/box-para-banheiros\/wp-json\/wp\/v2\/media?parent=9571"}],"curies":[{"name":"wp","href":"https:\/\/api.w.org\/{rel}","templated":true}]}}