{"id":9561,"date":"2016-07-19T04:42:07","date_gmt":"2016-07-19T04:42:07","guid":{"rendered":"http:\/\/olividros.com.br\/box-para-banheiros\/?page_id=9561"},"modified":"2017-05-22T22:23:15","modified_gmt":"2017-05-22T22:23:15","slug":"portas-vision-ideia-glass","status":"publish","type":"page","link":"http:\/\/olividros.com.br\/box-para-banheiros\/portas-vision-ideia-glass\/","title":{"rendered":"PORTAS VISION IDEIA GLASS"},"content":{"rendered":"[vc_row][vc_column width=&#8221;1\/1&#8243;][vc_empty_space height=&#8221;30px&#8221;][vc_column_text]\n<h1 style=\"text-align: center;\"><span style=\"color: #0094e0;\"><em><strong>PORTAS VISION IDEIA GLASS<\/strong><\/em><\/span><\/h1>\n[\/vc_column_text][vc_empty_space height=&#8221;20px&#8221;][vc_column_text]\n<p style=\"text-align: justify;\"><a title=\"portas de blindex visioon\" href=\"http:\/\/www.ideiaglass.com.br\"><em><strong>PORTA DESLIZANTE COM ROLDANA APARENTE<\/strong><\/em><\/a>: Sua nova vis\u00e3o em portas leve e discreta, planejadas para divis\u00f3rias de ambientes, a porta <a title=\"PORTAS\" href=\"http:\/\/olividros.com.br\/box-para-banheiros\/portas\/\">VISION<\/a> \u00e9 f\u00e1cil de montar, possui um sistema \u00fanico que n\u00e3o exp\u00f5e os suportes do trilho.<\/p>\n<p>&nbsp;<\/p>\n<ul>\n<li style=\"text-align: justify;\">Deslizante de nylon, perfis e puxadores de alum\u00ednio<\/li>\n<li style=\"text-align: justify;\">Pe\u00e7as de zamak com 2 anos de garantia.<\/li>\n<\/ul>\n<p>&nbsp;<\/p>\n<p style=\"text-align: justify;\">Aten\u00e7\u00e3o: Tamanho m\u00e1ximo da porta: 1200 mm (60 kg) e m\u00ednimo: 700 mm, com vidros temperados de 08 mm e 10 mm.<br \/>\nF\u00e1cil e pr\u00e1tico e de f\u00e1cil instala\u00e7\u00e3o;<br \/>\nF\u00e1cil de Instalar;<br \/>\nQualidade aprovada no controle de qualidade Ideia Glass;<br \/>\nSatisfa\u00e7\u00e3o com nossos produtos, seu custo benef\u00edcio \u00e9 garantido.<\/p>\n<p>&nbsp;<\/p>\n<ul>\n<li style=\"text-align: justify;\"><i class=\"fa fa-angle-double-right\"><\/i> Porta vision Ideia Glass<b>\u2713<\/b><\/li>\n<li style=\"text-align: justify;\"><i class=\"fa fa-angle-double-right\"><\/i> Portas vision de correr<b>\u2713<\/b><\/li>\n<li style=\"text-align: justify;\"><i class=\"fa fa-angle-double-right\"><\/i> Porta com kit roldana aparente<b>\u2713<\/b><\/li>\n<li style=\"text-align: justify;\"><i class=\"fa fa-angle-double-right\"><\/i> Portas deslizante vision em oferta<b>\u2713<\/b><\/li>\n<\/ul>\n[\/vc_column_text][vc_empty_space height=&#8221;20px&#8221;][vc_gallery type=&#8221;image_grid&#8221; interval=&#8221;3&#8243; onclick=&#8221;link_image&#8221; custom_links_target=&#8221;_self&#8221; column_number=&#8221;3&#8243; img_size=&#8221;full&#8221; images=&#8221;10182,10183,10184,10185,10186,10187&#8243;][vc_empty_space height=&#8221;20px&#8221;][\/vc_column][\/vc_row][vc_row][vc_column width=&#8221;1\/3&#8243;][vc_video title=&#8221;PORTAS VISION&#8221; link=&#8221;https:\/\/www.youtube.com\/watch?v=fOQnKU6gaEQ&#8221;][vc_empty_space height=&#8221;20px&#8221;][\/vc_column][vc_column width=&#8221;1\/3&#8243;][vc_video title=&#8221;PORTA ELEGANCE&#8221; link=&#8221;https:\/\/www.youtube.com\/watch?v=5XBPwosIdOo&#8221;][vc_empty_space height=&#8221;20px&#8221;][\/vc_column][vc_column width=&#8221;1\/3&#8243;][vc_video title=&#8221;PORTA VISION&#8221; link=&#8221;https:\/\/www.youtube.com\/watch?v=QBeRKOUqsFE&#8221;][vc_empty_space height=&#8221;20px&#8221;][\/vc_column][\/vc_row][vc_row][vc_column width=&#8221;1\/2&#8243;][vc_column_text]\n<h2>Solicite um\u00a0Or\u00e7amento<\/h2>\n[\/vc_column_text][vc_single_image image=&#8221;10351&#8243; border_color=&#8221;grey&#8221; img_link_large=&#8221;&#8221; img_link_target=&#8221;_self&#8221;][vc_empty_space height=&#8221;20px&#8221;][\/vc_column][vc_column width=&#8221;1\/2&#8243;][vc_column_text]\n<h3>Preencha o formul\u00e1rio e logo retornaremos:<\/h3>\n[\/vc_column_text]<div role=\"form\" class=\"wpcf7\" id=\"wpcf7-f8637-o1\" lang=\"pt-BR\" dir=\"ltr\">\n<div class=\"screen-reader-response\"><\/div>\n<form action=\"\/box-para-banheiros\/wp-json\/wp\/v2\/pages\/9561#wpcf7-f8637-o1\" method=\"post\" class=\"wpcf7-form\" novalidate=\"novalidate\">\n<div style=\"display: none;\">\n<input type=\"hidden\" name=\"_wpcf7\" value=\"8637\" \/>\n<input type=\"hidden\" name=\"_wpcf7_version\" value=\"4.2.2\" \/>\n<input type=\"hidden\" name=\"_wpcf7_locale\" value=\"pt_BR\" \/>\n<input type=\"hidden\" name=\"_wpcf7_unit_tag\" value=\"wpcf7-f8637-o1\" \/>\n<input type=\"hidden\" name=\"_wpnonce\" value=\"95ef52f006\" \/>\n<\/div>\n<div class=\"contact_form\">\n<div class=\"two_columns_50_50 clearfix\">\n<div class=\"column1\">\n<div class=\"column_inner\">Nome:\n<p><span class=\"wpcf7-form-control-wrap your-name\"><input type=\"text\" name=\"your-name\" value=\"\" size=\"40\" class=\"wpcf7-form-control wpcf7-text wpcf7-validates-as-required\" aria-required=\"true\" aria-invalid=\"false\" \/><\/span><\/p><\/div>\n<\/div>\n<div class=\"column2\">\n<div class=\"column_inner\">Telefone:\n<p><span class=\"wpcf7-form-control-wrap your-telefone\"><input type=\"text\" name=\"your-telefone\" value=\"\" size=\"40\" class=\"wpcf7-form-control wpcf7-text wpcf7-validates-as-required\" aria-required=\"true\" aria-invalid=\"false\" \/><\/span><\/p><\/div>\n<\/div>\n<\/div>\n<div class=\"two_columns_50_50 clearfix\">Email:\n<p><span class=\"wpcf7-form-control-wrap your-email\"><input type=\"text\" name=\"your-email\" value=\"\" size=\"40\" class=\"wpcf7-form-control wpcf7-text wpcf7-validates-as-required\" aria-required=\"true\" aria-invalid=\"false\" \/><\/span><\/p><\/div>\n<p>Mensagem:<\/p>\n<p><span class=\"wpcf7-form-control-wrap your-message\"><textarea name=\"your-message\" cols=\"40\" rows=\"10\" class=\"wpcf7-form-control wpcf7-textarea wpcf7-validates-as-required\" aria-required=\"true\" aria-invalid=\"false\"><\/textarea><\/span><\/p>\n<p><input type=\"submit\" value=\"Enviar\" class=\"wpcf7-form-control wpcf7-submit qbutton\" \/><\/p>\n<\/div>\n<p style=\"display: none !important;\" class=\"akismet-fields-container\" data-prefix=\"_wpcf7_ak_\"><label>&#916;<textarea name=\"_wpcf7_ak_hp_textarea\" cols=\"45\" rows=\"8\" maxlength=\"100\"><\/textarea><\/label><input type=\"hidden\" id=\"ak_js_1\" name=\"_wpcf7_ak_js\" value=\"102\"\/><script>document.getElementById( \"ak_js_1\" ).setAttribute( \"value\", ( new Date() ).getTime() );<\/script><\/p><div class=\"wpcf7-response-output wpcf7-display-none\"><\/div><\/form><\/div>[\/vc_column][\/vc_row][vc_row][vc_column width=&#8221;1\/1&#8243;][vc_column_text]\n<h1 style=\"text-align: center;\"><a title=\"OR\u00c7AMENTO\" href=\"http:\/\/olividros.com.br\/box-para-banheiros\/orcamento\/\" target=\"_blank\"><span style=\"color: #0094e0;\"><em><strong>\u00c1REAS DE ATENDIMENTO<\/strong><\/em><\/span><\/a><\/h1>\n[\/vc_column_text][vc_empty_space height=&#8221;10px&#8221;][\/vc_column][\/vc_row][vc_row][vc_column width=&#8221;1\/4&#8243;][vc_column_text]\n<ul>\n<li><strong>Zona Sul:<\/strong>\u00a0<strong>Botafogo<\/strong>, Humait\u00e1, Arpoador, <strong>Catete<\/strong>,\u00a0Cosme Velho, <strong>Copacabana<\/strong>,\u00a0<strong>Flamengo<\/strong>, G\u00e1vea, Gl\u00f3ria, Ipanema, Jardim Bot\u00e2nico, Lagoa,<strong> Laranjeiras<\/strong>, Largo do Machado, <strong>Leblon<\/strong>, Leme, S\u00e3o Conrado, Urca.<\/li>\n<\/ul>\n[\/vc_column_text][vc_empty_space height=&#8221;10px&#8221;][vc_column_text]\n<ul>\n<li><strong>Baixada Fluminense<\/strong>:\u00a0S\u00e3o Jo\u00e3o de Meriti, Belford Roxo, Ricardo de Albuquerque, Queimados, Nova Igua\u00e7u,<strong> Nil\u00f3polis<\/strong>, Mesquita, Juscelino, Pavuna, \u00c9den, Vilar dos Teles.<\/li>\n<\/ul>\n[\/vc_column_text][\/vc_column][vc_column width=&#8221;1\/2&#8243;][vc_column_text]\n<ul>\n<li><strong>Zona Norte:<\/strong> Aboli\u00e7\u00e3o, \u00c1gua Santa, Alto da Boa Vista, Andara\u00ed, Anchieta, Barros Filho, Benfica, Br\u00e1s de Pina, Bento Ribeiro, Bonsucesso,\u00a0<strong>Cachambi<\/strong>,\u00a0Caj\u00fa, Campo Grande, Cascadura, Cavalcante, Col\u00e9gio, Costa Barros, Coelho Neto, Coelho da Rocha, Cordovil, Del Castilho, Encantado, Engenheiro Leal, Engenho da Rainha, <strong>Engenho de Dentro<\/strong>, Engenho Novo, Ilha do\u00a0Fund\u00e3o, Jardim Am\u00e9rica, Lins de Vasconcelos, Guadalupe, Graja\u00fa, Higien\u00f3polis,\u00a0Hon\u00f3rio Gurgel, <strong>Ilha do Governador,<\/strong>\u00a0<strong>Inha\u00fama<\/strong>, <strong>Iraj\u00e1<\/strong>, Madureira, Quintino, Maracan\u00e3, Maria da Gra\u00e7a, Marechal Hermes,\u00a0<strong>M\u00e9ier<\/strong>, Olaria, Oswaldo Cruz, Padre Miguel, Pavuna, Penha, Piedade, Pilares, Ramos, Realengo, Rocha, Rocha Miranda, Riachuelo, Ricardo de Albuquerque, Sampaio, S\u00e3o Francisco Xavier, S\u00e3o Cristov\u00e3o,\u00a0<strong>Tijuca<\/strong>, Todos os Santos, Tom\u00e1s Coelho, Turia\u00e7\u00fa, Vaz Lobo, Vista Alegre, Vicente de Carvalho, Vig\u00e1rio Geral,\u00a0<strong>Vila da Penha<\/strong>, <strong>Vila Isabel<\/strong>,\u00a0Campinhos<\/li>\n<\/ul>\n[\/vc_column_text][vc_empty_space height=&#8221;20px&#8221;][\/vc_column][vc_column width=&#8221;1\/4&#8243;][vc_column_text]\n<ul>\n<li><strong>Zona Oeste:<\/strong> Anil, Bangu,\u00a0<strong>Barra da Tijuca<\/strong>, Freguesia, <strong>Jacarepagu\u00e1<\/strong>, Pechincha, <strong>Recreio<\/strong>, Sulacap, Tanque,<strong> Taquara<\/strong>, Vargem Grande, Vargem Pequena, Vila Valqueire, Cidade de Deus, Pra\u00e7a Seca.<\/li>\n<\/ul>\n[\/vc_column_text][vc_empty_space height=&#8221;10px&#8221;][vc_column_text]\n<ul>\n<li><strong>Centro:<\/strong> Centro, <strong>Santa Teresa<\/strong>, Santo Cristo, <strong>Rio Comprido<\/strong>, Est\u00e1cio, Catumbi, Riachuelo, Pra\u00e7a da Bandeira.<\/li>\n<\/ul>\n[\/vc_column_text][\/vc_column][\/vc_row][vc_row][vc_column width=&#8221;1\/1&#8243;][vc_facebook type=&#8221;button_count&#8221;][\/vc_column][\/vc_row]\n","protected":false},"excerpt":{"rendered":"<p>[vc_row][vc_column width=&#8221;1\/1&#8243;][vc_empty_space height=&#8221;30px&#8221;][vc_column_text] PORTAS VISION IDEIA GLASS [\/vc_column_text][vc_empty_space height=&#8221;20px&#8221;][vc_column_text] PORTA DESLIZANTE COM ROLDANA APARENTE: Sua nova vis\u00e3o em portas leve e discreta, planejadas para divis\u00f3rias de ambientes, a porta VISION \u00e9 f\u00e1cil de montar, possui um sistema \u00fanico que n\u00e3o exp\u00f5e os suportes do trilho&#8230;.<\/p>\n","protected":false},"author":5,"featured_media":0,"parent":0,"menu_order":0,"comment_status":"closed","ping_status":"closed","template":"","meta":[],"_links":{"self":[{"href":"http:\/\/olividros.com.br\/box-para-banheiros\/wp-json\/wp\/v2\/pages\/9561"}],"collection":[{"href":"http:\/\/olividros.com.br\/box-para-banheiros\/wp-json\/wp\/v2\/pages"}],"about":[{"href":"http:\/\/olividros.com.br\/box-para-banheiros\/wp-json\/wp\/v2\/types\/page"}],"author":[{"embeddable":true,"href":"http:\/\/olividros.com.br\/box-para-banheiros\/wp-json\/wp\/v2\/users\/5"}],"replies":[{"embeddable":true,"href":"http:\/\/olividros.com.br\/box-para-banheiros\/wp-json\/wp\/v2\/comments?post=9561"}],"version-history":[{"count":10,"href":"http:\/\/olividros.com.br\/box-para-banheiros\/wp-json\/wp\/v2\/pages\/9561\/revisions"}],"predecessor-version":[{"id":10761,"href":"http:\/\/olividros.com.br\/box-para-banheiros\/wp-json\/wp\/v2\/pages\/9561\/revisions\/10761"}],"wp:attachment":[{"href":"http:\/\/olividros.com.br\/box-para-banheiros\/wp-json\/wp\/v2\/media?parent=9561"}],"curies":[{"name":"wp","href":"https:\/\/api.w.org\/{rel}","templated":true}]}}