{"id":9559,"date":"2016-07-19T04:41:35","date_gmt":"2016-07-19T04:41:35","guid":{"rendered":"http:\/\/olividros.com.br\/box-para-banheiros\/?page_id=9559"},"modified":"2024-02-08T10:59:16","modified_gmt":"2024-02-08T10:59:16","slug":"portas-de-vidro-temperado","status":"publish","type":"page","link":"http:\/\/olividros.com.br\/box-para-banheiros\/portas-de-vidro-temperado\/","title":{"rendered":"PORTAS DE VIDRO TEMPERADO"},"content":{"rendered":"[vc_row][vc_column width=&#8221;1\/1&#8243;][vc_empty_space height=&#8221;30px&#8221;][vc_column_text]\n<h1 style=\"text-align: center;\"><span style=\"color: #0094e0;\"><em><strong>PORTAS DE VIDRO TEMPERADO<\/strong><\/em><\/span><\/h1>\n[\/vc_column_text][vc_empty_space height=&#8221;20px&#8221;][vc_column_text]\n<p style=\"text-align: justify;\"><a title=\"portas de blindex \" href=\"http:\/\/portasnewtemper.blogspot.com\"><em><strong>PORTA DE VIDRO TEMPERADO<\/strong><\/em><\/a>:\u00a0As portas de vidro s\u00e3o um dos tipos de portas mais preferidos atualmente pelos clientes.\u00a0Os propriet\u00e1rios que d\u00e3o import\u00e2ncia \u00e0 visualidade, principalmente em termos decorativos, utilizam extensivamente as portas de vidro temperado.<\/p>\n<p>As portas de vidro temperado, que confere um aspecto rico em termos de decora\u00e7\u00e3o, tamb\u00e9m \u00e9 rico em variedade.\u00a0Ao contr\u00e1rio das portas cl\u00e1ssicas, acrescenta uma rica visualidade ao espa\u00e7o.\u00a0Ao mesmo tempo, consegue-se uma apar\u00eancia fresca, pois proporciona transpar\u00eancia.\u00a0Vidros temperados de alta resist\u00eancia s\u00e3o amplamente utilizados, assim como a apar\u00eancia e os designs podem ser enriquecidos com jato de areia, impress\u00e3o digital, pel\u00edculas e impress\u00e3o serigr\u00e1fica.<\/p>\n<p style=\"text-align: justify;\">A <a title=\"olividros\" href=\"http:\/\/olividros.com.br\/box-para-banheiros\/wp-admin\/post.php?post=9593&amp;action=edit\"><em><strong>OLIVIDROS<\/strong><\/em><\/a> trabalha com <a title=\"PORTAS\" href=\"http:\/\/olividros.com.br\/box-para-banheiros\/portas\/\"><em><strong>PORTAS DE VIDRO<\/strong><\/em><\/a> Float temperado (incolor, verde, fume, bronze, azul), Vidros Impresso temperado (quadrado, pontilhado), Vidros serigrafado <em><strong><a title=\"new temper\" href=\"http:\/\/WWW.NEWTEMPER.COM.BR\">NEW TEMPER<\/a>\u00a0<\/strong><\/em>(preto, leitoso, azul royal, verde, laranja), com um vasto portif\u00f3lio de aplica\u00e7\u00e3o\u00a0e solu\u00e7\u00f5es com vidros temperados <a title=\"new temper\" href=\"http:\/\/WWW.NEWTEMPER.COM.BR\">New Temper<\/a> para seu banheiro, dormit\u00f3rio, sala de estar, cozinha, escrit\u00f3rio, lojas, \u00e1reas de servi\u00e7o, outras aplica\u00e7\u00f5es.<\/p>\n[\/vc_column_text][vc_row_inner][vc_column_inner width=&#8221;1\/4&#8243;][vc_column_text]\n<ul>\n<li style=\"text-align: justify;\">Portas de vidro temperado pre\u00e7o<b>\u2713<\/b><\/li>\n<li style=\"text-align: justify;\"><i class=\"fa fa-angle-double-right\"><\/i>Portas de correr de vidro<b>\u2713<\/b><\/li>\n<li style=\"text-align: justify;\"><i class=\"fa fa-angle-double-right\"><\/i>Porta de blindex correr<b>\u2713<\/b><\/li>\n<li style=\"text-align: justify;\"><i class=\"fa fa-angle-double-right\"><\/i>Portas de vidro para sala<b>\u2713<\/b><\/li>\n<li style=\"text-align: justify;\">Portas de vidro blindex<b>\u2713<\/b><\/li>\n<\/ul>\n[\/vc_column_text][\/vc_column_inner][vc_column_inner width=&#8221;1\/4&#8243;][vc_column_text]\n<ul>\n<li style=\"text-align: justify;\">Portas de correr para cozinha<b>\u2713<\/b><\/li>\n<li style=\"text-align: justify;\"><i class=\"fa fa-angle-double-right\"><\/i>Portas de vidro temperado<b>\u2713<\/b><\/li>\n<li style=\"text-align: justify;\"><i class=\"fa fa-angle-double-right\"><\/i>Portas de blindex<b>\u2713<\/b><\/li>\n<li style=\"text-align: justify;\"><i class=\"fa fa-angle-double-right\"><\/i>Porta vidro para quarto 1 folha<b>\u2713<\/b><\/li>\n<li style=\"text-align: justify;\">Porta de vidro de correr para sala pre\u00e7o<b>\u2713<\/b><\/li>\n<\/ul>\n[\/vc_column_text][\/vc_column_inner][vc_column_inner width=&#8221;1\/4&#8243;][vc_column_text]\n<ul>\n<li style=\"text-align: justify;\">Portas de abrir pre\u00e7o<b>\u2713<\/b><\/li>\n<li style=\"text-align: justify;\"><i class=\"fa fa-angle-double-right\"><\/i>Portas de correr de vidro 2 folhas<b>\u2713<\/b><\/li>\n<li style=\"text-align: justify;\"><i class=\"fa fa-angle-double-right\"><\/i>Porta de blindex verde area externa<b>\u2713<\/b><\/li>\n<li style=\"text-align: justify;\"><i class=\"fa fa-angle-double-right\"><\/i>Portas de vidro fum\u00ea para banheiro<b>\u2713<\/b><\/li>\n<li style=\"text-align: justify;\">Portas de vidro de correr 4 folhas<b>\u2713<\/b><\/li>\n<\/ul>\n[\/vc_column_text][\/vc_column_inner][vc_column_inner width=&#8221;1\/4&#8243;][vc_column_text]\n<ul>\n<li style=\"text-align: justify;\">Portas de abrir de vidro pre\u00e7o<b>\u2713<\/b><\/li>\n<li style=\"text-align: justify;\"><i class=\"fa fa-angle-double-right\"><\/i>Portas de abrir de vidro 2 folhas<b>\u2713<\/b><\/li>\n<li style=\"text-align: justify;\"><i class=\"fa fa-angle-double-right\"><\/i>Porta de abrir de vidro area externa<b>\u2713<\/b><\/li>\n<li style=\"text-align: justify;\"><i class=\"fa fa-angle-double-right\"><\/i>Portas de vidro incolor para banheiro<b>\u2713<\/b><\/li>\n<li style=\"text-align: justify;\">Portas de vidro de correr duas folhas<b>\u2713<\/b><\/li>\n<\/ul>\n[\/vc_column_text][\/vc_column_inner][\/vc_row_inner][vc_empty_space height=&#8221;20px&#8221;][vc_gallery type=&#8221;image_grid&#8221; interval=&#8221;3&#8243; onclick=&#8221;link_image&#8221; custom_links_target=&#8221;_self&#8221; column_number=&#8221;5&#8243; img_size=&#8221;175&#215;131&#8243; images=&#8221;10170,10171,10172,10173,10174,10175,10176,10177,10178,10179&#8243;][vc_empty_space height=&#8221;20px&#8221;][\/vc_column][\/vc_row][vc_row][vc_column width=&#8221;1\/3&#8243;][vc_video title=&#8221;PORTA PIVOTANTE&#8221; link=&#8221;https:\/\/www.youtube.com\/watch?v=HPUz-9wgFD0&#8243;][vc_empty_space height=&#8221;20px&#8221;][\/vc_column][vc_column width=&#8221;1\/3&#8243;][vc_video title=&#8221;PORTA VIDRO TEMPERADO&#8221; link=&#8221;https:\/\/www.youtube.com\/watch?v=-3YooKNI424&#8243;][vc_empty_space height=&#8221;20px&#8221;][\/vc_column][vc_column width=&#8221;1\/3&#8243;][vc_video title=&#8221;SISTEMA STANLEY&#8221; link=&#8221;https:\/\/www.youtube.com\/watch?v=27rzlYuP_3k&#8221;][vc_empty_space height=&#8221;20px&#8221;][\/vc_column][\/vc_row][vc_row][vc_column width=&#8221;1\/2&#8243;][vc_single_image image=&#8221;11753&#8243; border_color=&#8221;grey&#8221; img_link_large=&#8221;&#8221; img_link_target=&#8221;_blank&#8221; img_size=&#8221;1200 X 200&#8243; link=&#8221;https:\/\/api.whatsapp.com\/send?phone=5521995505345&amp;text=Orcamento%20Vidracaria!&#8221;][\/vc_column][vc_column width=&#8221;1\/2&#8243;][vc_column_text]\n<h1><a href=\"https:\/\/api.whatsapp.com\/send?phone=5521995505345&amp;text=Orcamento%20Vidracaria!\" target=\"_blank\"><strong>Agilize o seu atendimento\u00a0 \u00a0 \u00a0 \u00a0 \u00a0<span class=\"color_11\"><img decoding=\"async\" loading=\"lazy\" class=\" alignnone\" src=\"https:\/\/static.wixstatic.com\/media\/851e20_66e0591e9e2a4e1790e05bf4949eeb37.png\/v1\/fill\/w_38,h_39,al_c,usm_0.66_1.00_0.01\/851e20_66e0591e9e2a4e1790e05bf4949eeb37.png\" alt=\"\" width=\"52\" height=\"53\" \/>|21| 99550-5345<\/span><\/strong><\/a><\/h1>\n[\/vc_column_text][vc_single_image image=&#8221;12045&#8243; alignment=&#8221;center&#8221; border_color=&#8221;grey&#8221; img_link_large=&#8221;&#8221; img_link_target=&#8221;_blank&#8221; title=&#8221;FALE COM UM ESPECIALISTA&#8221; img_size=&#8221;1200 X 200&#8243; link=&#8221;https:\/\/api.whatsapp.com\/send?phone=5521995505345&amp;text=Orcamento%20Vidracaria!&#8221;][\/vc_column][\/vc_row][vc_row][vc_column width=&#8221;1\/2&#8243;][vc_column_text]\n<h2>Solicite um\u00a0Or\u00e7amento<\/h2>\n[\/vc_column_text][vc_single_image image=&#8221;10351&#8243; border_color=&#8221;grey&#8221; img_link_large=&#8221;&#8221; img_link_target=&#8221;_self&#8221;][vc_empty_space height=&#8221;20px&#8221;][\/vc_column][vc_column width=&#8221;1\/2&#8243;][vc_column_text]\n<h3>Preencha o formul\u00e1rio e logo retornaremos:<\/h3>\n[\/vc_column_text]<div role=\"form\" class=\"wpcf7\" id=\"wpcf7-f8637-o1\" lang=\"pt-BR\" dir=\"ltr\">\n<div class=\"screen-reader-response\"><\/div>\n<form action=\"\/box-para-banheiros\/wp-json\/wp\/v2\/pages\/9559#wpcf7-f8637-o1\" method=\"post\" class=\"wpcf7-form\" novalidate=\"novalidate\">\n<div style=\"display: none;\">\n<input type=\"hidden\" name=\"_wpcf7\" value=\"8637\" \/>\n<input type=\"hidden\" name=\"_wpcf7_version\" value=\"4.2.2\" \/>\n<input type=\"hidden\" name=\"_wpcf7_locale\" value=\"pt_BR\" \/>\n<input type=\"hidden\" name=\"_wpcf7_unit_tag\" value=\"wpcf7-f8637-o1\" \/>\n<input type=\"hidden\" name=\"_wpnonce\" value=\"95ef52f006\" \/>\n<\/div>\n<div class=\"contact_form\">\n<div class=\"two_columns_50_50 clearfix\">\n<div class=\"column1\">\n<div class=\"column_inner\">Nome:\n<p><span class=\"wpcf7-form-control-wrap your-name\"><input type=\"text\" name=\"your-name\" value=\"\" size=\"40\" class=\"wpcf7-form-control wpcf7-text wpcf7-validates-as-required\" aria-required=\"true\" aria-invalid=\"false\" \/><\/span><\/p><\/div>\n<\/div>\n<div class=\"column2\">\n<div class=\"column_inner\">Telefone:\n<p><span class=\"wpcf7-form-control-wrap your-telefone\"><input type=\"text\" name=\"your-telefone\" value=\"\" size=\"40\" class=\"wpcf7-form-control wpcf7-text wpcf7-validates-as-required\" aria-required=\"true\" aria-invalid=\"false\" \/><\/span><\/p><\/div>\n<\/div>\n<\/div>\n<div class=\"two_columns_50_50 clearfix\">Email:\n<p><span class=\"wpcf7-form-control-wrap your-email\"><input type=\"text\" name=\"your-email\" value=\"\" size=\"40\" class=\"wpcf7-form-control wpcf7-text wpcf7-validates-as-required\" aria-required=\"true\" aria-invalid=\"false\" \/><\/span><\/p><\/div>\n<p>Mensagem:<\/p>\n<p><span class=\"wpcf7-form-control-wrap your-message\"><textarea name=\"your-message\" cols=\"40\" rows=\"10\" class=\"wpcf7-form-control wpcf7-textarea wpcf7-validates-as-required\" aria-required=\"true\" aria-invalid=\"false\"><\/textarea><\/span><\/p>\n<p><input type=\"submit\" value=\"Enviar\" class=\"wpcf7-form-control wpcf7-submit qbutton\" \/><\/p>\n<\/div>\n<p style=\"display: none !important;\" class=\"akismet-fields-container\" data-prefix=\"_wpcf7_ak_\"><label>&#916;<textarea name=\"_wpcf7_ak_hp_textarea\" cols=\"45\" rows=\"8\" maxlength=\"100\"><\/textarea><\/label><input type=\"hidden\" id=\"ak_js_1\" name=\"_wpcf7_ak_js\" value=\"149\"\/><script>document.getElementById( \"ak_js_1\" ).setAttribute( \"value\", ( new Date() ).getTime() );<\/script><\/p><div class=\"wpcf7-response-output wpcf7-display-none\"><\/div><\/form><\/div>[\/vc_column][\/vc_row]\n","protected":false},"excerpt":{"rendered":"<p>[vc_row][vc_column width=&#8221;1\/1&#8243;][vc_empty_space height=&#8221;30px&#8221;][vc_column_text] PORTAS DE VIDRO TEMPERADO [\/vc_column_text][vc_empty_space height=&#8221;20px&#8221;][vc_column_text] PORTA DE VIDRO TEMPERADO:\u00a0As portas de vidro s\u00e3o um dos tipos de portas mais preferidos atualmente pelos clientes.\u00a0Os propriet\u00e1rios que d\u00e3o import\u00e2ncia \u00e0 visualidade, principalmente em termos decorativos, utilizam extensivamente as portas de vidro temperado. As&#8230;<\/p>\n","protected":false},"author":5,"featured_media":0,"parent":0,"menu_order":0,"comment_status":"closed","ping_status":"closed","template":"","meta":[],"_links":{"self":[{"href":"http:\/\/olividros.com.br\/box-para-banheiros\/wp-json\/wp\/v2\/pages\/9559"}],"collection":[{"href":"http:\/\/olividros.com.br\/box-para-banheiros\/wp-json\/wp\/v2\/pages"}],"about":[{"href":"http:\/\/olividros.com.br\/box-para-banheiros\/wp-json\/wp\/v2\/types\/page"}],"author":[{"embeddable":true,"href":"http:\/\/olividros.com.br\/box-para-banheiros\/wp-json\/wp\/v2\/users\/5"}],"replies":[{"embeddable":true,"href":"http:\/\/olividros.com.br\/box-para-banheiros\/wp-json\/wp\/v2\/comments?post=9559"}],"version-history":[{"count":15,"href":"http:\/\/olividros.com.br\/box-para-banheiros\/wp-json\/wp\/v2\/pages\/9559\/revisions"}],"predecessor-version":[{"id":12112,"href":"http:\/\/olividros.com.br\/box-para-banheiros\/wp-json\/wp\/v2\/pages\/9559\/revisions\/12112"}],"wp:attachment":[{"href":"http:\/\/olividros.com.br\/box-para-banheiros\/wp-json\/wp\/v2\/media?parent=9559"}],"curies":[{"name":"wp","href":"https:\/\/api.w.org\/{rel}","templated":true}]}}