{"id":9557,"date":"2016-07-19T04:41:14","date_gmt":"2016-07-19T04:41:14","guid":{"rendered":"http:\/\/olividros.com.br\/box-para-banheiros\/?page_id=9557"},"modified":"2024-02-08T11:46:17","modified_gmt":"2024-02-08T11:46:17","slug":"sistema-versatik","status":"publish","type":"page","link":"http:\/\/olividros.com.br\/box-para-banheiros\/sistema-versatik\/","title":{"rendered":"SISTEMA VERSATIK"},"content":{"rendered":"[vc_row][vc_column width=&#8221;1\/1&#8243;][vc_empty_space height=&#8221;30px&#8221;][vc_column_text]\n<h1 style=\"text-align: center;\"><span style=\"color: #0094e0;\"><em><strong>SISTEMA VERSATIK<\/strong><\/em><\/span><\/h1>\n[\/vc_column_text][vc_empty_space height=&#8221;20px&#8221;][vc_column_text]\n<p style=\"text-align: justify;\">O <a title=\"SISTEMA VERSATIK\" href=\"http:\/\/olividros.com.br\/box-para-banheiros\/sistema-versatik\/\" target=\"_blank\"><em><strong>SISTEMA VERSATIK<\/strong><\/em><\/a> permite que v\u00e1rias folhas de vidro corram pelo mesmo trilho e recolhem atr\u00e1s de um vidro fixo, sistema inovador da <a href=\"www.tecvidro.com.br\" target=\"_blank\">Tec-vidros<\/a> chamado m\u00e3o amiga e tamb\u00e9m o sistema acesso livre sem guia inferior e acessibilidade para cadeirantes. Com o Sistema <a title=\"SISTEMA VERSATIK\" href=\"http:\/\/olividros.com.br\/box-para-banheiros\/sistema-versatik\/\" target=\"_blank\">Versatik<\/a> as ferragens e roldanas ficam todas embutidas no trilho de alum\u00ednio.<\/p>\n<p>&nbsp;<\/p>\n<p style=\"text-align: justify;\">O mercado j\u00e1 conhece o sistema vers\u00e1til da <a href=\"www.tecvidro.com.br\" target=\"_blank\">Tec Vidro<\/a> que permite fechar com vidros temperados uma infinidade de v\u00e3os diferentes, como <a title=\"JANELAS DE VIDRO TEMPERADO RJ\" href=\"http:\/\/olividros.com.br\/box-para-banheiros\/janelas-vidro-temperado\/\" target=\"_blank\"><em><strong>JANELAS<\/strong><\/em><\/a>, varandas, o espa\u00e7o embaixo da pia, prateleiras e arm\u00e1rios com poucas varia\u00e7\u00f5es de acess\u00f3rios. Pois agora a empresa acaba de lan\u00e7ar uma nova vers\u00e3o, dotado de &#8220;m\u00e3o amiga&#8221; na pr\u00f3pria roldana.<\/p>\n<p>&nbsp;<\/p>\n<p style=\"text-align: justify;\">O trunfo do <a title=\"VERSATIK\" href=\"www.tecvidro.com.br\" target=\"_blank\">Versatik<\/a> \u00e9 o perfil superior, patenteado pela <a title=\"VERSATIK\" href=\"www.tecvidro.com.br\" target=\"_blank\"><em><strong>TEC VIDRO<\/strong><\/em><\/a>, que \u00e9 dotado de duas pistas para roldanas, uma sobre outra e com um distanciamento adequado. Devido a esse diferencial o vidraceiro ou instalador pode montar janelas com um fixo e duas portas de correr, com abertura de dois ter\u00e7os do v\u00e3o. Com sistema semelhante, e utilizando-se de vidros com at\u00e9 2,40 m de altura, torna-se poss\u00edvel agora montar portas com um fixo e duas portas com grande acessibilidade e dotado do sistema que puxa a porta intermedi\u00e1ria no momento de abertura.<\/p>\n<p>&nbsp;<\/p>\n<p style=\"text-align: justify;\">O novo modelo (m\u00e3o amiga) diferencia- se do Versatik tradicional no momento de se instalar as arruelas. No caso elas s\u00e3o substitu\u00eddas por suportes laterais que s\u00e3o encaixados na extremidade das <a title=\"PORTAS DE VIDRO TEMPERADO\" href=\"http:\/\/olividros.com.br\/box-para-banheiros\/portas-de-vidro-temperado\/\" target=\"_blank\"><em><strong>PORTAS<\/strong><\/em><\/a> m\u00f3veis. O suporte principal \u00e9 posicionado na porta maior de forma que, na passagem de uma porta sobre outra haja o arraste da segunda.<\/p>\n<p>&nbsp;<\/p>\n<p style=\"text-align: justify;\">O novo sistema simplifica, e muito, a instala\u00e7\u00e3o de portas de correr dotados de &#8220;m\u00e3o amiga&#8221;, pois dispensa fura\u00e7\u00f5es extras no vidro e as intermin\u00e1veis regulagens nas <a href=\"www.tecvidro.com.br\" target=\"_blank\"><em><strong>FERRAGENS<\/strong><\/em><\/a>, al\u00e9m de sair bem mais em conta para o consumidor.<\/p>\n[\/vc_column_text][vc_empty_space height=&#8221;10px&#8221;][vc_row_inner][vc_column_inner width=&#8221;1\/4&#8243;][vc_column_text]\n<ul>\n<li style=\"text-align: justify;\"><i class=\"fa fa-angle-double-right\"><\/i> Portas sistema versatik pre\u00e7o<b>\u2713<\/b><\/li>\n<li style=\"text-align: justify;\"><i class=\"fa fa-angle-double-right\"><\/i> Portas de correr versatik de vidro<b>\u2713<\/b><\/li>\n<li style=\"text-align: justify;\"><i class=\"fa fa-angle-double-right\"><\/i> Janelas de vidro temperado versatik<b>\u2713<\/b><\/li>\n<li style=\"text-align: justify;\">Box para banheiro sistema Versatik<b>\u2713<\/b><\/li>\n<\/ul>\n[\/vc_column_text][\/vc_column_inner][vc_column_inner width=&#8221;1\/4&#8243;][vc_column_text]\n<ul>\n<li style=\"text-align: justify;\"><i class=\"fa fa-angle-double-right\"><\/i> Porta acessibilidade cadeirante<b>\u2713<\/b><\/li>\n<li style=\"text-align: justify;\">Sistema de portas Versatik<b>\u2713<\/b><\/li>\n<li style=\"text-align: justify;\">Janel\u00e3o de correr sistema Versatik<b>\u2713<\/b><\/li>\n<li style=\"text-align: justify;\"><i class=\"fa fa-angle-double-right\"><\/i> Portas acesso livre versatik tec-vidros<b><b>\u2713<\/b><\/b><\/li>\n<\/ul>\n[\/vc_column_text][\/vc_column_inner][vc_column_inner width=&#8221;1\/4&#8243;][vc_column_text]\n<ul>\n<li style=\"text-align: justify;\"><i class=\"fa fa-angle-double-right\"><\/i> Portas de correr 04 portas de correr<b>\u2713<\/b><\/li>\n<li style=\"text-align: justify;\"><i class=\"fa fa-angle-double-right\"><\/i> Janelas sistema versatik blindex<b>\u2713<\/b><\/li>\n<li style=\"text-align: justify;\">Porta de correr com 2 folhas sistema versatik<b>\u2713<\/b><\/li>\n<li style=\"text-align: justify;\">Sistema de portas e janelas versatik<b>\u2713<\/b><\/li>\n<\/ul>\n[\/vc_column_text][\/vc_column_inner][vc_column_inner width=&#8221;1\/4&#8243;][vc_column_text]\n<ul>\n<li style=\"text-align: justify;\">Portas versatik 04 vidros de correr pre\u00e7o<b>\u2713<\/b><\/li>\n<li style=\"text-align: justify;\"><i class=\"fa fa-angle-double-right\"><\/i>Janelas sistema versatik de blindex<b>\u2713<\/b><\/li>\n<li style=\"text-align: justify;\">Porta de correr com duas folhas sistema versatik<b>\u2713<\/b><\/li>\n<li style=\"text-align: justify;\">Sistema de portas e janelas versatik pre\u00e7o<b>\u2713<\/b><\/li>\n<\/ul>\n[\/vc_column_text][\/vc_column_inner][\/vc_row_inner][vc_empty_space height=&#8221;20px&#8221;][vc_gallery type=&#8221;image_grid&#8221; interval=&#8221;3&#8243; onclick=&#8221;link_image&#8221; custom_links_target=&#8221;_self&#8221; column_number=&#8221;4&#8243; img_size=&#8221;full&#8221; images=&#8221;10189,10191,10192,10194,10193,10195,10190,10197,10196,10198,10199,10697&#8243;][vc_empty_space height=&#8221;20px&#8221;][vc_row_inner][vc_column_inner width=&#8221;1\/3&#8243;][vc_video title=&#8221;SISTEMA VERSATIK&#8221; link=&#8221;https:\/\/www.youtube.com\/watch?v=OCGiRnf-l20&#8243;][vc_empty_space height=&#8221;20px&#8221;][\/vc_column_inner][vc_column_inner width=&#8221;1\/3&#8243;][vc_video title=&#8221;VERSATIK M\u00c3O AMIGA&#8221; link=&#8221;https:\/\/www.youtube.com\/watch?v=eSQtTDrB3Mo&#8221;][vc_empty_space height=&#8221;20px&#8221;][\/vc_column_inner][vc_column_inner width=&#8221;1\/3&#8243;][vc_video title=&#8221;SISTEMA VERSATIK&#8221; link=&#8221;https:\/\/www.youtube.com\/watch?v=i4kyiTslZ9w&#8221;][vc_empty_space height=&#8221;20px&#8221;][\/vc_column_inner][\/vc_row_inner][\/vc_column][\/vc_row][vc_row][vc_column width=&#8221;1\/2&#8243;][vc_column_text]\n<h2>Solicite um\u00a0Or\u00e7amento<\/h2>\n[\/vc_column_text][vc_single_image image=&#8221;10351&#8243; border_color=&#8221;grey&#8221; img_link_large=&#8221;&#8221; img_link_target=&#8221;_self&#8221;][vc_empty_space height=&#8221;20px&#8221;][\/vc_column][vc_column width=&#8221;1\/2&#8243;][vc_column_text]\n<h3>Preencha o formul\u00e1rio e logo retornaremos:<\/h3>\n[\/vc_column_text]<div role=\"form\" class=\"wpcf7\" id=\"wpcf7-f8637-o1\" lang=\"pt-BR\" dir=\"ltr\">\n<div class=\"screen-reader-response\"><\/div>\n<form action=\"\/box-para-banheiros\/wp-json\/wp\/v2\/pages\/9557#wpcf7-f8637-o1\" method=\"post\" class=\"wpcf7-form\" novalidate=\"novalidate\">\n<div style=\"display: none;\">\n<input type=\"hidden\" name=\"_wpcf7\" value=\"8637\" \/>\n<input type=\"hidden\" name=\"_wpcf7_version\" value=\"4.2.2\" \/>\n<input type=\"hidden\" name=\"_wpcf7_locale\" value=\"pt_BR\" \/>\n<input type=\"hidden\" name=\"_wpcf7_unit_tag\" value=\"wpcf7-f8637-o1\" \/>\n<input type=\"hidden\" name=\"_wpnonce\" value=\"95ef52f006\" \/>\n<\/div>\n<div class=\"contact_form\">\n<div class=\"two_columns_50_50 clearfix\">\n<div class=\"column1\">\n<div class=\"column_inner\">Nome:\n<p><span class=\"wpcf7-form-control-wrap your-name\"><input type=\"text\" name=\"your-name\" value=\"\" size=\"40\" class=\"wpcf7-form-control wpcf7-text wpcf7-validates-as-required\" aria-required=\"true\" aria-invalid=\"false\" \/><\/span><\/p><\/div>\n<\/div>\n<div class=\"column2\">\n<div class=\"column_inner\">Telefone:\n<p><span class=\"wpcf7-form-control-wrap your-telefone\"><input type=\"text\" name=\"your-telefone\" value=\"\" size=\"40\" class=\"wpcf7-form-control wpcf7-text wpcf7-validates-as-required\" aria-required=\"true\" aria-invalid=\"false\" \/><\/span><\/p><\/div>\n<\/div>\n<\/div>\n<div class=\"two_columns_50_50 clearfix\">Email:\n<p><span class=\"wpcf7-form-control-wrap your-email\"><input type=\"text\" name=\"your-email\" value=\"\" size=\"40\" class=\"wpcf7-form-control wpcf7-text wpcf7-validates-as-required\" aria-required=\"true\" aria-invalid=\"false\" \/><\/span><\/p><\/div>\n<p>Mensagem:<\/p>\n<p><span class=\"wpcf7-form-control-wrap your-message\"><textarea name=\"your-message\" cols=\"40\" rows=\"10\" class=\"wpcf7-form-control wpcf7-textarea wpcf7-validates-as-required\" aria-required=\"true\" aria-invalid=\"false\"><\/textarea><\/span><\/p>\n<p><input type=\"submit\" value=\"Enviar\" class=\"wpcf7-form-control wpcf7-submit qbutton\" \/><\/p>\n<\/div>\n<p style=\"display: none !important;\" class=\"akismet-fields-container\" data-prefix=\"_wpcf7_ak_\"><label>&#916;<textarea name=\"_wpcf7_ak_hp_textarea\" cols=\"45\" rows=\"8\" maxlength=\"100\"><\/textarea><\/label><input type=\"hidden\" id=\"ak_js_1\" name=\"_wpcf7_ak_js\" value=\"117\"\/><script>document.getElementById( \"ak_js_1\" ).setAttribute( \"value\", ( new Date() ).getTime() );<\/script><\/p><div class=\"wpcf7-response-output wpcf7-display-none\"><\/div><\/form><\/div>[\/vc_column][\/vc_row][vc_row][vc_column width=&#8221;1\/2&#8243;][vc_single_image image=&#8221;11753&#8243; border_color=&#8221;grey&#8221; img_link_large=&#8221;&#8221; img_link_target=&#8221;_blank&#8221; img_size=&#8221;1200 X 200&#8243; link=&#8221;https:\/\/api.whatsapp.com\/send?phone=5521995505345&amp;text=Orcamento%20Vidracaria!&#8221;][\/vc_column][vc_column width=&#8221;1\/2&#8243;][vc_column_text]\n<h1><a href=\"https:\/\/api.whatsapp.com\/send?phone=5521995505345&amp;text=Orcamento%20Vidracaria!\" target=\"_blank\"><strong>Agilize o seu atendimento\u00a0 \u00a0 \u00a0 \u00a0 \u00a0<span class=\"color_11\"><img decoding=\"async\" loading=\"lazy\" class=\" alignnone\" src=\"https:\/\/static.wixstatic.com\/media\/851e20_66e0591e9e2a4e1790e05bf4949eeb37.png\/v1\/fill\/w_38,h_39,al_c,usm_0.66_1.00_0.01\/851e20_66e0591e9e2a4e1790e05bf4949eeb37.png\" alt=\"\" width=\"52\" height=\"53\" \/>|21| 99550-5345<\/span><\/strong><\/a><\/h1>\n[\/vc_column_text][vc_single_image image=&#8221;12045&#8243; alignment=&#8221;center&#8221; border_color=&#8221;grey&#8221; img_link_large=&#8221;&#8221; img_link_target=&#8221;_blank&#8221; img_size=&#8221;1200&#215;300&#8243; link=&#8221;https:\/\/api.whatsapp.com\/send?phone=5521995505345&amp;text=Orcamento%20Vidracaria!&#8221;][\/vc_column][\/vc_row]\n","protected":false},"excerpt":{"rendered":"<p>[vc_row][vc_column width=&#8221;1\/1&#8243;][vc_empty_space height=&#8221;30px&#8221;][vc_column_text] SISTEMA VERSATIK [\/vc_column_text][vc_empty_space height=&#8221;20px&#8221;][vc_column_text] O SISTEMA VERSATIK permite que v\u00e1rias folhas de vidro corram pelo mesmo trilho e recolhem atr\u00e1s de um vidro fixo, sistema inovador da Tec-vidros chamado m\u00e3o amiga e tamb\u00e9m o sistema acesso livre sem guia inferior e acessibilidade&#8230;<\/p>\n","protected":false},"author":5,"featured_media":0,"parent":0,"menu_order":0,"comment_status":"closed","ping_status":"closed","template":"","meta":[],"_links":{"self":[{"href":"http:\/\/olividros.com.br\/box-para-banheiros\/wp-json\/wp\/v2\/pages\/9557"}],"collection":[{"href":"http:\/\/olividros.com.br\/box-para-banheiros\/wp-json\/wp\/v2\/pages"}],"about":[{"href":"http:\/\/olividros.com.br\/box-para-banheiros\/wp-json\/wp\/v2\/types\/page"}],"author":[{"embeddable":true,"href":"http:\/\/olividros.com.br\/box-para-banheiros\/wp-json\/wp\/v2\/users\/5"}],"replies":[{"embeddable":true,"href":"http:\/\/olividros.com.br\/box-para-banheiros\/wp-json\/wp\/v2\/comments?post=9557"}],"version-history":[{"count":14,"href":"http:\/\/olividros.com.br\/box-para-banheiros\/wp-json\/wp\/v2\/pages\/9557\/revisions"}],"predecessor-version":[{"id":12118,"href":"http:\/\/olividros.com.br\/box-para-banheiros\/wp-json\/wp\/v2\/pages\/9557\/revisions\/12118"}],"wp:attachment":[{"href":"http:\/\/olividros.com.br\/box-para-banheiros\/wp-json\/wp\/v2\/media?parent=9557"}],"curies":[{"name":"wp","href":"https:\/\/api.w.org\/{rel}","templated":true}]}}