{"id":9539,"date":"2016-07-19T04:37:49","date_gmt":"2016-07-19T04:37:49","guid":{"rendered":"http:\/\/olividros.com.br\/box-para-banheiros\/?page_id=9539"},"modified":"2024-02-06T14:49:04","modified_gmt":"2024-02-06T14:49:04","slug":"box-advance-roldana-aparente-inox","status":"publish","type":"page","link":"http:\/\/olividros.com.br\/box-para-banheiros\/box-advance-roldana-aparente-inox\/","title":{"rendered":"BOX ADVANCE ROLDANA APARENTE INOX"},"content":{"rendered":"[vc_row][vc_column width=&#8221;1\/1&#8243;][vc_empty_space height=&#8221;30px&#8221;][vc_column_text]\n<h1 style=\"text-align: center;\"><span style=\"color: #0094e0;\"><em><strong>BOX ADVANCE ROLDANA APARENTE INOX<\/strong><\/em><\/span><\/h1>\n[\/vc_column_text][vc_empty_space height=&#8221;20px&#8221;][vc_column_text]\n<p style=\"text-align: justify;\"><em><strong>BOX ADVANCE ROLDANAS APARENTE:<\/strong><\/em>\u00a0O box para banheiro Advance com roldana aparente \u00e9 a escolha perfeita para quem busca estilo, sofistica\u00e7\u00e3o e durabilidade. Com um design moderno e elegante, este box \u00e9 o complemento ideal para qualquer banheiro.<\/p>\n<p>As roldanas aparentes conferem um visual contempor\u00e2neo ao box, al\u00e9m de garantir um deslizamento suave e silencioso das portas. Al\u00e9m disso, o sistema de roldanas aparentes facilita a limpeza e manuten\u00e7\u00e3o do box, garantindo sua beleza e funcionalidade por muito mais tempo.<\/p>\n<p>Fabricado com materiais de alta qualidade, o box para banheiro Advance \u00e9 resistente e seguro, oferecendo prote\u00e7\u00e3o contra respingos de \u00e1gua e proporcionando privacidade durante o banho. Sua instala\u00e7\u00e3o \u00e9 simples e r\u00e1pida, sem a necessidade de grandes obras ou altera\u00e7\u00f5es no ambiente.<\/p>\n<p>Dispon\u00edvel em diversas op\u00e7\u00f5es de acabamento e tamanhos, o box para banheiro Advance com roldana aparente \u00e9 a escolha perfeita para quem busca um produto que une funcionalidade, beleza e durabilidade. Tenha um banheiro moderno e elegante com o box para banheiro Advance.<\/p>\n<p style=\"text-align: justify;\">O\u00a0Box Roldana Aparente Advance \u00e9 a mais nova tend\u00eancia para seu banheiro. O Box Advance possui um sistema de roldanas aparentes inovador, valorizando o design e o compromisso com a qualidade e a seguran\u00e7a. Design Consagrado no Mercado.<\/p>\n<p>O Box Advance atende as novas tend\u00eancias de design na arquitetura.<\/p>\n<p>Alta Resist\u00eancia e Durabilidade Sua estrutura \u00e9 formada com tubo oval, o que lhe garante maior resist\u00eancia \u00e0 tor\u00e7\u00e3o e suas ferragens s\u00e3o em \u201clat\u00e3o\u201d um metal nobre derivado do cobre.<\/p>\n<p>Dupla Trava de Seguran\u00e7a Sistema \u00fanico de travas que impedem o descarrilamento da porta, garantindo total seguran\u00e7a.<\/p>\n<p>Roldanas Aparentes Balanceadas o complemento perfeito para o seu banheiro em estilo e qualidade.<\/p>\n<p>KIT BOX ADVANCE foi desenvolvido para o padr\u00e3o nacional de fura\u00e7\u00e3o e altura dos vidros. (Porta 1800- Fixo 1770), padr\u00e3o Rio de Janeiro.<\/p>\n<p>Aproveitando seus vidros, tenha em sua casa a nova tend\u00eancia mundial em box para banheiro<\/p>\n<p>LIMPEZA:<br \/>\n\u2713 N\u00e3o utilizar produtos abrasivos como lixa, palha de a\u00e7o, etc;<br \/>\n\u2713 N\u00e3o utilizar facas ou objetos pontiagudos para retirar as etiquetas;<br \/>\n\u2713 Efetuar limpeza peri\u00f3dica, mantendo o produto limpo e seco;<br \/>\n\u2713 Utilizar somente \u00e1gua, sab\u00e3o neutro ou produtos espec\u00edficos para limpeza.<\/p>\n<p>UTILIZA\u00c7\u00c3O:<br \/>\n\u2713 As bordas do vidro n\u00e3o devem entrar em contato com superf\u00edcies r\u00edgidas durante a utiliza\u00e7\u00e3o;<br \/>\n\u2713 N\u00e3o deixe crian\u00e7as desacompanhadas manusear o produto;<br \/>\n\u2713 Em caso de mau funcionamento ou anomalias, entre em contato imediatamente com a OLIVIDROS;<br \/>\n\u2713 \u00c9 recomendada a manuten\u00e7\u00e3o peri\u00f3dica anual da instala\u00e7\u00e3o, para verificar desgastes de pe\u00e7as, tais como roldanas, dobradi\u00e7as, batentes, entre outros, a fim de reduzir o risco de quebra dos vidros por avarias destes componentes.[\/vc_column_text][vc_empty_space height=&#8221;10px&#8221;][vc_row_inner][vc_column_inner width=&#8221;1\/3&#8243;][vc_column_text]\n<ul>\n<li style=\"text-align: justify;\"><i class=\"fa fa-angle-double-right\"><\/i><b>Box Advance\u2713<\/b><\/li>\n<li style=\"text-align: justify;\"><i class=\"fa fa-angle-double-right\"><\/i><b>Box Advance Inox\u2713<\/b><\/li>\n<li style=\"text-align: justify;\">Box para banheiro Advance<b>\u2713<\/b><\/li>\n<li style=\"text-align: justify;\">Box Advance pre\u00e7o<b>\u2713<\/b><\/li>\n<li style=\"text-align: justify;\">Box de banheiro Advance<b>\u2713<\/b><\/li>\n<\/ul>\n[\/vc_column_text][\/vc_column_inner][vc_column_inner width=&#8221;1\/3&#8243;][vc_column_text]\n<ul>\n<li style=\"text-align: justify;\"><b>Box Advance RJ\u2713<\/b><\/li>\n<li style=\"text-align: justify;\"><i class=\"fa fa-angle-double-right\"><\/i><b>Box Advance Roldana Aparente\u2713<\/b><\/li>\n<li style=\"text-align: justify;\">Box banheiro Advance<b>\u2713<\/b><\/li>\n<li style=\"text-align: justify;\">Box Advance de vdro<b>\u2713<\/b><\/li>\n<li style=\"text-align: justify;\">Box\u00a0padr\u00e3o\u00a0Advance<b>\u2713<\/b><\/li>\n<\/ul>\n[\/vc_column_text][\/vc_column_inner][vc_column_inner width=&#8221;1\/3&#8243;][vc_column_text]\n<ul>\n<li style=\"text-align: justify;\"><b>Pre\u00e7o de box Advance\u2713<\/b><\/li>\n<li style=\"text-align: justify;\"><i class=\"fa fa-angle-double-right\"><\/i><b>Box Advance Frontal\u2713<\/b><\/li>\n<li style=\"text-align: justify;\">Box Advance de canto<b>\u2713<\/b><\/li>\n<li style=\"text-align: justify;\">Box Advance cromado<b>\u2713<\/b><\/li>\n<li style=\"text-align: justify;\">Box\u00a0Blindex Advance<b>\u2713<\/b><\/li>\n<\/ul>\n[\/vc_column_text][\/vc_column_inner][\/vc_row_inner][vc_empty_space height=&#8221;20px&#8221;][vc_gallery type=&#8221;image_grid&#8221; interval=&#8221;3&#8243; onclick=&#8221;link_image&#8221; custom_links_target=&#8221;_self&#8221; column_number=&#8221;5&#8243; img_size=&#8221;294&#215;171&#8243; images=&#8221;11298,11302,11303,11304,11305,11306,11307,11308&#8243;][vc_empty_space height=&#8221;20px&#8221;][vc_row_inner][vc_column_inner width=&#8221;1\/3&#8243;][vc_video title=&#8221;BOX ADVANCE INOX&#8221; link=&#8221;https:\/\/www.youtube.com\/watch?v=IWPnuZWqGMU&#8221;][vc_empty_space height=&#8221;20px&#8221;][\/vc_column_inner][vc_column_inner width=&#8221;1\/3&#8243;][vc_video title=&#8221;BOX ADVANCE X ELEGANCE&#8221; link=&#8221;https:\/\/www.youtube.com\/watch?v=LbCkKjGlmmA&#8221;][vc_empty_space height=&#8221;20px&#8221;][\/vc_column_inner][vc_column_inner width=&#8221;1\/3&#8243;][vc_video title=&#8221;KIT BOX ROLDANAS&#8221; link=&#8221;https:\/\/www.youtube.com\/watch?v=COCajxQnoeA&#8221;][vc_empty_space height=&#8221;20px&#8221;][\/vc_column_inner][\/vc_row_inner][vc_row_inner][vc_column_inner width=&#8221;1\/2&#8243;][vc_single_image image=&#8221;11121&#8243; border_color=&#8221;grey&#8221; img_link_large=&#8221;&#8221; img_link_target=&#8221;_blank&#8221; img_size=&#8221;1200&#215;200&#8243; link=&#8221;https:\/\/api.whatsapp.com\/send?phone=5521995505345&amp;text=Orcamento%20Vidracaria!&#8221;][\/vc_column_inner][vc_column_inner width=&#8221;1\/2&#8243;][vc_column_text]\n<h1><a href=\"https:\/\/api.whatsapp.com\/send?phone=5521995505345&amp;text=Orcamento%20Vidracaria!\" target=\"_blank\"><strong>Agilize o seu atendimento\u00a0 \u00a0 \u00a0 \u00a0 \u00a0<span class=\"color_11\"><img decoding=\"async\" loading=\"lazy\" class=\" alignnone\" src=\"https:\/\/static.wixstatic.com\/media\/851e20_66e0591e9e2a4e1790e05bf4949eeb37.png\/v1\/fill\/w_38,h_39,al_c,usm_0.66_1.00_0.01\/851e20_66e0591e9e2a4e1790e05bf4949eeb37.png\" alt=\"\" width=\"52\" height=\"53\" \/>|21| 99550-5345<\/span><\/strong><\/a><\/h1>\n[\/vc_column_text][vc_single_image image=&#8221;12045&#8243; border_color=&#8221;grey&#8221; img_link_large=&#8221;&#8221; img_link_target=&#8221;_blank&#8221; img_size=&#8221;1200&#215;300&#8243; link=&#8221;https:\/\/api.whatsapp.com\/send?phone=5521995505345&amp;text=Orcamento%20Vidracaria!&#8221; alignment=&#8221;center&#8221;][\/vc_column_inner][\/vc_row_inner][vc_empty_space height=&#8221;15px&#8221;][\/vc_column][\/vc_row][vc_row][vc_column width=&#8221;1\/4&#8243;][vc_column_text]\n<h2>Solicite um\u00a0Or\u00e7amento<\/h2>\n[\/vc_column_text][vc_single_image image=&#8221;10351&#8243; border_color=&#8221;grey&#8221; img_link_large=&#8221;&#8221; img_link_target=&#8221;_self&#8221;][vc_empty_space height=&#8221;20px&#8221;][\/vc_column][vc_column width=&#8221;3\/4&#8243;][vc_column_text]\n<h3>Preencha o formul\u00e1rio e logo retornaremos:<\/h3>\n[\/vc_column_text]<div role=\"form\" class=\"wpcf7\" id=\"wpcf7-f8637-o1\" lang=\"pt-BR\" dir=\"ltr\">\n<div class=\"screen-reader-response\"><\/div>\n<form action=\"\/box-para-banheiros\/wp-json\/wp\/v2\/pages\/9539#wpcf7-f8637-o1\" method=\"post\" class=\"wpcf7-form\" novalidate=\"novalidate\">\n<div style=\"display: none;\">\n<input type=\"hidden\" name=\"_wpcf7\" value=\"8637\" \/>\n<input type=\"hidden\" name=\"_wpcf7_version\" value=\"4.2.2\" \/>\n<input type=\"hidden\" name=\"_wpcf7_locale\" value=\"pt_BR\" \/>\n<input type=\"hidden\" name=\"_wpcf7_unit_tag\" value=\"wpcf7-f8637-o1\" \/>\n<input type=\"hidden\" name=\"_wpnonce\" value=\"95ef52f006\" \/>\n<\/div>\n<div class=\"contact_form\">\n<div class=\"two_columns_50_50 clearfix\">\n<div class=\"column1\">\n<div class=\"column_inner\">Nome:\n<p><span class=\"wpcf7-form-control-wrap your-name\"><input type=\"text\" name=\"your-name\" value=\"\" size=\"40\" class=\"wpcf7-form-control wpcf7-text wpcf7-validates-as-required\" aria-required=\"true\" aria-invalid=\"false\" \/><\/span><\/p><\/div>\n<\/div>\n<div class=\"column2\">\n<div class=\"column_inner\">Telefone:\n<p><span class=\"wpcf7-form-control-wrap your-telefone\"><input type=\"text\" name=\"your-telefone\" value=\"\" size=\"40\" class=\"wpcf7-form-control wpcf7-text wpcf7-validates-as-required\" aria-required=\"true\" aria-invalid=\"false\" \/><\/span><\/p><\/div>\n<\/div>\n<\/div>\n<div class=\"two_columns_50_50 clearfix\">Email:\n<p><span class=\"wpcf7-form-control-wrap your-email\"><input type=\"text\" name=\"your-email\" value=\"\" size=\"40\" class=\"wpcf7-form-control wpcf7-text wpcf7-validates-as-required\" aria-required=\"true\" aria-invalid=\"false\" \/><\/span><\/p><\/div>\n<p>Mensagem:<\/p>\n<p><span class=\"wpcf7-form-control-wrap your-message\"><textarea name=\"your-message\" cols=\"40\" rows=\"10\" class=\"wpcf7-form-control wpcf7-textarea wpcf7-validates-as-required\" aria-required=\"true\" aria-invalid=\"false\"><\/textarea><\/span><\/p>\n<p><input type=\"submit\" value=\"Enviar\" class=\"wpcf7-form-control wpcf7-submit qbutton\" \/><\/p>\n<\/div>\n<p style=\"display: none !important;\" class=\"akismet-fields-container\" data-prefix=\"_wpcf7_ak_\"><label>&#916;<textarea name=\"_wpcf7_ak_hp_textarea\" cols=\"45\" rows=\"8\" maxlength=\"100\"><\/textarea><\/label><input type=\"hidden\" id=\"ak_js_1\" name=\"_wpcf7_ak_js\" value=\"41\"\/><script>document.getElementById( \"ak_js_1\" ).setAttribute( \"value\", ( new Date() ).getTime() );<\/script><\/p><div class=\"wpcf7-response-output wpcf7-display-none\"><\/div><\/form><\/div>[\/vc_column][\/vc_row][vc_row][vc_column width=&#8221;1\/1&#8243;][vc_column_text]\n<h1 style=\"text-align: center;\"><a title=\"OR\u00c7AMENTO\" href=\"http:\/\/olividros.com.br\/box-para-banheiros\/orcamento\/\" target=\"_blank\"><span style=\"color: #0094e0;\"><em><strong>\u00c1REAS DE ATENDIMENTO<\/strong><\/em><\/span><\/a><\/h1>\n[\/vc_column_text][vc_empty_space height=&#8221;10px&#8221;][\/vc_column][\/vc_row][vc_row][vc_column width=&#8221;1\/4&#8243;][vc_column_text]\n<ul>\n<li><strong>Zona Sul:<\/strong>\u00a0<strong>Botafogo<\/strong>, Humait\u00e1, Arpoador, <strong>Catete<\/strong>,\u00a0Cosme Velho, <strong>Copacabana<\/strong>,\u00a0<strong>Flamengo<\/strong>, G\u00e1vea, Gl\u00f3ria, Ipanema, Jardim Bot\u00e2nico, Lagoa,<strong> Laranjeiras<\/strong>, Largo do Machado, <strong>Leblon<\/strong>, Leme, S\u00e3o Conrado, Urca.<\/li>\n<\/ul>\n[\/vc_column_text][vc_empty_space height=&#8221;10px&#8221;][vc_column_text]\n<ul>\n<li><strong>Baixada Fluminense<\/strong>:\u00a0S\u00e3o Jo\u00e3o de Meriti, Belford Roxo, Ricardo de Albuquerque, Queimados, Nova Igua\u00e7u,<strong> Nil\u00f3polis<\/strong>, Mesquita, Juscelino, Pavuna, \u00c9den, Vilar dos Teles.<\/li>\n<\/ul>\n[\/vc_column_text][\/vc_column][vc_column width=&#8221;1\/2&#8243;][vc_column_text]\n<ul>\n<li><strong>Zona Norte:<\/strong> Aboli\u00e7\u00e3o, \u00c1gua Santa, Alto da Boa Vista, Andara\u00ed, Anchieta, Barros Filho, Benfica, Br\u00e1s de Pina, Bento Ribeiro, Bonsucesso,\u00a0<strong>Cachambi<\/strong>,\u00a0Caj\u00fa, Campo Grande, Cascadura, Cavalcante, Col\u00e9gio, Costa Barros, Coelho Neto, Coelho da Rocha, Cordovil, Del Castilho, Encantado, Engenheiro Leal, Engenho da Rainha, <strong>Engenho de Dentro<\/strong>, Engenho Novo, Ilha do\u00a0Fund\u00e3o, Jardim Am\u00e9rica, Lins de Vasconcelos, Guadalupe, Graja\u00fa, Higien\u00f3polis,\u00a0Hon\u00f3rio Gurgel, <strong>Ilha do Governador,<\/strong>\u00a0<strong>Inhauma<\/strong>, <strong>Iraj\u00e1<\/strong>, Madureira, Quintino, Maracan\u00e3, Maria da Gra\u00e7a, Marechal Hermes,\u00a0<strong>M\u00e9ier<\/strong>, Olaria, Oswaldo Cruz, Padre Miguel, Pavuna, Penha, Piedade, Pilares, Ramos, Realengo, Rocha, Rocha Miranda, Riachuelo, Ricardo de Albuquerque, Sampaio, S\u00e3o Francisco Xavier, S\u00e3o Cristov\u00e3o,\u00a0<strong>Tijuca<\/strong>, Todos os Santos, Tom\u00e1s Coelho, Turia\u00e7\u00fa, Vaz Lobo, Vista Alegre, Vicente de Carvalho, Vig\u00e1rio Geral,\u00a0<strong>Vila da Penha<\/strong>, <strong>Vila Isabel<\/strong>,\u00a0Campinhos<\/li>\n<\/ul>\n[\/vc_column_text][vc_empty_space height=&#8221;20px&#8221;][\/vc_column][vc_column width=&#8221;1\/4&#8243;][vc_column_text]\n<ul>\n<li><strong>Zona Oeste:<\/strong> Anil, Bangu,\u00a0<strong>Barra da Tijuca<\/strong>, Freguesia, <strong>Jacarepagu\u00e1<\/strong>, Pechincha, <strong>Recreio<\/strong>, Sulacap, Tanque,<strong> Taquara<\/strong>, Vargem Grande, Vargem Pequena, Vila Valqueire, Cidade de Deus, Pra\u00e7a Seca.<\/li>\n<\/ul>\n[\/vc_column_text][vc_empty_space height=&#8221;10px&#8221;][vc_column_text]\n<ul>\n<li><strong>Centro:<\/strong> Centro, <strong>Santa Teresa<\/strong>, Santo Cristo, <strong>Rio Comprido<\/strong>, Est\u00e1cio, Catumbi, Riachuelo, Pra\u00e7a da Bandeira.<\/li>\n<\/ul>\n[\/vc_column_text][\/vc_column][\/vc_row][vc_row][vc_column width=&#8221;1\/1&#8243;][vc_facebook type=&#8221;button_count&#8221;][\/vc_column][\/vc_row]\n","protected":false},"excerpt":{"rendered":"<p>[vc_row][vc_column width=&#8221;1\/1&#8243;][vc_empty_space height=&#8221;30px&#8221;][vc_column_text] BOX ADVANCE ROLDANA APARENTE INOX [\/vc_column_text][vc_empty_space height=&#8221;20px&#8221;][vc_column_text] BOX ADVANCE ROLDANAS APARENTE:\u00a0O box para banheiro Advance com roldana aparente \u00e9 a escolha perfeita para quem busca estilo, sofistica\u00e7\u00e3o e durabilidade. Com um design moderno e elegante, este box \u00e9 o complemento ideal para&#8230;<\/p>\n","protected":false},"author":5,"featured_media":0,"parent":0,"menu_order":0,"comment_status":"closed","ping_status":"closed","template":"","meta":[],"_links":{"self":[{"href":"http:\/\/olividros.com.br\/box-para-banheiros\/wp-json\/wp\/v2\/pages\/9539"}],"collection":[{"href":"http:\/\/olividros.com.br\/box-para-banheiros\/wp-json\/wp\/v2\/pages"}],"about":[{"href":"http:\/\/olividros.com.br\/box-para-banheiros\/wp-json\/wp\/v2\/types\/page"}],"author":[{"embeddable":true,"href":"http:\/\/olividros.com.br\/box-para-banheiros\/wp-json\/wp\/v2\/users\/5"}],"replies":[{"embeddable":true,"href":"http:\/\/olividros.com.br\/box-para-banheiros\/wp-json\/wp\/v2\/comments?post=9539"}],"version-history":[{"count":25,"href":"http:\/\/olividros.com.br\/box-para-banheiros\/wp-json\/wp\/v2\/pages\/9539\/revisions"}],"predecessor-version":[{"id":12328,"href":"http:\/\/olividros.com.br\/box-para-banheiros\/wp-json\/wp\/v2\/pages\/9539\/revisions\/12328"}],"wp:attachment":[{"href":"http:\/\/olividros.com.br\/box-para-banheiros\/wp-json\/wp\/v2\/media?parent=9539"}],"curies":[{"name":"wp","href":"https:\/\/api.w.org\/{rel}","templated":true}]}}