{"id":11224,"date":"2018-10-01T22:40:30","date_gmt":"2018-10-01T22:40:30","guid":{"rendered":"http:\/\/olividros.com.br\/box-para-banheiros\/?page_id=11224"},"modified":"2018-10-02T17:30:45","modified_gmt":"2018-10-02T17:30:45","slug":"vidros-habitat-protecao-solar","status":"publish","type":"page","link":"http:\/\/olividros.com.br\/box-para-banheiros\/vidros-habitat-protecao-solar\/","title":{"rendered":"VIDROS HABITAT \/ PROTE\u00c7\u00c3O SOLAR PARA RESID\u00caNCIAS"},"content":{"rendered":"[vc_row][vc_column width=&#8221;1\/1&#8243;][vc_single_image image=&#8221;11246&#8243; alignment=&#8221;center&#8221; border_color=&#8221;grey&#8221; img_link_large=&#8221;&#8221; img_link_target=&#8221;_self&#8221; img_size=&#8221;2400&#215;400&#8243; link=&#8221;http:\/\/olividros.com.br\/box-para-banheiros\/?p=11224&#8243;][vc_empty_space height=&#8221;30px&#8221;][vc_column_text]\n<h1 style=\"text-align: center;\"><span style=\"color: #0094e0;\"><em><strong>VIDROS HABITAT \/ PROTE\u00c7\u00c3O SOLAR PARA RESID\u00caNCIAS<\/strong><\/em><\/span><\/h1>\n[\/vc_column_text][vc_column_text]VIDROS HABITAT = Prote\u00e7\u00e3o solar para resid\u00eancias VIDROS HABITAT \u00e9 uma linha de vidros para resid\u00eancias que alia conforto, prote\u00e7\u00e3o, economia, seguran\u00e7a e beleza, reduzindo em at\u00e9 70% a entrada de calor no ambiente (Referente a vidros espessura 4 mm). A linha de vidros Habitat, produzida pela Cebrace garante prote\u00e7\u00e3o solar para resid\u00eancias e bloqueia quase 100% dos raios UV (Quando Laminado).<\/p>\n<p>Ela est\u00e1 dispon\u00edvel em duas vers\u00f5es:<\/p>\n<p>&#8211; <span style=\"text-decoration: underline;\">REFLETIVO<\/span>:\u00a0 Mais estilo para as fachadas e privacidade, limitando a vis\u00e3o de fora para dentro.<br \/>\n&#8211; <span style=\"text-decoration: underline;\">NEUTRO<\/span>: Deixe o interior da casa mais iluminado, valorizando a integra\u00e7\u00e3o com ambientes externos.<\/p>\n<p><span style=\"text-decoration: underline;\"><strong>Beneficiamento<\/strong><\/span><\/p>\n<p>Os vidros Habitat podem passar por processos de beneficiamento, como t\u00eampera e lamina\u00e7\u00e3o, garantindo ainda mais seguran\u00e7a para diversas aplica\u00e7\u00f5es.<\/p>\n<p><span style=\"text-decoration: underline;\"><strong>Versatilidade<\/strong><\/span><\/p>\n<p>A linha conta com op\u00e7\u00f5es de cores e espessuras diferentes para aplica\u00e7\u00e3o em diferentes tipos de projetos:<\/p>\n<p><span style=\"text-decoration: underline;\">Habitat Neutro<\/span> \u2013 dispon\u00edvel nas cores Incolor\/Verde\/Cinza. Dimens\u00f5es: 4 mm, 6 mm, 8 mm e 10 mm.<\/p>\n<p><span style=\"text-decoration: underline;\">Habitat Refletivo<\/span> \u2013 dispon\u00edvel nas cores Champanhe\/Esmeralda\/Cinza\/Azul. Dimens\u00f5es: 4 mm, 6 mm, 8 mm e 10 mm.<\/p>\n<p><span style=\"text-decoration: underline;\"><strong>Benef\u00edcios<\/strong><\/span><\/p>\n<p>Entre os principais benef\u00edcios da linha Habitat podemos destacar os seguintes:<\/p>\n<p>&#8211; Bloqueiam at\u00e9 99% dos raios UV. Diminuem os danos \u00e0 pele e aos m\u00f3veis na vers\u00e3o laminada;<\/p>\n<p>&#8211; Economia de energia garantida. Gaste menos com aparelhos de ar-condicionado, ventiladores e ilumina\u00e7\u00e3o artificial;<\/p>\n<p>&#8211; 70% do calor nos ambientes. Temperaturas agrad\u00e1veis at\u00e9 nos dias mais quentes;<\/p>\n<p>&#8211; Alto padr\u00e3o de acabamento. Vidros Habitat s\u00e3o ideais para conferir design moderno a fachadas e interiores;<\/p>\n<p>&#8211; Garantem mais seguran\u00e7a para a fam\u00edlia. Nas vers\u00f5es de vidro laminado ou temperado;[\/vc_column_text][vc_empty_space height=&#8221;20px&#8221;][vc_row_inner][vc_column_inner width=&#8221;1\/3&#8243;][vc_column_text]\n<ul>\n<li style=\"text-align: justify;\">Vidros Habitat\u00a0pre\u00e7o<b>\u2713<\/b><\/li>\n<li style=\"text-align: justify;\"><i class=\"fa fa-angle-double-right\"><\/i>Vidro Habitat<b><b>\u2713<\/b><\/b><\/li>\n<li style=\"text-align: justify;\"><i class=\"fa fa-angle-double-right\"><\/i>Vidros de prote\u00e7\u00e3o solar<b>\u2713<\/b><\/li>\n<li style=\"text-align: justify;\"><i class=\"fa fa-angle-double-right\"><\/i>Vidros Habitat incolor pre\u00e7o<\/li>\n<li style=\"text-align: justify;\">Vidro Habitat verde<b>\u2713<\/b><\/li>\n<li style=\"text-align: justify;\">Vidro Habitat fum\u00ea<b>\u2713<\/b><\/li>\n<li style=\"text-align: justify;\">Vidro Habitat bronze<b>\u2713<\/b><\/li>\n<\/ul>\n[\/vc_column_text][\/vc_column_inner][vc_column_inner width=&#8221;1\/3&#8243;][vc_column_text]\n<ul>\n<li>Vidros Habitat refletivo<b>\u2713<\/b><\/li>\n<li><i class=\"fa fa-angle-double-right\"><\/i>Habitat refletivo Azul\u00a0<b>\u2713<\/b><\/li>\n<li><i class=\"fa fa-angle-double-right\"><\/i>Habitat refletivo Cinza<b>\u2713<\/b><\/li>\n<li><i class=\"fa fa-angle-double-right\"><\/i>Habitat refletivo Champanhe<b>\u2713<\/b><\/li>\n<li>Habitat refletivo Esmeralda<b>\u2713<\/b><\/li>\n<li>Vidro Habitat fum\u00ea pre\u00e7o<b>\u2713<\/b><\/li>\n<li>Vidro Habitat bronze pre\u00e7o<b>\u2713<\/b><\/li>\n<\/ul>\n[\/vc_column_text][\/vc_column_inner][vc_column_inner width=&#8221;1\/3&#8243;][vc_column_text]\n<ul>\n<li>Habitat neutro Incolor<b>\u2713<\/b><\/li>\n<li><i class=\"fa fa-angle-double-right\"><\/i>Habitat neutro verde\u00a0<b>\u2713<\/b><\/li>\n<li><i class=\"fa fa-angle-double-right\"><\/i>Habitat neutro Cinza<b>\u2713<\/b><\/li>\n<li><i class=\"fa fa-angle-double-right\"><\/i>Habitat Esmeralda pre\u00e7o<b>\u2713<\/b><\/li>\n<li>Pre\u00e7o Habitat refletivo<b>\u2713<\/b><\/li>\n<li>Habitat prote\u00e7\u00e3o solar<b>\u2713<\/b><\/li>\n<li>Habitat para resid\u00eancias<b>\u2713<\/b><\/li>\n<\/ul>\n[\/vc_column_text][\/vc_column_inner][\/vc_row_inner][vc_empty_space height=&#8221;20px&#8221;][\/vc_column][\/vc_row][vc_row][vc_column width=&#8221;1\/1&#8243;][vc_gallery type=&#8221;image_grid&#8221; interval=&#8221;3&#8243; images=&#8221;11231,11232,11233,11234,11235,11236,11237,11238,11239,11240,11241,11242,11243,11244,11245,11246,11247,11248,11249,11250&#8243; onclick=&#8221;link_image&#8221; custom_links_target=&#8221;_self&#8221; column_number=&#8221;5&#8243; img_size=&#8221;full&#8221;][vc_empty_space height=&#8221;20px&#8221;][vc_row_inner][vc_column_inner width=&#8221;1\/4&#8243;][vc_video title=&#8221;HABITAT PROTE\u00c7\u00c3O SOLAR&#8221; link=&#8221;https:\/\/www.youtube.com\/watch?v=6RqjDqM8FT8&#8243;][\/vc_column_inner][vc_column_inner width=&#8221;1\/4&#8243;][vc_video title=&#8221;CABINE 4D VIDRO HABITAT&#8221; link=&#8221;https:\/\/www.youtube.com\/watch?v=ZjVzGX_ZD-w&#8221;][\/vc_column_inner][vc_column_inner width=&#8221;1\/4&#8243;][vc_video title=&#8221;CAMPINAS DECOR 2017 HABITAT&#8221; link=&#8221;https:\/\/www.youtube.com\/watch?v=fiSHj1Rij1M&#8221;][\/vc_column_inner][vc_column_inner width=&#8221;1\/4&#8243;][vc_video title=&#8221;VIDROS HABITAT REFLETIVO&#8221; link=&#8221;https:\/\/www.youtube.com\/watch?v=9JtVk9iWdUo&#8221;][\/vc_column_inner][\/vc_row_inner][vc_empty_space height=&#8221;20px&#8221;][vc_row_inner][vc_column_inner width=&#8221;1\/2&#8243;][vc_single_image image=&#8221;11121&#8243; border_color=&#8221;grey&#8221; img_link_large=&#8221;&#8221; img_link_target=&#8221;_self&#8221; img_size=&#8221;1200&#215;200&#8243; link=&#8221;https:\/\/api.whatsapp.com\/send?l=pt_pt&amp;phone=552198607-4647&#8243;][\/vc_column_inner][vc_column_inner width=&#8221;1\/2&#8243;][vc_column_text]\n<h1><strong>Agilize o seu atendimento\u00a0 \u00a0 \u00a0 \u00a0 \u00a0<span class=\"color_11\"><a title=\"whatsApp\" href=\"https:\/\/api.whatsapp.com\/send?l=pt_pt&amp;phone=552198607-4647\" target=\"_blank\"><img decoding=\"async\" loading=\"lazy\" class=\" alignnone\" src=\"https:\/\/static.wixstatic.com\/media\/851e20_66e0591e9e2a4e1790e05bf4949eeb37.png\/v1\/fill\/w_38,h_39,al_c,usm_0.66_1.00_0.01\/851e20_66e0591e9e2a4e1790e05bf4949eeb37.png\" alt=\"\" width=\"52\" height=\"53\" \/>|21| 98607-4647<\/a><\/span><\/strong><\/h1>\n[\/vc_column_text][\/vc_column_inner][\/vc_row_inner][vc_empty_space height=&#8221;20px&#8221;][vc_row_inner][vc_column_inner width=&#8221;1\/4&#8243;][vc_column_text]\n<h2>Solicite um\u00a0Or\u00e7amento<\/h2>\n[\/vc_column_text][vc_single_image image=&#8221;10351&#8243; border_color=&#8221;grey&#8221; img_link_large=&#8221;&#8221; img_link_target=&#8221;_self&#8221;][vc_empty_space height=&#8221;20px&#8221;][\/vc_column_inner][vc_column_inner width=&#8221;3\/4&#8243;][vc_column_text]\n<h3>Preencha o formul\u00e1rio e logo retornaremos:<\/h3>\n[\/vc_column_text]<div role=\"form\" class=\"wpcf7\" id=\"wpcf7-f8637-o1\" lang=\"pt-BR\" dir=\"ltr\">\n<div class=\"screen-reader-response\"><\/div>\n<form action=\"\/box-para-banheiros\/wp-json\/wp\/v2\/pages\/11224#wpcf7-f8637-o1\" method=\"post\" class=\"wpcf7-form\" novalidate=\"novalidate\">\n<div style=\"display: none;\">\n<input type=\"hidden\" name=\"_wpcf7\" value=\"8637\" \/>\n<input type=\"hidden\" name=\"_wpcf7_version\" value=\"4.2.2\" \/>\n<input type=\"hidden\" name=\"_wpcf7_locale\" value=\"pt_BR\" \/>\n<input type=\"hidden\" name=\"_wpcf7_unit_tag\" value=\"wpcf7-f8637-o1\" \/>\n<input type=\"hidden\" name=\"_wpnonce\" value=\"95ef52f006\" \/>\n<\/div>\n<div class=\"contact_form\">\n<div class=\"two_columns_50_50 clearfix\">\n<div class=\"column1\">\n<div class=\"column_inner\">Nome:\n<p><span class=\"wpcf7-form-control-wrap your-name\"><input type=\"text\" name=\"your-name\" value=\"\" size=\"40\" class=\"wpcf7-form-control wpcf7-text wpcf7-validates-as-required\" aria-required=\"true\" aria-invalid=\"false\" \/><\/span><\/p><\/div>\n<\/div>\n<div class=\"column2\">\n<div class=\"column_inner\">Telefone:\n<p><span class=\"wpcf7-form-control-wrap your-telefone\"><input type=\"text\" name=\"your-telefone\" value=\"\" size=\"40\" class=\"wpcf7-form-control wpcf7-text wpcf7-validates-as-required\" aria-required=\"true\" aria-invalid=\"false\" \/><\/span><\/p><\/div>\n<\/div>\n<\/div>\n<div class=\"two_columns_50_50 clearfix\">Email:\n<p><span class=\"wpcf7-form-control-wrap your-email\"><input type=\"text\" name=\"your-email\" value=\"\" size=\"40\" class=\"wpcf7-form-control wpcf7-text wpcf7-validates-as-required\" aria-required=\"true\" aria-invalid=\"false\" \/><\/span><\/p><\/div>\n<p>Mensagem:<\/p>\n<p><span class=\"wpcf7-form-control-wrap your-message\"><textarea name=\"your-message\" cols=\"40\" rows=\"10\" class=\"wpcf7-form-control wpcf7-textarea wpcf7-validates-as-required\" aria-required=\"true\" aria-invalid=\"false\"><\/textarea><\/span><\/p>\n<p><input type=\"submit\" value=\"Enviar\" class=\"wpcf7-form-control wpcf7-submit qbutton\" \/><\/p>\n<\/div>\n<p style=\"display: none !important;\" class=\"akismet-fields-container\" data-prefix=\"_wpcf7_ak_\"><label>&#916;<textarea name=\"_wpcf7_ak_hp_textarea\" cols=\"45\" rows=\"8\" maxlength=\"100\"><\/textarea><\/label><input type=\"hidden\" id=\"ak_js_1\" name=\"_wpcf7_ak_js\" value=\"3\"\/><script>document.getElementById( \"ak_js_1\" ).setAttribute( \"value\", ( new Date() ).getTime() );<\/script><\/p><div class=\"wpcf7-response-output wpcf7-display-none\"><\/div><\/form><\/div>[\/vc_column_inner][\/vc_row_inner][\/vc_column][\/vc_row][vc_row][vc_column width=&#8221;1\/1&#8243;][vc_column_text]\n<h1 style=\"text-align: center;\"><a title=\"OR\u00c7AMENTO\" href=\"http:\/\/olividros.com.br\/box-para-banheiros\/orcamento\/\" target=\"_blank\"><span style=\"color: #0094e0;\"><em><strong>\u00c1REAS DE ATENDIMENTO<\/strong><\/em><\/span><\/a><\/h1>\n[\/vc_column_text][vc_empty_space height=&#8221;10px&#8221;][vc_row_inner][vc_column_inner width=&#8221;1\/4&#8243;][vc_column_text]\n<ul>\n<li><strong>Zona Sul:<\/strong>\u00a0<strong>Botafogo<\/strong>, Humait\u00e1, Arpoador,\u00a0<strong>Catete<\/strong>,\u00a0Cosme Velho,\u00a0<strong>Copacabana<\/strong>,\u00a0<strong>Flamengo<\/strong>, G\u00e1vea, Gl\u00f3ria, Ipanema, Jardim Bot\u00e2nico, Lagoa,<strong>\u00a0Laranjeiras<\/strong>, Largo do Machado,\u00a0<strong>Leblon<\/strong>, Leme, S\u00e3o Conrado, Urca.<\/li>\n<\/ul>\n[\/vc_column_text][vc_empty_space height=&#8221;10px&#8221;][vc_column_text]\n<ul>\n<li><strong>Baixada Fluminense<\/strong>:\u00a0S\u00e3o Jo\u00e3o de Meriti, Belford Roxo, Ricardo de Albuquerque, Queimados, Nova Igua\u00e7u,<strong>\u00a0Nil\u00f3polis<\/strong>, Mesquita, Juscelino, Pavuna, \u00c9den, Vilar dos Teles.<\/li>\n<\/ul>\n[\/vc_column_text][\/vc_column_inner][vc_column_inner width=&#8221;1\/2&#8243;][vc_column_text]\n<ul>\n<li><strong>Zona Norte:<\/strong>\u00a0Aboli\u00e7\u00e3o, \u00c1gua Santa, Alto da Boa Vista, Andara\u00ed, Anchieta, Barros Filho, Benfica, Br\u00e1s de Pina, Bento Ribeiro, Bonsucesso,\u00a0<strong>Cachambi<\/strong>,\u00a0Caj\u00fa, Campo Grande, Cascadura, Cavalcante, Col\u00e9gio, Costa Barros, Coelho Neto, Coelho da Rocha, Cordovil, Del Castilho, Encantado, Engenheiro Leal, Engenho da Rainha,\u00a0<strong>Engenho de Dentro<\/strong>, Engenho Novo, Ilha do\u00a0Fund\u00e3o, Jardim Am\u00e9rica, Lins de Vasconcelos, Guadalupe, Graja\u00fa, Higien\u00f3polis,\u00a0Hon\u00f3rio Gurgel,\u00a0<strong>Ilha do Governador,<\/strong>\u00a0<strong>Inhauma<\/strong>,\u00a0<strong>Iraj\u00e1<\/strong>, Madureira, Quintino, Maracan\u00e3, Maria da Gra\u00e7a, Marechal Hermes,\u00a0<strong>M\u00e9ier<\/strong>, Olaria, Oswaldo Cruz, Padre Miguel, Pavuna, Penha, Piedade, Pilares, Ramos, Realengo, Rocha, Rocha Miranda, Riachuelo, Ricardo de Albuquerque, Sampaio, S\u00e3o Francisco Xavier, S\u00e3o Cristov\u00e3o,\u00a0<strong>Tijuca<\/strong>, Todos os Santos, Tom\u00e1s Coelho, Turia\u00e7\u00fa, Vaz Lobo, Vista Alegre, Vicente de Carvalho, Vig\u00e1rio Geral,\u00a0<strong>Vila da Penha<\/strong>,\u00a0<strong>Vila Isabel<\/strong>,\u00a0Campinhos<\/li>\n<\/ul>\n[\/vc_column_text][vc_empty_space height=&#8221;20px&#8221;][\/vc_column_inner][vc_column_inner width=&#8221;1\/4&#8243;][vc_column_text]<strong>Zona Oeste:<\/strong>\u00a0Anil, Bangu,\u00a0<strong>Barra da Tijuca<\/strong>, Freguesia,\u00a0<strong>Jacarepagu\u00e1<\/strong>, Pechincha,\u00a0<strong>Recreio<\/strong>, Sulacap, Tanque,<strong>\u00a0Taquara<\/strong>, Vargem Grande, Vargem Pequena, Vila Valqueire, Cidade de Deus, Pra\u00e7a Seca.[\/vc_column_text][vc_empty_space height=&#8221;10px&#8221;][vc_column_text]\n<ul>\n<li><strong>Centro:<\/strong>\u00a0Centro,\u00a0<strong>Santa Teresa<\/strong>, Santo Cristo,\u00a0<strong>Rio Comprido<\/strong>, Est\u00e1cio, Catumbi, Riachuelo, Pra\u00e7a da Bandeira.<\/li>\n<\/ul>\n[\/vc_column_text][\/vc_column_inner][\/vc_row_inner][\/vc_column][\/vc_row]\n","protected":false},"excerpt":{"rendered":"<p>[vc_row][vc_column width=&#8221;1\/1&#8243;][vc_single_image image=&#8221;11246&#8243; alignment=&#8221;center&#8221; border_color=&#8221;grey&#8221; img_link_large=&#8221;&#8221; img_link_target=&#8221;_self&#8221; img_size=&#8221;2400&#215;400&#8243; link=&#8221;http:\/\/olividros.com.br\/box-para-banheiros\/?p=11224&#8243;][vc_empty_space height=&#8221;30px&#8221;][vc_column_text] VIDROS HABITAT \/ PROTE\u00c7\u00c3O SOLAR PARA RESID\u00caNCIAS [\/vc_column_text][vc_column_text]VIDROS HABITAT = Prote\u00e7\u00e3o solar para resid\u00eancias VIDROS HABITAT \u00e9 uma linha de vidros para resid\u00eancias que alia conforto, prote\u00e7\u00e3o, economia, seguran\u00e7a e beleza, reduzindo em at\u00e9 70%&#8230;<\/p>\n","protected":false},"author":5,"featured_media":0,"parent":0,"menu_order":0,"comment_status":"closed","ping_status":"closed","template":"","meta":[],"_links":{"self":[{"href":"http:\/\/olividros.com.br\/box-para-banheiros\/wp-json\/wp\/v2\/pages\/11224"}],"collection":[{"href":"http:\/\/olividros.com.br\/box-para-banheiros\/wp-json\/wp\/v2\/pages"}],"about":[{"href":"http:\/\/olividros.com.br\/box-para-banheiros\/wp-json\/wp\/v2\/types\/page"}],"author":[{"embeddable":true,"href":"http:\/\/olividros.com.br\/box-para-banheiros\/wp-json\/wp\/v2\/users\/5"}],"replies":[{"embeddable":true,"href":"http:\/\/olividros.com.br\/box-para-banheiros\/wp-json\/wp\/v2\/comments?post=11224"}],"version-history":[{"count":9,"href":"http:\/\/olividros.com.br\/box-para-banheiros\/wp-json\/wp\/v2\/pages\/11224\/revisions"}],"predecessor-version":[{"id":11262,"href":"http:\/\/olividros.com.br\/box-para-banheiros\/wp-json\/wp\/v2\/pages\/11224\/revisions\/11262"}],"wp:attachment":[{"href":"http:\/\/olividros.com.br\/box-para-banheiros\/wp-json\/wp\/v2\/media?parent=11224"}],"curies":[{"name":"wp","href":"https:\/\/api.w.org\/{rel}","templated":true}]}}