{"id":10938,"date":"2017-05-26T15:04:39","date_gmt":"2017-05-26T15:04:39","guid":{"rendered":"http:\/\/olividros.com.br\/box-para-banheiros\/?page_id=10938"},"modified":"2024-02-08T11:24:29","modified_gmt":"2024-02-08T11:24:29","slug":"produtos-ideia-glass","status":"publish","type":"page","link":"http:\/\/olividros.com.br\/box-para-banheiros\/produtos-ideia-glass\/","title":{"rendered":"PRODUTOS IDEIA GLASS"},"content":{"rendered":"[vc_row][vc_column][vc_column_text]\n<h1 style=\"text-align: center;\"><a title=\"produtos ideia glass\" href=\"http:\/\/olividros.com.br\/box-para-banheiros\/%20produtos-ideia-glass \/\"><span style=\"color: #0094e0;\"><em><strong>PRODUTOS IDEIA GLASS<\/strong><\/em><\/span><\/a><\/h1>\n[\/vc_column_text][vc_empty_space height=&#8221;30px&#8221;][vc_column_text]<a href=\"http:\/\/olividros.com.br\/box-para-banheiros\/wp-content\/uploads\/2017\/05\/IDEIA-GLASS.jpg\"><img decoding=\"async\" loading=\"lazy\" class=\"alignleft size-full wp-image-11641\" src=\"http:\/\/olividros.com.br\/box-para-banheiros\/wp-content\/uploads\/2017\/05\/IDEIA-GLASS.jpg\" alt=\"IDEIA GLASS\" width=\"1200\" height=\"308\" srcset=\"http:\/\/olividros.com.br\/box-para-banheiros\/wp-content\/uploads\/2017\/05\/IDEIA-GLASS.jpg 1200w, http:\/\/olividros.com.br\/box-para-banheiros\/wp-content\/uploads\/2017\/05\/IDEIA-GLASS-300x77.jpg 300w, http:\/\/olividros.com.br\/box-para-banheiros\/wp-content\/uploads\/2017\/05\/IDEIA-GLASS-1024x263.jpg 1024w\" sizes=\"(max-width: 1200px) 100vw, 1200px\" \/><\/a>[\/vc_column_text][vc_empty_space height=&#8221;30px&#8221;][vc_column_text]\n<p style=\"text-align: center;\"><em><strong><a title=\"BOX BLINDEX elegance\" href=\"http:\/\/www.ideiaglass.com.br\" target=\"_blank\">BOX ELEGANCE IDEIA GLASS<\/a> &#8211; MODERNIDADE E SOFISTICA\u00c7\u00c3O VOC\u00ca ENCONTRA NESTE MODELO DE <a title=\"BOX BLINDEX\" href=\"http:\/\/WWW.BLINDEX.COM.BR\" target=\"_blank\">BOX<\/a>, PE\u00c7A SEM COMPROMISSO SEU OR\u00c7AMENTO. BOX ELEGANCE CROMADO EM ZAMAC, BLACK E BLACK STAR.<\/strong><\/em><\/p>\n<p>&nbsp;<\/p>\n<p style=\"text-align: justify;\"><em><strong><a title=\"olividros\" href=\"http:\/\/www.ideiaglass.com.br\" target=\"_blank\">BOX ELEGANCE IDEIA GLASS<\/a> SUA NOVA OP\u00c7\u00c3O<\/strong><\/em>: Espa\u00e7o \u00edntimo e pessoal, \u00e9 no toilette que voc\u00ea cuida de si e ainda desfruta de um ambiente s\u00f3 seu, <em><strong>BOX ELEGANCE<\/strong><\/em> \u00e9 a melhor solu\u00e7\u00e3o em box para quem valoriza modernidade e sofistica\u00e7\u00e3o.<\/p>\n<p>&nbsp;<\/p>\n<p style=\"text-align: justify;\">A novidade que a Ideia Glass trouxe para n\u00f3s \u00e9 o <em><strong><a title=\"BOX BLINDEX elegance\" href=\"http:\/\/www.ideiaglass.com.br\" target=\"_blank\">BOX ELEGANCE <\/a>BLACK<\/strong><\/em>\u00a0e\u00a0<em><strong>BOX ELEGANCE BLACK STAR<\/strong><\/em> este com cristais aplicados em sua superf\u00edcie, roldanas preto fosco, mais uma op\u00e7\u00e3o para decorar os banheiros, muito pedido por arquitetos e decoradores, veja as fotos em nossa galeria.<\/p>\n<p>&nbsp;<\/p>\n<p style=\"text-align: justify;\">Com l\u00e2minas de cristal e roldanas aparente, \u00e9 higi\u00eanico e de pr\u00e1tica instala\u00e7\u00e3o. Seu design moderno e sua altura superior aos convencionais se adaptam ao seu projeto e estilo.<\/p>\n<p>&nbsp;<\/p>\n<p style=\"text-align: justify;\">Deslize para o prazer. Escolha <em><strong>BOX ELEGANCE PARA SEU <a title=\"BOX BLINDEX elegance\" href=\"http:\/\/www.newtemper.com.br\" target=\"_blank\">BANHEIRO<\/a><\/strong><\/em>.<\/p>\n<ul>\n<li>Box Elegance Ideia Glass pre\u00e7o<b>\u2713<\/b><\/li>\n<li><i class=\"fa fa-angle-double-right\"><\/i>Box Elegance em a\u00e7o inox<b>\u2713<\/b><\/li>\n<li><i class=\"fa fa-angle-double-right\"><\/i>Box roldana aparente Ideia Glass<b>\u2713<\/b><\/li>\n<li><i class=\"fa fa-angle-double-right\"><\/i>Box para banheiro Elegance pre\u00e7o<\/li>\n<li>Box de blindex Elegance Ideia Glass<b>\u2713<\/b><\/li>\n<li><i class=\"fa fa-angle-double-right\"><\/i>Pre\u00e7o box banheiro roldana aparente<b>\u2713<\/b><\/li>\n<li><i class=\"fa fa-angle-double-right\"><\/i>Melhor pre\u00e7o de box Elegance<b>\u2713<\/b><\/li>\n<li><i class=\"fa fa-angle-double-right\"><\/i>Box Elegance Ideia Glass black<b>\u2713<\/b><\/li>\n<li>Box Elegance black pre\u00e7o<b>\u2713<\/b><\/li>\n<li><i class=\"fa fa-angle-double-right\"><\/i>Pre\u00e7o de box Elegance black star<b>\u2713<\/b><\/li>\n<li><i class=\"fa fa-angle-double-right\"><\/i>Box Elegance Ideia Glass preto<b>\u2713<\/b><\/li>\n<li><i class=\"fa fa-angle-double-right\"><\/i>Kit elegance black star<b>\u2713<\/b><\/li>\n<\/ul>\n[\/vc_column_text][vc_empty_space height=&#8221;20px&#8221;][vc_gallery type=&#8221;image_grid&#8221; interval=&#8221;3&#8243; images=&#8221;10649,10650,10652,10648&#8243; onclick=&#8221;link_image&#8221; custom_links_target=&#8221;_self&#8221; column_number=&#8221;4&#8243; img_size=&#8221;full&#8221;][vc_empty_space height=&#8221;20px&#8221;][\/vc_column][\/vc_row][vc_row][vc_column width=&#8221;1\/1&#8243;][vc_column_text]\n<p style=\"text-align: justify;\"><a title=\"box elegance due\" href=\"http:\/\/www.ideiaglass.com.br\" target=\"_blank\"><em><strong>BOX DUE IDEIA GLASS<\/strong><\/em><\/a>: Seu banheiro ter\u00e1 duas vezes mais eleg\u00e2ncia e design, o <a title=\"box blindex\" href=\"http:\/\/www.blindex.com.br\" target=\"_blank\">Box<\/a> Due \u00e9 perfeito para su\u00edtes residenciais e <a title=\"box new temper\" href=\"http:\/\/www.newtemper.com.br\" target=\"_blank\">banheiros<\/a> de tamanho m\u00e9dio a grande.<\/p>\n<p style=\"text-align: justify;\">O sistema com duas portas garante um ganho espacial e prioriza a arquitetura de seu <a title=\"box elegance due\" href=\"http:\/\/www.olividros.com.br\" target=\"_blank\">banheiro<\/a>, pode ser usado com diversos tipos de <a title=\"box de banheiros\" href=\"http:\/\/www.ovidroplano.com.br\" target=\"_blank\"><em><strong>VIDRO<\/strong><\/em><\/a>.<\/p>\n<ul>\n<li>Box Due Ideia Glass pre\u00e7o<b>\u2713<\/b><\/li>\n<li><i class=\"fa fa-angle-double-right\"><\/i>Box Due para banheiros<b>\u2713<\/b><\/li>\n<li>Box Due de vidro<b>\u2713<\/b><\/li>\n<li><i class=\"fa fa-angle-double-right\"><\/i>Box Due de blindex<b><b>\u2713<\/b><\/b><\/li>\n<li>Pre\u00e7o box blindex Due<b>\u2713<\/b><\/li>\n<li><i class=\"fa fa-angle-double-right\"><\/i>Box kit Due Ideia Glass<b>\u2713<\/b><\/li>\n<\/ul>\n[\/vc_column_text][vc_empty_space height=&#8221;20px&#8221;][vc_gallery type=&#8221;image_grid&#8221; interval=&#8221;3&#8243; images=&#8221;10946,10947,10948,10949&#8243; onclick=&#8221;link_image&#8221; custom_links_target=&#8221;_self&#8221; column_number=&#8221;4&#8243; img_size=&#8221;full&#8221;][vc_empty_space height=&#8221;20px&#8221;][\/vc_column][\/vc_row][vc_row][vc_column width=&#8221;1\/1&#8243;][vc_column_text]\n<p style=\"text-align: center;\"><em><strong><a title=\"BOX ELEGANCE\" href=\"http:\/\/boxelegance.blogspot.com.br\" target=\"_blank\">BOX FLEX IDEIA GLASS<\/a> &#8211; ESTE MODELO FOI CRIADO PARA DIVERSIFICAR OS MODELOS DE BOX EM AMBIENTES PEQUENOS, \u00c9 MAIS UM PRESENTE DADO PELA<a title=\"BOX ELEGANCE\" href=\"http:\/\/boxelegance.blogspot.com.br\" target=\"_blank\"> IDEIA GLASS<\/a>.<\/strong><\/em><\/p>\n<p>&nbsp;<\/p>\n<p style=\"text-align: justify;\"><a title=\"BOX ELEGANCE\" href=\"http:\/\/www.ideiaglass.com.br\" target=\"_blank\"><em><strong>BOX FLEX IDEIA GLASS<\/strong><\/em><\/a>: Pequeno sim, apertado jamas. Design exclusivo sem trilho superior, a solu\u00e7\u00e3o perfeita para pequenos ambientes. \u00c9 mais uma vantagem para voc\u00ea cliente especial, com o <a title=\"BOX ELEGANCE\" href=\"http:\/\/boxelegance.blogspot.com.br\" target=\"_blank\">box flex<\/a> seu custo benef\u00edcio \u00e9 garantido.<\/p>\n<ul>\n<li style=\"text-align: justify;\">Box flex Ideia Glass pre\u00e7o\u2713<\/li>\n<li style=\"text-align: justify;\">Pre\u00e7o box flex\u2713<\/li>\n<li style=\"text-align: justify;\">Box flex Ideia Glass\u2713<\/li>\n<li style=\"text-align: justify;\">Box flex em inox\u2713<\/li>\n<li style=\"text-align: justify;\">Box flex de vidro\u2713<\/li>\n<li style=\"text-align: justify;\">Box articulado flex\u2713<\/li>\n<li style=\"text-align: justify;\">Box flex para banheiros\u2713<\/li>\n<\/ul>\n[\/vc_column_text][vc_empty_space height=&#8221;20px&#8221;][vc_gallery type=&#8221;image_grid&#8221; interval=&#8221;3&#8243; images=&#8221;10619,10620,10623,10611&#8243; onclick=&#8221;link_image&#8221; custom_links_target=&#8221;_self&#8221; column_number=&#8221;4&#8243; img_size=&#8221;full&#8221;][vc_empty_space height=&#8221;20px&#8221;][\/vc_column][\/vc_row][vc_row][vc_column width=&#8221;1\/1&#8243;][vc_column_text]\n<p style=\"text-align: center;\"><em><strong><a title=\"BOX ELEGANCE\" href=\"http:\/\/www.ideiaglass.com.br\" target=\"_blank\">BOX ENCANTO IDEIA GLASS<\/a> &#8211; ESTE \u00c9 O MODELO DO BOX DE CANTO DA IDEIA GLASS COM BELEZA E SOFISTICA\u00c7\u00c3O \u00c9 O QUE EXISTE EM MAIS BELO EM BOX DE CANTO.<\/strong><\/em><\/p>\n<p>&nbsp;<\/p>\n<p style=\"text-align: justify;\"><a title=\"BOX ENCANTO IDEIA GLASS\" href=\"http:\/\/olividros.com.br\/box-para-banheiros\/box-banheiro-encanto\/\" target=\"_blank\"><em><strong>BOX ENCANTO IDEIA GLASS<\/strong><\/em><\/a>: Maravilhoso como um conto de fadas, o <a title=\"BOX ELEGANCE\" href=\"http:\/\/boxelegance.blogspot.com.br\" target=\"_blank\">box Encanto Ideia Glass<\/a> foi devidamente projetado para proporcionar \u00e0 voc\u00ea conforto, eleg\u00e2ncia e sofistica\u00e7\u00e3o, al\u00e9m da funcionalidade \u00fanica. Pe\u00e7a logo seu box Encanto a<a title=\"BOX NEW TEMPER\" href=\"http:\/\/olividros.com.br\/box-para-banheiros\/wp-admin\/post.php?post=9593&amp;action=edit\" target=\"_blank\"> <em><strong>OLIVIDROS<\/strong><\/em>.<\/a><\/p>\n<ul>\n<li style=\"text-align: justify;\">Box Encanto Ideia Glass pre\u00e7o\u2713<\/li>\n<li style=\"text-align: justify;\">Pre\u00e7o box Encanto\u2713<\/li>\n<li style=\"text-align: justify;\">Box Encanto\u00a0Ideia Glass\u2713<\/li>\n<li style=\"text-align: justify;\">Box Encanto\u00a0em inox\u2713<\/li>\n<li style=\"text-align: justify;\">Box Encanto\u00a0de vidro\u2713<\/li>\n<li style=\"text-align: justify;\">Box articulado Encanto\u2713<\/li>\n<li style=\"text-align: justify;\">Box Encanto\u00a0para banheiros\u2713<\/li>\n<\/ul>\n[\/vc_column_text][vc_empty_space height=&#8221;20px&#8221;][vc_gallery type=&#8221;image_grid&#8221; interval=&#8221;3&#8243; images=&#8221;10810,10814,10812,10815&#8243; onclick=&#8221;link_image&#8221; custom_links_target=&#8221;_self&#8221; column_number=&#8221;4&#8243; img_size=&#8221;full&#8221;][vc_empty_space height=&#8221;20px&#8221;][\/vc_column][\/vc_row][vc_row][vc_column width=&#8221;1\/1&#8243;][vc_column_text]\n<p style=\"text-align: justify;\"><a title=\"portas de blindex visioon\" href=\"http:\/\/www.ideiaglass.com.br\"><em><strong>PORTA DESLIZANTE COM ROLDANA APARENTE<\/strong><\/em><\/a>: Sua nova vis\u00e3o em portas leve e discreta, planejadas para divis\u00f3rias de ambientes, a porta <a title=\"PORTAS\" href=\"http:\/\/olividros.com.br\/box-para-banheiros\/portas\/\">VISION<\/a> \u00e9 f\u00e1cil de montar, possui um sistema \u00fanico que n\u00e3o exp\u00f5e os suportes do trilho.<\/p>\n<p>&nbsp;<\/p>\n<ul>\n<li style=\"text-align: justify;\">Deslizante de nylon, perfis e puxadores de alum\u00ednio<\/li>\n<li style=\"text-align: justify;\">Pe\u00e7as de zamak com 2 anos de garantia.<\/li>\n<\/ul>\n<p>&nbsp;<\/p>\n<p style=\"text-align: justify;\">Aten\u00e7\u00e3o: Tamanho m\u00e1ximo da porta: 1200 mm (60 kg) e m\u00ednimo: 700 mm, com vidros temperados de 08 mm e 10 mm.<br \/>\nF\u00e1cil e pr\u00e1tico e de f\u00e1cil instala\u00e7\u00e3o;<br \/>\nF\u00e1cil de Instalar;<br \/>\nQualidade aprovada no controle de qualidade Ideia Glass;<br \/>\nSatisfa\u00e7\u00e3o com nossos produtos, seu custo benef\u00edcio \u00e9 garantido.<\/p>\n<p>&nbsp;<\/p>\n<ul>\n<li style=\"text-align: justify;\"><i class=\"fa fa-angle-double-right\"><\/i>Porta vision Ideia Glass<b>\u2713<\/b><\/li>\n<li style=\"text-align: justify;\"><i class=\"fa fa-angle-double-right\"><\/i>Portas vision de correr<b>\u2713<\/b><\/li>\n<li style=\"text-align: justify;\"><i class=\"fa fa-angle-double-right\"><\/i>Porta com kit roldana aparente<b>\u2713<\/b><\/li>\n<li style=\"text-align: justify;\"><i class=\"fa fa-angle-double-right\"><\/i>Portas deslizante vision em oferta<b>\u2713<\/b><\/li>\n<\/ul>\n[\/vc_column_text][vc_empty_space height=&#8221;20px&#8221;][vc_gallery type=&#8221;image_grid&#8221; interval=&#8221;3&#8243; images=&#8221;10187,10186,10185,10184&#8243; onclick=&#8221;link_image&#8221; custom_links_target=&#8221;_self&#8221; column_number=&#8221;4&#8243; img_size=&#8221;full&#8221;][vc_empty_space height=&#8221;20px&#8221;][vc_row_inner][vc_column_inner width=&#8221;1\/2&#8243;][vc_single_image image=&#8221;11121&#8243; border_color=&#8221;grey&#8221; img_link_large=&#8221;&#8221; img_link_target=&#8221;_self&#8221; img_size=&#8221;1200&#215;200&#8243; link=&#8221;https:\/\/api.whatsapp.com\/send?phone=5521986074647&amp;text=Orcamento%20Vidracaria!&#8221;][\/vc_column_inner][vc_column_inner width=&#8221;1\/2&#8243;][vc_column_text]\n<h1><a href=\"https:\/\/api.whatsapp.com\/send?phone=5521995505345&amp;text=Orcamento%20Vidracaria!\" target=\"_blank\"><strong>Agilize o seu atendimento\u00a0 \u00a0 \u00a0 \u00a0 \u00a0<span class=\"color_11\"><img decoding=\"async\" loading=\"lazy\" class=\" alignnone\" src=\"https:\/\/static.wixstatic.com\/media\/851e20_66e0591e9e2a4e1790e05bf4949eeb37.png\/v1\/fill\/w_38,h_39,al_c,usm_0.66_1.00_0.01\/851e20_66e0591e9e2a4e1790e05bf4949eeb37.png\" alt=\"\" width=\"52\" height=\"53\" \/>|21| 99550-5345<\/span><\/strong><\/a><\/h1>\n[\/vc_column_text][vc_single_image image=&#8221;12045&#8243; alignment=&#8221;center&#8221; border_color=&#8221;grey&#8221; img_link_large=&#8221;&#8221; img_link_target=&#8221;_self&#8221; img_size=&#8221;1200&#215;300&#8243; link=&#8221;https:\/\/api.whatsapp.com\/send?phone=5521995505345&amp;text=Orcamento%20Vidracaria!&#8221;][\/vc_column_inner][\/vc_row_inner][\/vc_column][\/vc_row][vc_row][vc_column width=&#8221;1\/4&#8243;][vc_column_text]\n<h2>Solicite um\u00a0Or\u00e7amento<\/h2>\n[\/vc_column_text][vc_single_image image=&#8221;10351&#8243; border_color=&#8221;grey&#8221; img_link_large=&#8221;&#8221; img_link_target=&#8221;_self&#8221;][vc_empty_space height=&#8221;20px&#8221;][\/vc_column][vc_column width=&#8221;3\/4&#8243;][vc_column_text]\n<h3>Preencha o formul\u00e1rio e logo retornaremos:<\/h3>\n[\/vc_column_text]<div role=\"form\" class=\"wpcf7\" id=\"wpcf7-f8637-o1\" lang=\"pt-BR\" dir=\"ltr\">\n<div class=\"screen-reader-response\"><\/div>\n<form action=\"\/box-para-banheiros\/wp-json\/wp\/v2\/pages\/10938#wpcf7-f8637-o1\" method=\"post\" class=\"wpcf7-form\" novalidate=\"novalidate\">\n<div style=\"display: none;\">\n<input type=\"hidden\" name=\"_wpcf7\" value=\"8637\" \/>\n<input type=\"hidden\" name=\"_wpcf7_version\" value=\"4.2.2\" \/>\n<input type=\"hidden\" name=\"_wpcf7_locale\" value=\"pt_BR\" \/>\n<input type=\"hidden\" name=\"_wpcf7_unit_tag\" value=\"wpcf7-f8637-o1\" \/>\n<input type=\"hidden\" name=\"_wpnonce\" value=\"95ef52f006\" \/>\n<\/div>\n<div class=\"contact_form\">\n<div class=\"two_columns_50_50 clearfix\">\n<div class=\"column1\">\n<div class=\"column_inner\">Nome:\n<p><span class=\"wpcf7-form-control-wrap your-name\"><input type=\"text\" name=\"your-name\" value=\"\" size=\"40\" class=\"wpcf7-form-control wpcf7-text wpcf7-validates-as-required\" aria-required=\"true\" aria-invalid=\"false\" \/><\/span><\/p><\/div>\n<\/div>\n<div class=\"column2\">\n<div class=\"column_inner\">Telefone:\n<p><span class=\"wpcf7-form-control-wrap your-telefone\"><input type=\"text\" name=\"your-telefone\" value=\"\" size=\"40\" class=\"wpcf7-form-control wpcf7-text wpcf7-validates-as-required\" aria-required=\"true\" aria-invalid=\"false\" \/><\/span><\/p><\/div>\n<\/div>\n<\/div>\n<div class=\"two_columns_50_50 clearfix\">Email:\n<p><span class=\"wpcf7-form-control-wrap your-email\"><input type=\"text\" name=\"your-email\" value=\"\" size=\"40\" class=\"wpcf7-form-control wpcf7-text wpcf7-validates-as-required\" aria-required=\"true\" aria-invalid=\"false\" \/><\/span><\/p><\/div>\n<p>Mensagem:<\/p>\n<p><span class=\"wpcf7-form-control-wrap your-message\"><textarea name=\"your-message\" cols=\"40\" rows=\"10\" class=\"wpcf7-form-control wpcf7-textarea wpcf7-validates-as-required\" aria-required=\"true\" aria-invalid=\"false\"><\/textarea><\/span><\/p>\n<p><input type=\"submit\" value=\"Enviar\" class=\"wpcf7-form-control wpcf7-submit qbutton\" \/><\/p>\n<\/div>\n<p style=\"display: none !important;\" class=\"akismet-fields-container\" data-prefix=\"_wpcf7_ak_\"><label>&#916;<textarea name=\"_wpcf7_ak_hp_textarea\" cols=\"45\" rows=\"8\" maxlength=\"100\"><\/textarea><\/label><input type=\"hidden\" id=\"ak_js_1\" name=\"_wpcf7_ak_js\" value=\"223\"\/><script>document.getElementById( \"ak_js_1\" ).setAttribute( \"value\", ( new Date() ).getTime() );<\/script><\/p><div class=\"wpcf7-response-output wpcf7-display-none\"><\/div><\/form><\/div>[\/vc_column][\/vc_row][vc_row][vc_column width=&#8221;1\/1&#8243;][vc_column_text]\n<h1 style=\"text-align: center;\"><a title=\"OR\u00c7AMENTO\" href=\"http:\/\/olividros.com.br\/box-para-banheiros\/orcamento\/\" target=\"_blank\"><span style=\"color: #0094e0;\"><em><strong>\u00c1REAS DE ATENDIMENTO<\/strong><\/em><\/span><\/a><\/h1>\n[\/vc_column_text][vc_empty_space height=&#8221;10px&#8221;][\/vc_column][\/vc_row][vc_row][vc_column width=&#8221;1\/4&#8243;][vc_column_text]\n<ul>\n<li><strong>Zona Sul:<\/strong>\u00a0<strong>Botafogo<\/strong>, Humait\u00e1, Arpoador, <strong>Catete<\/strong>,\u00a0Cosme Velho, <strong>Copacabana<\/strong>,\u00a0<strong>Flamengo<\/strong>, G\u00e1vea, Gl\u00f3ria, Ipanema, Jardim Bot\u00e2nico, Lagoa,<strong> Laranjeiras<\/strong>, Largo do Machado, <strong>Leblon<\/strong>, Leme, S\u00e3o Conrado, Urca.<\/li>\n<\/ul>\n[\/vc_column_text][vc_empty_space height=&#8221;10px&#8221;][vc_column_text]\n<ul>\n<li><strong>Baixada Fluminense<\/strong>:\u00a0S\u00e3o Jo\u00e3o de Meriti, Belford Roxo, Ricardo de Albuquerque, Queimados, Nova Igua\u00e7u,<strong> Nil\u00f3polis<\/strong>, Mesquita, Juscelino, Pavuna, \u00c9den, Vilar dos Teles.<\/li>\n<\/ul>\n[\/vc_column_text][\/vc_column][vc_column width=&#8221;1\/2&#8243;][vc_column_text]\n<ul>\n<li><strong>Zona Norte:<\/strong> Aboli\u00e7\u00e3o, \u00c1gua Santa, Alto da Boa Vista, Andara\u00ed, Anchieta, Barros Filho, Benfica, Br\u00e1s de Pina, Bento Ribeiro, Bonsucesso,\u00a0<strong>Cachambi<\/strong>,\u00a0Caj\u00fa, Campo Grande, Cascadura, Cavalcante, Col\u00e9gio, Costa Barros, Coelho Neto, Coelho da Rocha, Cordovil, Del Castilho, Encantado, Engenheiro Leal, Engenho da Rainha, <strong>Engenho de Dentro<\/strong>, Engenho Novo, Ilha do\u00a0Fund\u00e3o, Jardim Am\u00e9rica, Lins de Vasconcelos, Guadalupe, Graja\u00fa, Higien\u00f3polis,\u00a0Hon\u00f3rio Gurgel, <strong>Ilha do Governador,<\/strong>\u00a0<strong>Inha\u00fama<\/strong>, <strong>Iraj\u00e1<\/strong>, Madureira, Quintino, Maracan\u00e3, Maria da Gra\u00e7a, Marechal Hermes,\u00a0<strong>M\u00e9ier<\/strong>, Olaria, Oswaldo Cruz, Padre Miguel, Pavuna, Penha, Piedade, Pilares, Ramos, Realengo, Rocha, Rocha Miranda, Riachuelo, Ricardo de Albuquerque, Sampaio, S\u00e3o Francisco Xavier, S\u00e3o Cristov\u00e3o,\u00a0<strong>Tijuca<\/strong>, Todos os Santos, Tom\u00e1s Coelho, Turia\u00e7\u00fa, Vaz Lobo, Vista Alegre, Vicente de Carvalho, Vig\u00e1rio Geral,\u00a0<strong>Vila da Penha<\/strong>, <strong>Vila Isabel<\/strong>,\u00a0Campinhos<\/li>\n<\/ul>\n[\/vc_column_text][vc_empty_space height=&#8221;20px&#8221;][\/vc_column][vc_column width=&#8221;1\/4&#8243;][vc_column_text]\n<ul>\n<li><strong>Zona Oeste:<\/strong> Anil, Bangu,\u00a0<strong>Barra da Tijuca<\/strong>, Freguesia, <strong>Jacarepagu\u00e1<\/strong>, Pechincha, <strong>Recreio<\/strong>, Sulacap, Tanque,<strong> Taquara<\/strong>, Vargem Grande, Vargem Pequena, Vila Valqueire, Cidade de Deus, Pra\u00e7a Seca.<\/li>\n<\/ul>\n[\/vc_column_text][vc_empty_space height=&#8221;10px&#8221;][vc_column_text]\n<ul>\n<li><strong>Centro:<\/strong> Centro, <strong>Santa Teresa<\/strong>, Santo Cristo, <strong>Rio Comprido<\/strong>, Est\u00e1cio, Catumbi, Riachuelo, Pra\u00e7a da Bandeira.<\/li>\n<\/ul>\n[\/vc_column_text][\/vc_column][\/vc_row][vc_row][vc_column width=&#8221;1\/1&#8243;][vc_facebook type=&#8221;button_count&#8221;][\/vc_column][\/vc_row]\n","protected":false},"excerpt":{"rendered":"<p>[vc_row][vc_column][vc_column_text] PRODUTOS IDEIA GLASS [\/vc_column_text][vc_empty_space height=&#8221;30px&#8221;][vc_column_text][\/vc_column_text][vc_empty_space height=&#8221;30px&#8221;][vc_column_text] BOX ELEGANCE IDEIA GLASS &#8211; MODERNIDADE E SOFISTICA\u00c7\u00c3O VOC\u00ca ENCONTRA NESTE MODELO DE BOX, PE\u00c7A SEM COMPROMISSO SEU OR\u00c7AMENTO. BOX ELEGANCE CROMADO EM ZAMAC, BLACK E BLACK STAR. &nbsp; BOX ELEGANCE IDEIA GLASS SUA NOVA OP\u00c7\u00c3O: Espa\u00e7o \u00edntimo&#8230;<\/p>\n","protected":false},"author":5,"featured_media":0,"parent":0,"menu_order":0,"comment_status":"closed","ping_status":"closed","template":"","meta":[],"_links":{"self":[{"href":"http:\/\/olividros.com.br\/box-para-banheiros\/wp-json\/wp\/v2\/pages\/10938"}],"collection":[{"href":"http:\/\/olividros.com.br\/box-para-banheiros\/wp-json\/wp\/v2\/pages"}],"about":[{"href":"http:\/\/olividros.com.br\/box-para-banheiros\/wp-json\/wp\/v2\/types\/page"}],"author":[{"embeddable":true,"href":"http:\/\/olividros.com.br\/box-para-banheiros\/wp-json\/wp\/v2\/users\/5"}],"replies":[{"embeddable":true,"href":"http:\/\/olividros.com.br\/box-para-banheiros\/wp-json\/wp\/v2\/comments?post=10938"}],"version-history":[{"count":13,"href":"http:\/\/olividros.com.br\/box-para-banheiros\/wp-json\/wp\/v2\/pages\/10938\/revisions"}],"predecessor-version":[{"id":12117,"href":"http:\/\/olividros.com.br\/box-para-banheiros\/wp-json\/wp\/v2\/pages\/10938\/revisions\/12117"}],"wp:attachment":[{"href":"http:\/\/olividros.com.br\/box-para-banheiros\/wp-json\/wp\/v2\/media?parent=10938"}],"curies":[{"name":"wp","href":"https:\/\/api.w.org\/{rel}","templated":true}]}}